{"id":10,"date":"2026-05-05T22:17:23","date_gmt":"2026-05-05T20:17:23","guid":{"rendered":"http:\/\/dermavita.tn\/?page_id=10"},"modified":"2026-05-08T05:52:12","modified_gmt":"2026-05-08T03:52:12","slug":"panier","status":"publish","type":"page","link":"https:\/\/dermavita.tn\/?page_id=10","title":{"rendered":"Panier"},"content":{"rendered":"\n<div data-block-name=\"woocommerce\/cart\" class=\"wp-block-woocommerce-cart alignwide is-loading\">\n<div data-block-name=\"woocommerce\/filled-cart-block\" class=\"wp-block-woocommerce-filled-cart-block\">\n<div data-block-name=\"woocommerce\/cart-items-block\" class=\"wp-block-woocommerce-cart-items-block\">\n<div data-block-name=\"woocommerce\/cart-line-items-block\" class=\"wp-block-woocommerce-cart-line-items-block\"><\/div>\n\n\n<\/div>\n\n\n\n\n<div data-block-name=\"woocommerce\/cart-totals-block\" class=\"wp-block-woocommerce-cart-totals-block\">\n<div data-block-name=\"woocommerce\/cart-order-summary-block\" class=\"wp-block-woocommerce-cart-order-summary-block\">\n<div data-block-name=\"woocommerce\/cart-order-summary-heading-block\" class=\"wp-block-woocommerce-cart-order-summary-heading-block\"><\/div><div data-block-name=\"woocommerce\/cart-order-summary-coupon-form-block\" class=\"wp-block-woocommerce-cart-order-summary-coupon-form-block\"><\/div><div data-block-name=\"woocommerce\/cart-order-summary-totals-block\" class=\"wp-block-woocommerce-cart-order-summary-totals-block\">\n<div data-block-name=\"woocommerce\/cart-order-summary-subtotal-block\" class=\"wp-block-woocommerce-cart-order-summary-subtotal-block\"><\/div>\n<div data-block-name=\"woocommerce\/cart-order-summary-discount-block\" class=\"wp-block-woocommerce-cart-order-summary-discount-block\"><\/div>\n<div data-block-name=\"woocommerce\/cart-order-summary-fee-block\" class=\"wp-block-woocommerce-cart-order-summary-fee-block\"><\/div>\n<div data-block-name=\"woocommerce\/cart-order-summary-shipping-block\" class=\"wp-block-woocommerce-cart-order-summary-shipping-block\"><\/div>\n<div data-block-name=\"woocommerce\/cart-order-summary-taxes-block\" class=\"wp-block-woocommerce-cart-order-summary-taxes-block\"><\/div><\/div>\n<\/div>\n\n\n\n<div data-block-name=\"woocommerce\/cart-express-payment-block\" class=\"wp-block-woocommerce-cart-express-payment-block\"><\/div>\n\n\n\n<div data-block-name=\"woocommerce\/proceed-to-checkout-block\" class=\"wp-block-woocommerce-proceed-to-checkout-block\"><\/div>\n\n\n\n<div data-block-name=\"woocommerce\/cart-accepted-payment-methods-block\" class=\"wp-block-woocommerce-cart-accepted-payment-methods-block\"><\/div>\n<\/div>\n<\/div>\n\n\n\n<div data-block-name=\"woocommerce\/empty-cart-block\" class=\"wp-block-woocommerce-empty-cart-block\">\n<h2 class=\"wp-block-heading has-text-align-center with-empty-cart-icon wc-block-cart__empty-cart__title\">Votre panier est actuellement vide\u00a0!<\/h2>\n\n\n\n<hr class=\"wp-block-separator has-alpha-channel-opacity is-style-dots\"\/>\n\n\n\n<h2 class=\"wp-block-heading has-text-align-center\">Nouveau dans la boutique<\/h2>\n\n\n<div data-block-name=\"woocommerce\/product-new\" data-columns=\"4\" data-rows=\"1\" class=\"wc-block-grid wp-block-product-new wp-block-woocommerce-product-new wc-block-product-new has-4-columns\"><ul class=\"wc-block-grid__products\"><li class=\"wc-block-grid__product product-grid \">\n\t\t\t\t<div class=\"loop-image-wrap botiga-add-to-cart-button-layout3\">\n\t\t\t\t\t<a href=\"https:\/\/dermavita.tn\/?product=masseur-de-cou\" class=\"wc-block-grid__product-link\" title=\"Ajouter au panier\">\n\t\t\t\t\t\t<div class=\"wc-block-grid__product-image\"><img loading=\"lazy\" decoding=\"async\" width=\"420\" height=\"420\" src=\"https:\/\/dermavita.tn\/wp-content\/uploads\/2026\/05\/WhatsApp-Image-2026-05-13-at-18.23.19-420x420.jpeg\" class=\"attachment-woocommerce_thumbnail size-woocommerce_thumbnail\" alt=\"Masseur de cou\" srcset=\"https:\/\/dermavita.tn\/wp-content\/uploads\/2026\/05\/WhatsApp-Image-2026-05-13-at-18.23.19-420x420.jpeg 420w, https:\/\/dermavita.tn\/wp-content\/uploads\/2026\/05\/WhatsApp-Image-2026-05-13-at-18.23.19-300x300.jpeg 300w, https:\/\/dermavita.tn\/wp-content\/uploads\/2026\/05\/WhatsApp-Image-2026-05-13-at-18.23.19-150x150.jpeg 150w, https:\/\/dermavita.tn\/wp-content\/uploads\/2026\/05\/WhatsApp-Image-2026-05-13-at-18.23.19-768x768.jpeg 768w, https:\/\/dermavita.tn\/wp-content\/uploads\/2026\/05\/WhatsApp-Image-2026-05-13-at-18.23.19-920x920.jpeg 920w, https:\/\/dermavita.tn\/wp-content\/uploads\/2026\/05\/WhatsApp-Image-2026-05-13-at-18.23.19-575x575.jpeg 575w, https:\/\/dermavita.tn\/wp-content\/uploads\/2026\/05\/WhatsApp-Image-2026-05-13-at-18.23.19-380x380.jpeg 380w, https:\/\/dermavita.tn\/wp-content\/uploads\/2026\/05\/WhatsApp-Image-2026-05-13-at-18.23.19-800x800.jpeg 800w, https:\/\/dermavita.tn\/wp-content\/uploads\/2026\/05\/WhatsApp-Image-2026-05-13-at-18.23.19-100x100.jpeg 100w, https:\/\/dermavita.tn\/wp-content\/uploads\/2026\/05\/WhatsApp-Image-2026-05-13-at-18.23.19.jpeg 1024w\" sizes=\"auto, (max-width: 420px) 100vw, 420px\" \/><\/div>\n\t\t\t\t\t<\/a><div class=\"loop-button-wrap button-width-auto button-layout3 \"><a href=\"\/index.php?rest_route=%2Fwp%2Fv2%2Fpages%2F10&#038;add-to-cart=201\" aria-label=\"Ajouter au panier\u00a0: &ldquo;Masseur de cou&rdquo;\" data-quantity=\"1\" data-product_id=\"201\" data-product_sku=\"\" rel=\"nofollow\" class=\"button wp-block-button__link add_to_cart_button ajax_add_to_cart\">Ajouter au panier<\/a><\/div><\/div><a href=\"https:\/\/dermavita.tn\/?product=masseur-de-cou\" class=\"wc-block-grid__product-link\">\n\t\t\t\t\t<div class=\"wc-block-grid__product-title\">Masseur de cou<\/div>\n\t\t\t\t<\/a><div class=\"wc-block-grid__product-price price\"><span class=\"woocommerce-Price-amount amount\"><span class=\"woocommerce-Price-currencySymbol\">&#x62f;.&#x62a;<\/span>&nbsp;37,000<\/span><\/div><\/li><li class=\"wc-block-grid__product product-grid \">\n\t\t\t\t<div class=\"loop-image-wrap botiga-add-to-cart-button-layout3\">\n\t\t\t\t\t<a href=\"https:\/\/dermavita.tn\/?product=la-roche-posay-serum-mela-b3\" class=\"wc-block-grid__product-link\" title=\"Ajouter au panier\">\n\t\t\t\t\t\t<div class=\"wc-block-grid__product-image\"><img loading=\"lazy\" decoding=\"async\" width=\"420\" height=\"420\" src=\"https:\/\/dermavita.tn\/wp-content\/uploads\/2026\/05\/69f1e446dca51-1777460294-420x420.jpg\" class=\"attachment-woocommerce_thumbnail size-woocommerce_thumbnail\" alt=\"La roche Posay  SERUM Mela B3\" srcset=\"https:\/\/dermavita.tn\/wp-content\/uploads\/2026\/05\/69f1e446dca51-1777460294-420x420.jpg 420w, https:\/\/dermavita.tn\/wp-content\/uploads\/2026\/05\/69f1e446dca51-1777460294-150x150.jpg 150w, https:\/\/dermavita.tn\/wp-content\/uploads\/2026\/05\/69f1e446dca51-1777460294-100x100.jpg 100w\" sizes=\"auto, (max-width: 420px) 100vw, 420px\" \/><\/div>\n\t\t\t\t\t<\/a><span class=\"onsale\">Sale!<\/span><div class=\"loop-button-wrap button-width-auto button-layout3 \"><a href=\"\/index.php?rest_route=%2Fwp%2Fv2%2Fpages%2F10&#038;add-to-cart=198\" aria-label=\"Ajouter au panier\u00a0: &ldquo;La roche Posay  SERUM Mela B3&rdquo;\" data-quantity=\"1\" data-product_id=\"198\" data-product_sku=\"\" rel=\"nofollow\" class=\"button wp-block-button__link add_to_cart_button ajax_add_to_cart\">Ajouter au panier<\/a><\/div><\/div><a href=\"https:\/\/dermavita.tn\/?product=la-roche-posay-serum-mela-b3\" class=\"wc-block-grid__product-link\">\n\t\t\t\t\t<div class=\"wc-block-grid__product-title\">La roche Posay  SERUM Mela B3<\/div>\n\t\t\t\t<\/a><div class=\"wc-block-grid__product-price price\"><del aria-hidden=\"true\"><span class=\"woocommerce-Price-amount amount\"><span class=\"woocommerce-Price-currencySymbol\">&#x62f;.&#x62a;<\/span>&nbsp;152,000<\/span><\/del> <span class=\"screen-reader-text\">Le prix initial \u00e9tait\u00a0: &#x62f;.&#x62a;&nbsp;152,000.<\/span><ins aria-hidden=\"true\"><span class=\"woocommerce-Price-amount amount\"><span class=\"woocommerce-Price-currencySymbol\">&#x62f;.&#x62a;<\/span>&nbsp;75,000<\/span><\/ins><span class=\"screen-reader-text\">Le prix actuel est\u00a0: &#x62f;.&#x62a;&nbsp;75,000.<\/span><\/div><\/li><li class=\"wc-block-grid__product product-grid \">\n\t\t\t\t<div class=\"loop-image-wrap botiga-add-to-cart-button-layout3\">\n\t\t\t\t\t<a href=\"https:\/\/dermavita.tn\/?product=duo-avene-creme-minerale-tres-haute-protection-spf-50\" class=\"wc-block-grid__product-link\" title=\"Ajouter au panier\">\n\t\t\t\t\t\t<div class=\"wc-block-grid__product-image\"><img loading=\"lazy\" decoding=\"async\" width=\"420\" height=\"420\" src=\"https:\/\/dermavita.tn\/wp-content\/uploads\/2026\/05\/WhatsApp-Image-2026-05-12-at-23.09.33-420x420.jpeg\" class=\"attachment-woocommerce_thumbnail size-woocommerce_thumbnail\" alt=\"DUO Av\u00e8ne \u2013 Cr\u00e8me Min\u00e9rale Tr\u00e8s Haute Protection SPF 50+\" srcset=\"https:\/\/dermavita.tn\/wp-content\/uploads\/2026\/05\/WhatsApp-Image-2026-05-12-at-23.09.33-420x420.jpeg 420w, https:\/\/dermavita.tn\/wp-content\/uploads\/2026\/05\/WhatsApp-Image-2026-05-12-at-23.09.33-150x150.jpeg 150w, https:\/\/dermavita.tn\/wp-content\/uploads\/2026\/05\/WhatsApp-Image-2026-05-12-at-23.09.33-100x100.jpeg 100w\" sizes=\"auto, (max-width: 420px) 100vw, 420px\" \/><\/div>\n\t\t\t\t\t<\/a><span class=\"onsale\">Sale!<\/span><div class=\"loop-button-wrap button-width-auto button-layout3 \"><a href=\"\/index.php?rest_route=%2Fwp%2Fv2%2Fpages%2F10&#038;add-to-cart=196\" aria-label=\"Ajouter au panier\u00a0: &ldquo;DUO Av\u00e8ne \u2013 Cr\u00e8me Min\u00e9rale Tr\u00e8s Haute Protection SPF 50+&rdquo;\" data-quantity=\"1\" data-product_id=\"196\" data-product_sku=\"\" rel=\"nofollow\" class=\"button wp-block-button__link add_to_cart_button ajax_add_to_cart\">Ajouter au panier<\/a><\/div><\/div><a href=\"https:\/\/dermavita.tn\/?product=duo-avene-creme-minerale-tres-haute-protection-spf-50\" class=\"wc-block-grid__product-link\">\n\t\t\t\t\t<div class=\"wc-block-grid__product-title\">DUO Av\u00e8ne \u2013 Cr\u00e8me Min\u00e9rale Tr\u00e8s Haute Protection SPF 50+<\/div>\n\t\t\t\t<\/a><div class=\"wc-block-grid__product-price price\"><del aria-hidden=\"true\"><span class=\"woocommerce-Price-amount amount\"><span class=\"woocommerce-Price-currencySymbol\">&#x62f;.&#x62a;<\/span>&nbsp;118,000<\/span><\/del> <span class=\"screen-reader-text\">Le prix initial \u00e9tait\u00a0: &#x62f;.&#x62a;&nbsp;118,000.<\/span><ins aria-hidden=\"true\"><span class=\"woocommerce-Price-amount amount\"><span class=\"woocommerce-Price-currencySymbol\">&#x62f;.&#x62a;<\/span>&nbsp;71,000<\/span><\/ins><span class=\"screen-reader-text\">Le prix actuel est\u00a0: &#x62f;.&#x62a;&nbsp;71,000.<\/span><\/div><\/li><li class=\"wc-block-grid__product product-grid \">\n\t\t\t\t<div class=\"loop-image-wrap botiga-add-to-cart-button-layout3\">\n\t\t\t\t\t<a href=\"https:\/\/dermavita.tn\/?product=duo-effaclar-peau-nette-sans-imperfections\" class=\"wc-block-grid__product-link\" title=\"Ajouter au panier\">\n\t\t\t\t\t\t<div class=\"wc-block-grid__product-image\"><img loading=\"lazy\" decoding=\"async\" width=\"420\" height=\"420\" src=\"https:\/\/dermavita.tn\/wp-content\/uploads\/2026\/05\/WhatsApp-Image-2026-05-08-at-01.25.02-420x420.jpeg\" class=\"attachment-woocommerce_thumbnail size-woocommerce_thumbnail\" alt=\"Duo Effaclar \u2014 Peau Nette &amp; Sans Imperfections\" srcset=\"https:\/\/dermavita.tn\/wp-content\/uploads\/2026\/05\/WhatsApp-Image-2026-05-08-at-01.25.02-420x420.jpeg 420w, https:\/\/dermavita.tn\/wp-content\/uploads\/2026\/05\/WhatsApp-Image-2026-05-08-at-01.25.02-150x150.jpeg 150w, https:\/\/dermavita.tn\/wp-content\/uploads\/2026\/05\/WhatsApp-Image-2026-05-08-at-01.25.02-100x100.jpeg 100w\" sizes=\"auto, (max-width: 420px) 100vw, 420px\" \/><\/div>\n\t\t\t\t\t<\/a><span class=\"onsale\">Sale!<\/span><div class=\"loop-button-wrap button-width-auto button-layout3 \"><a href=\"\/index.php?rest_route=%2Fwp%2Fv2%2Fpages%2F10&#038;add-to-cart=174\" aria-label=\"Ajouter au panier\u00a0: &ldquo;Duo Effaclar \u2014 Peau Nette &amp; Sans Imperfections&rdquo;\" data-quantity=\"1\" data-product_id=\"174\" data-product_sku=\"\" rel=\"nofollow\" class=\"button wp-block-button__link add_to_cart_button ajax_add_to_cart\">Ajouter au panier<\/a><\/div><\/div><a href=\"https:\/\/dermavita.tn\/?product=duo-effaclar-peau-nette-sans-imperfections\" class=\"wc-block-grid__product-link\">\n\t\t\t\t\t<div class=\"wc-block-grid__product-title\">Duo Effaclar \u2014 Peau Nette &amp; Sans Imperfections<\/div>\n\t\t\t\t<\/a><div class=\"wc-block-grid__product-price price\"><del aria-hidden=\"true\"><span class=\"woocommerce-Price-amount amount\"><span class=\"woocommerce-Price-currencySymbol\">&#x62f;.&#x62a;<\/span>&nbsp;111,000<\/span><\/del> <span class=\"screen-reader-text\">Le prix initial \u00e9tait\u00a0: &#x62f;.&#x62a;&nbsp;111,000.<\/span><ins aria-hidden=\"true\"><span class=\"woocommerce-Price-amount amount\"><span class=\"woocommerce-Price-currencySymbol\">&#x62f;.&#x62a;<\/span>&nbsp;70,000<\/span><\/ins><span class=\"screen-reader-text\">Le prix actuel est\u00a0: &#x62f;.&#x62a;&nbsp;70,000.<\/span><\/div><\/li><\/ul><\/div><\/div>\n<\/div>\n","protected":false},"excerpt":{"rendered":"","protected":false},"author":1,"featured_media":0,"parent":0,"menu_order":0,"comment_status":"closed","ping_status":"closed","template":"","meta":{"footnotes":""},"class_list":["post-10","page","type-page","status-publish","hentry"],"_links":{"self":[{"href":"https:\/\/dermavita.tn\/index.php?rest_route=\/wp\/v2\/pages\/10","targetHints":{"allow":["GET"]}}],"collection":[{"href":"https:\/\/dermavita.tn\/index.php?rest_route=\/wp\/v2\/pages"}],"about":[{"href":"https:\/\/dermavita.tn\/index.php?rest_route=\/wp\/v2\/types\/page"}],"author":[{"embeddable":true,"href":"https:\/\/dermavita.tn\/index.php?rest_route=\/wp\/v2\/users\/1"}],"replies":[{"embeddable":true,"href":"https:\/\/dermavita.tn\/index.php?rest_route=%2Fwp%2Fv2%2Fcomments&post=10"}],"version-history":[{"count":1,"href":"https:\/\/dermavita.tn\/index.php?rest_route=\/wp\/v2\/pages\/10\/revisions"}],"predecessor-version":[{"id":14,"href":"https:\/\/dermavita.tn\/index.php?rest_route=\/wp\/v2\/pages\/10\/revisions\/14"}],"wp:attachment":[{"href":"https:\/\/dermavita.tn\/index.php?rest_route=%2Fwp%2Fv2%2Fmedia&parent=10"}],"curies":[{"name":"wp","href":"https:\/\/api.w.org\/{rel}","templated":true}]}}