{"id":102,"date":"2026-05-06T22:40:16","date_gmt":"2026-05-06T20:40:16","guid":{"rendered":"https:\/\/dermavita.tn\/?post_type=product&#038;p=102"},"modified":"2026-05-06T22:40:16","modified_gmt":"2026-05-06T20:40:16","slug":"acm-azeane-creme-a-lacide-azelaique-15-30ml","status":"publish","type":"product","link":"https:\/\/dermavita.tn\/?product=acm-azeane-creme-a-lacide-azelaique-15-30ml","title":{"rendered":"ACM Az\u00e9ane \u2013 Cr\u00e8me \u00e0 l\u2019Acide Az\u00e9la\u00efque 15% (30ml)"},"content":{"rendered":"<p>Un soin dermatologique multi-action haute performance. Gr\u00e2ce \u00e0 sa concentration de 15% en acide az\u00e9la\u00efque, elle traite simultan\u00e9ment les imperfections, les taches brunes et les rougeurs.<br \/>\n* B\u00e9n\u00e9fices : Teint uniforme, peau apais\u00e9e et grain de peau affin\u00e9.<br \/>\n* Texture : Cr\u00e8me l\u00e9g\u00e8re, absorption rapide<\/p>\n<p style=\"text-align: right;\">\u0628\u062a\u0631\u0643\u064a\u0632 15% \u0645\u0646 \u062d\u0645\u0636 \u0627\u0644\u0623\u0632\u064a\u0644\u064a\u0643. \u064a\u0639\u0645\u0644 \u0628\u0641\u0639\u0627\u0644\u064a\u0629 \u062b\u0644\u0627\u062b\u064a\u0629 \u0639\u0644\u0649 \u0639\u0644\u0627\u062c \u0627\u0644\u0634\u0648\u0627\u0626\u0628 (\u0627\u0644\u062d\u0628\u0648\u0628)\u060c \u0627\u0644\u0628\u0642\u0639 \u0627\u0644\u0628\u0646\u064a\u0629\u060c \u0648\u0627\u062d\u0645\u0631\u0627\u0631 \u0627\u0644\u0628\u0634\u0631\u0629.<br \/>\n* \u0627\u0644\u0641\u0648\u0627\u0626\u062f: \u062a\u0648\u062d\u064a\u062f \u0644\u0648\u0646 \u0627\u0644\u0628\u0634\u0631\u0629\u060c \u0645\u0644\u0645\u0633 \u0646\u0627\u0639\u0645\u060c \u0648\u062a\u0647\u062f\u0626\u0629 \u0627\u0644\u062a\u0647\u064a\u062c.<br \/>\n* \u0627\u0644\u0642\u0648\u0627\u0645: \u0643\u0631\u064a\u0645 \u062e\u0641\u064a\u0641 \u0648\u0633\u0631\u064a\u0639 \u0627\u0644\u0627\u0645\u062a\u0635\u0627\u0635.<\/p>\n","protected":false},"excerpt":{"rendered":"<p>Un soin dermatologique multi-action haute performance. Gr\u00e2ce \u00e0 sa concentration de 15% en acide az\u00e9la\u00efque, elle traite simultan\u00e9ment les imperfections, les taches brunes et les rougeurs. * B\u00e9n\u00e9fices : Teint [&hellip;]<\/p>\n","protected":false},"featured_media":103,"comment_status":"open","ping_status":"closed","template":"","meta":[],"product_brand":[],"product_cat":[27],"product_tag":[],"class_list":{"0":"post-102","1":"product","2":"type-product","3":"status-publish","4":"has-post-thumbnail","6":"product_cat-traitements-serums","8":"first","9":"instock","10":"sale","11":"shipping-taxable","12":"purchasable","13":"product-type-simple"},"_links":{"self":[{"href":"https:\/\/dermavita.tn\/index.php?rest_route=\/wp\/v2\/product\/102","targetHints":{"allow":["GET"]}}],"collection":[{"href":"https:\/\/dermavita.tn\/index.php?rest_route=\/wp\/v2\/product"}],"about":[{"href":"https:\/\/dermavita.tn\/index.php?rest_route=\/wp\/v2\/types\/product"}],"replies":[{"embeddable":true,"href":"https:\/\/dermavita.tn\/index.php?rest_route=%2Fwp%2Fv2%2Fcomments&post=102"}],"wp:featuredmedia":[{"embeddable":true,"href":"https:\/\/dermavita.tn\/index.php?rest_route=\/wp\/v2\/media\/103"}],"wp:attachment":[{"href":"https:\/\/dermavita.tn\/index.php?rest_route=%2Fwp%2Fv2%2Fmedia&parent=102"}],"wp:term":[{"taxonomy":"product_brand","embeddable":true,"href":"https:\/\/dermavita.tn\/index.php?rest_route=%2Fwp%2Fv2%2Fproduct_brand&post=102"},{"taxonomy":"product_cat","embeddable":true,"href":"https:\/\/dermavita.tn\/index.php?rest_route=%2Fwp%2Fv2%2Fproduct_cat&post=102"},{"taxonomy":"product_tag","embeddable":true,"href":"https:\/\/dermavita.tn\/index.php?rest_route=%2Fwp%2Fv2%2Fproduct_tag&post=102"}],"curies":[{"name":"wp","href":"https:\/\/api.w.org\/{rel}","templated":true}]}}