{"id":104,"date":"2026-05-06T23:11:25","date_gmt":"2026-05-06T21:11:25","guid":{"rendered":"https:\/\/dermavita.tn\/?post_type=product&#038;p=104"},"modified":"2026-05-06T23:11:25","modified_gmt":"2026-05-06T21:11:25","slug":"la-roche-posay-effaclar-gel-moussant-purifiant-200ml","status":"publish","type":"product","link":"https:\/\/dermavita.tn\/?product=la-roche-posay-effaclar-gel-moussant-purifiant-200ml","title":{"rendered":"La Roche-Posay Effaclar \u2013 Gel Moussant Purifiant (200ml)"},"content":{"rendered":"<p>Le nettoyant culte pour les peaux grasses et sensibles \u00e0 tendance acn\u00e9ique. Il \u00e9limine les impuret\u00e9s et l&rsquo;exc\u00e8s de s\u00e9bum tout en respectant le pH de la peau. Gr\u00e2ce \u00e0 la nouvelle science du microbiome, il laisse la peau propre et fra\u00eeche sans l&rsquo;irriter.<br \/>\n* B\u00e9n\u00e9fices : Purifie en douceur, r\u00e9duit les imperfections et les points noirs.<br \/>\n* Texture : Gel moussant l\u00e9ger.<\/p>\n<p style=\"text-align: right;\">\u0627\u0644\u0645\u0635\u0645\u0645 \u0644\u0644\u0628\u0634\u0631\u0629 \u0627\u0644\u062f\u0647\u0646\u064a\u0629 \u0648\u0627\u0644\u062d\u0633\u0627\u0633\u0629 \u0627\u0644\u0645\u0639\u0631\u0636\u0629 \u0644\u062d\u0628 \u0627\u0644\u0634\u0628\u0627\u0628. \u064a\u0646\u0638\u0641 \u0627\u0644\u0628\u0634\u0631\u0629 \u0628\u0639\u0645\u0642\u060c \u064a\u0632\u064a\u0644 \u0627\u0644\u0634\u0648\u0627\u0626\u0628 \u0648\u0627\u0644\u062f\u0647\u0648\u0646 \u0627\u0644\u0632\u0627\u0626\u062f\u0629 \u0645\u0639 \u0627\u0644\u062d\u0641\u0627\u0638 \u0639\u0644\u0649 \u062a\u0648\u0627\u0632\u0646 \u062f\u0631\u062c\u0629 \u0627\u0644\u062d\u0645\u0648\u0636\u0629 (pH). \u0645\u062f\u0639\u0648\u0645 \u0628\u0639\u0644\u0645 \u0627\u0644\u0645\u064a\u0643\u0631\u0648\u0628\u064a\u0648\u0645 \u0644\u0636\u0645\u0627\u0646 \u0628\u0634\u0631\u0629 \u0646\u0638\u064a\u0641\u0629 \u0648\u0645\u0646\u062a\u0639\u0634\u0629 \u062f\u0648\u0646 \u062a\u0647\u064a\u062c.<br \/>\n* \u0627\u0644\u0641\u0648\u0627\u0626\u062f: \u064a\u0646\u0642\u064a \u0627\u0644\u0628\u0634\u0631\u0629 \u0628\u0644\u0637\u0641\u060c \u064a\u0642\u0644\u0644 \u0645\u0646 \u0627\u0644\u0639\u064a\u0648\u0628 \u0648\u0627\u0644\u0631\u0624\u0648\u0633 \u0627\u0644\u0633\u0648\u062f\u0627\u0621.<br \/>\n* \u0627\u0644\u0642\u0648\u0627\u0645: \u062c\u0644 \u0631\u063a\u0648\u064a \u062e\u0641\u064a\u0641.<\/p>\n","protected":false},"excerpt":{"rendered":"<p>Le nettoyant culte pour les peaux grasses et sensibles \u00e0 tendance acn\u00e9ique. Il \u00e9limine les impuret\u00e9s et l&rsquo;exc\u00e8s de s\u00e9bum tout en respectant le pH de la peau. Gr\u00e2ce \u00e0 [&hellip;]<\/p>\n","protected":false},"featured_media":105,"comment_status":"open","ping_status":"closed","template":"","meta":[],"product_brand":[],"product_cat":[17],"product_tag":[],"class_list":{"0":"post-104","1":"product","2":"type-product","3":"status-publish","4":"has-post-thumbnail","6":"product_cat-nettoyage-du-visage","8":"first","9":"instock","10":"shipping-taxable","11":"purchasable","12":"product-type-simple"},"_links":{"self":[{"href":"https:\/\/dermavita.tn\/index.php?rest_route=\/wp\/v2\/product\/104","targetHints":{"allow":["GET"]}}],"collection":[{"href":"https:\/\/dermavita.tn\/index.php?rest_route=\/wp\/v2\/product"}],"about":[{"href":"https:\/\/dermavita.tn\/index.php?rest_route=\/wp\/v2\/types\/product"}],"replies":[{"embeddable":true,"href":"https:\/\/dermavita.tn\/index.php?rest_route=%2Fwp%2Fv2%2Fcomments&post=104"}],"wp:featuredmedia":[{"embeddable":true,"href":"https:\/\/dermavita.tn\/index.php?rest_route=\/wp\/v2\/media\/105"}],"wp:attachment":[{"href":"https:\/\/dermavita.tn\/index.php?rest_route=%2Fwp%2Fv2%2Fmedia&parent=104"}],"wp:term":[{"taxonomy":"product_brand","embeddable":true,"href":"https:\/\/dermavita.tn\/index.php?rest_route=%2Fwp%2Fv2%2Fproduct_brand&post=104"},{"taxonomy":"product_cat","embeddable":true,"href":"https:\/\/dermavita.tn\/index.php?rest_route=%2Fwp%2Fv2%2Fproduct_cat&post=104"},{"taxonomy":"product_tag","embeddable":true,"href":"https:\/\/dermavita.tn\/index.php?rest_route=%2Fwp%2Fv2%2Fproduct_tag&post=104"}],"curies":[{"name":"wp","href":"https:\/\/api.w.org\/{rel}","templated":true}]}}