{"id":106,"date":"2026-05-06T23:19:16","date_gmt":"2026-05-06T21:19:16","guid":{"rendered":"https:\/\/dermavita.tn\/?post_type=product&#038;p=106"},"modified":"2026-05-12T23:29:34","modified_gmt":"2026-05-12T21:29:34","slug":"la-roche-posay-hyalu-b5-serum-reparateur-repulpant-30ml","status":"publish","type":"product","link":"https:\/\/dermavita.tn\/?product=la-roche-posay-hyalu-b5-serum-reparateur-repulpant-30ml","title":{"rendered":"La Roche-Posay Hyalu B5 \u2013 S\u00e9rum R\u00e9parateur Repulpant (30ml)"},"content":{"rendered":"<p>Le s\u00e9rum correcteur anti-rides de r\u00e9f\u00e9rence qui associe deux types d&rsquo;acides hyaluroniques purs et de la vitamine B5. Il repulpe imm\u00e9diatement la peau, r\u00e9pare la barri\u00e8re cutan\u00e9e et r\u00e9duit visiblement les rides.<br \/>\n* B\u00e9n\u00e9fices : Peau plus souple, teint frais et \u00e9clatant, rides liss\u00e9es.<\/p>\n<p>Actifs Principaux<br \/>\n* Acide Hyaluronique (Duo) : Deux poids mol\u00e9culaires diff\u00e9rents pour hydrater en surface et repulper en profondeur.<br \/>\n* Vitamine B5 (Panth\u00e9nol) : Reconnue pour ses propri\u00e9t\u00e9s apaisantes et r\u00e9paratrices sur la barri\u00e8re cutan\u00e9e.<br \/>\n* Mad\u00e9cassoside : Extrait de la plante Centella Asiatica, il aide \u00e0 combler les rides en raffermissant la peau de l&rsquo;int\u00e9rieur.<\/p>\n<p style=\"text-align: right;\">\u0633\u064a\u0631\u0648\u0645 \u0645\u0635\u062d\u062d \u0648\u0645\u0642\u0627\u0648\u0645 \u0644\u0644\u062a\u062c\u0627\u0639\u064a\u062f \u064a\u062c\u0645\u0639 \u0628\u064a\u0646 \u0646\u0648\u0639\u064a\u0646 \u0645\u0646 \u062d\u0645\u0636 \u0627\u0644\u0647\u064a\u0627\u0644\u0648\u0631\u0648\u0646\u064a\u0643 \u0627\u0644\u0646\u0642\u064a \u0645\u0639 \u0641\u064a\u062a\u0627\u0645\u064a\u0646 B5. \u064a\u0639\u0645\u0644 \u0639\u0644\u0649 \u0645\u0644\u0621 \u0627\u0644\u0628\u0634\u0631\u0629 \u0641\u0648\u0631\u0627\u064b\u060c \u062a\u0631\u0645\u064a\u0645 \u062d\u0627\u062c\u0632 \u0627\u0644\u062c\u0644\u062f \u0648\u062a\u0642\u0644\u064a\u0644 \u0627\u0644\u062a\u062c\u0627\u0639\u064a\u062f \u0628\u0634\u0643\u0644 \u0645\u0644\u062d\u0648\u0638.* \u0627\u0644\u0641\u0648\u0627\u0626\u062f: \u0628\u0634\u0631\u0629 \u0623\u0643\u062b\u0631 \u0645\u0631\u0648\u0646\u0629 \u0648\u0646\u0639\u0648\u0645\u0629\u060c \u0645\u0638\u0647\u0631 \u0645\u0645\u062a\u0644\u0626\u060c \u0648\u0646\u0636\u0627\u0631\u0629 \u0641\u0648\u0631\u064a\u0629<\/p>\n<p style=\"text-align: right;\">* \u062d\u0645\u0636 \u0627\u0644\u0647\u064a\u0627\u0644\u0648\u0631\u0648\u0646\u064a\u0643 (\u062b\u0646\u0627\u0626\u064a \u0627\u0644\u0645\u0641\u0639\u0648\u0644): \u062c\u0632\u064a\u0626\u0627\u062a \u0645\u0632\u062f\u0648\u062c\u0629 \u0644\u062a\u0631\u0637\u064a\u0628 \u0627\u0644\u0633\u0637\u062d \u0648\u0645\u0644\u0621 \u0627\u0644\u0628\u0634\u0631\u0629 \u0645\u0646 \u0627\u0644\u0639\u0645\u0642.<br \/>\n* \u0641\u064a\u062a\u0627\u0645\u064a\u0646 B5 (\u0628\u0627\u0646\u062b\u064a\u0646\u0648\u0644): \u0645\u0639\u0631\u0648\u0641 \u0628\u062e\u0635\u0627\u0626\u0635\u0647 \u0627\u0644\u0645\u0647\u062f\u0626\u0629 \u0648\u0627\u0644\u0645\u0631\u0645\u0645\u0629 \u0644\u062d\u0627\u062c\u0632 \u0627\u0644\u0628\u0634\u0631\u0629 \u0627\u0644\u0637\u0628\u064a\u0639\u064a.<br \/>\n* \u0645\u0627\u062f\u064a\u0643\u0627\u0633\u0648\u0633\u064a\u062f: \u0645\u0633\u062a\u062e\u0644\u0635 \u0645\u0646 \u0646\u0628\u062a\u0629 \u00ab\u00a0\u0633\u0646\u062a\u064a\u0644\u0627 \u0623\u0633\u064a\u0627\u062a\u064a\u0643\u0627\u00a0\u00bb\u060c \u064a\u0633\u0627\u0639\u062f \u0641\u064a \u0645\u0644\u0621 \u0627\u0644\u062a\u062c\u0627\u0639\u064a\u062f \u0648\u0634\u062f \u0627\u0644\u0628\u0634\u0631\u0629..<\/p>\n<p>&nbsp;<\/p>\n","protected":false},"excerpt":{"rendered":"<p>Le s\u00e9rum correcteur anti-rides de r\u00e9f\u00e9rence qui associe deux types d&rsquo;acides hyaluroniques purs et de la vitamine B5. Il repulpe imm\u00e9diatement la peau, r\u00e9pare la barri\u00e8re cutan\u00e9e et r\u00e9duit visiblement [&hellip;]<\/p>\n","protected":false},"featured_media":107,"comment_status":"open","ping_status":"closed","template":"","meta":[],"product_brand":[],"product_cat":[27],"product_tag":[],"class_list":{"0":"post-106","1":"product","2":"type-product","3":"status-publish","4":"has-post-thumbnail","6":"product_cat-traitements-serums","8":"first","9":"instock","10":"sale","11":"shipping-taxable","12":"purchasable","13":"product-type-simple"},"_links":{"self":[{"href":"https:\/\/dermavita.tn\/index.php?rest_route=\/wp\/v2\/product\/106","targetHints":{"allow":["GET"]}}],"collection":[{"href":"https:\/\/dermavita.tn\/index.php?rest_route=\/wp\/v2\/product"}],"about":[{"href":"https:\/\/dermavita.tn\/index.php?rest_route=\/wp\/v2\/types\/product"}],"replies":[{"embeddable":true,"href":"https:\/\/dermavita.tn\/index.php?rest_route=%2Fwp%2Fv2%2Fcomments&post=106"}],"wp:featuredmedia":[{"embeddable":true,"href":"https:\/\/dermavita.tn\/index.php?rest_route=\/wp\/v2\/media\/107"}],"wp:attachment":[{"href":"https:\/\/dermavita.tn\/index.php?rest_route=%2Fwp%2Fv2%2Fmedia&parent=106"}],"wp:term":[{"taxonomy":"product_brand","embeddable":true,"href":"https:\/\/dermavita.tn\/index.php?rest_route=%2Fwp%2Fv2%2Fproduct_brand&post=106"},{"taxonomy":"product_cat","embeddable":true,"href":"https:\/\/dermavita.tn\/index.php?rest_route=%2Fwp%2Fv2%2Fproduct_cat&post=106"},{"taxonomy":"product_tag","embeddable":true,"href":"https:\/\/dermavita.tn\/index.php?rest_route=%2Fwp%2Fv2%2Fproduct_tag&post=106"}],"curies":[{"name":"wp","href":"https:\/\/api.w.org\/{rel}","templated":true}]}}