{"id":108,"date":"2026-05-06T23:23:13","date_gmt":"2026-05-06T21:23:13","guid":{"rendered":"https:\/\/dermavita.tn\/?post_type=product&#038;p=108"},"modified":"2026-05-06T23:23:13","modified_gmt":"2026-05-06T21:23:13","slug":"acm-rosakalm-creme-anti-rougeurs-40ml","status":"publish","type":"product","link":"https:\/\/dermavita.tn\/?product=acm-rosakalm-creme-anti-rougeurs-40ml","title":{"rendered":"ACM Rosakalm \u2013 Cr\u00e8me Anti-Rougeurs (40ml)"},"content":{"rendered":"<p>Un soin apaisant con\u00e7u pour les peaux sensibles et r\u00e9actives sujettes aux rougeurs (couperose). Elle diminue l&rsquo;intensit\u00e9 des rougeurs, hydrate et procure une sensation de fra\u00eecheur imm\u00e9diate d\u00e8s l&rsquo;application.<br \/>\n* B\u00e9n\u00e9fices : Apaise les \u00e9chauffements, unifie le teint et redonne du confort \u00e0 la peau<\/p>\n<p style=\"text-align: right;\">\u0643\u0631\u064a\u0645 \u0645\u0647\u062f\u0626 \u0645\u062e\u0635\u0635 \u0644\u0644\u0628\u0634\u0631\u0629 \u0627\u0644\u062d\u0633\u0627\u0633\u0629 \u0648\u0627\u0644\u0645\u062a\u0641\u0627\u0639\u0644\u0629 \u0627\u0644\u062a\u064a \u062a\u0639\u0627\u0646\u064a \u0645\u0646 \u0627\u0644\u0627\u062d\u0645\u0631\u0627\u0631 (\u0627\u0644\u0648\u0631\u062f\u064a\u0629). \u064a\u0639\u0645\u0644 \u0639\u0644\u0649 \u062a\u0642\u0644\u064a\u0644 \u062d\u062f\u0629 \u0627\u0644\u0627\u062d\u0645\u0631\u0627\u0631\u060c \u064a\u0631\u0637\u0628 \u0627\u0644\u0628\u0634\u0631\u0629 \u0648\u064a\u0648\u0641\u0631 \u0634\u0639\u0648\u0631\u0627\u064b \u0641\u0648\u0631\u064a\u0627\u064b \u0628\u0627\u0644\u0627\u0646\u062a\u0639\u0627\u0634 \u0648\u0627\u0644\u0631\u0627\u062d\u0629 \u0639\u0646\u062f \u0627\u0644\u0627\u0633\u062a\u062e\u062f\u0627\u0645.<br \/>\n* \u0627\u0644\u0641\u0648\u0627\u0626\u062f: \u064a\u0647\u062f\u0626 \u062a\u0647\u064a\u062c \u0627\u0644\u0628\u0634\u0631\u0629\u060c \u064a\u0648\u062d\u062f \u0644\u0648\u0646\u0647\u0627 \u0648\u064a\u0639\u064a\u062f \u0644\u0647\u0627 \u0645\u0631\u0648\u0646\u062a\u0647\u0627 \u0648\u0631\u0627\u062d\u062a\u0647\u0627.<\/p>\n","protected":false},"excerpt":{"rendered":"<p>Un soin apaisant con\u00e7u pour les peaux sensibles et r\u00e9actives sujettes aux rougeurs (couperose). Elle diminue l&rsquo;intensit\u00e9 des rougeurs, hydrate et procure une sensation de fra\u00eecheur imm\u00e9diate d\u00e8s l&rsquo;application. * [&hellip;]<\/p>\n","protected":false},"featured_media":109,"comment_status":"open","ping_status":"closed","template":"","meta":[],"product_brand":[],"product_cat":[27],"product_tag":[],"class_list":{"0":"post-108","1":"product","2":"type-product","3":"status-publish","4":"has-post-thumbnail","6":"product_cat-traitements-serums","8":"first","9":"instock","10":"shipping-taxable","11":"purchasable","12":"product-type-simple"},"_links":{"self":[{"href":"https:\/\/dermavita.tn\/index.php?rest_route=\/wp\/v2\/product\/108","targetHints":{"allow":["GET"]}}],"collection":[{"href":"https:\/\/dermavita.tn\/index.php?rest_route=\/wp\/v2\/product"}],"about":[{"href":"https:\/\/dermavita.tn\/index.php?rest_route=\/wp\/v2\/types\/product"}],"replies":[{"embeddable":true,"href":"https:\/\/dermavita.tn\/index.php?rest_route=%2Fwp%2Fv2%2Fcomments&post=108"}],"wp:featuredmedia":[{"embeddable":true,"href":"https:\/\/dermavita.tn\/index.php?rest_route=\/wp\/v2\/media\/109"}],"wp:attachment":[{"href":"https:\/\/dermavita.tn\/index.php?rest_route=%2Fwp%2Fv2%2Fmedia&parent=108"}],"wp:term":[{"taxonomy":"product_brand","embeddable":true,"href":"https:\/\/dermavita.tn\/index.php?rest_route=%2Fwp%2Fv2%2Fproduct_brand&post=108"},{"taxonomy":"product_cat","embeddable":true,"href":"https:\/\/dermavita.tn\/index.php?rest_route=%2Fwp%2Fv2%2Fproduct_cat&post=108"},{"taxonomy":"product_tag","embeddable":true,"href":"https:\/\/dermavita.tn\/index.php?rest_route=%2Fwp%2Fv2%2Fproduct_tag&post=108"}],"curies":[{"name":"wp","href":"https:\/\/api.w.org\/{rel}","templated":true}]}}