{"id":113,"date":"2026-05-07T01:25:58","date_gmt":"2026-05-06T23:25:58","guid":{"rendered":"https:\/\/dermavita.tn\/?post_type=product&#038;p=113"},"modified":"2026-05-07T01:25:58","modified_gmt":"2026-05-06T23:25:58","slug":"cerave-gel-moussant-nettoyant-236ml","status":"publish","type":"product","link":"https:\/\/dermavita.tn\/?product=cerave-gel-moussant-nettoyant-236ml","title":{"rendered":"CeraVe \u2013 Gel Moussant Nettoyant (236ml)"},"content":{"rendered":"<p>D\u00e9velopp\u00e9 avec des dermatologues, ce gel moussant est con\u00e7u pour les peaux normales \u00e0 grasses. Il nettoie et \u00e9limine l&rsquo;exc\u00e8s de s\u00e9bum sans alt\u00e9rer la barri\u00e8re protectrice de la peau.<br \/>\n* Actifs Cl\u00e9s : 3 c\u00e9ramides essentiels, acide hyaluronique et niacinamide (pour apaiser).<\/p>\n<p style=\"text-align: right;\">\u063a\u0633\u0648\u0644 \u0631\u063a\u0648\u064a \u0645\u0637\u0648\u0631 \u0645\u0646 \u0642\u0628\u0644 \u062e\u0628\u0631\u0627\u0621 \u0627\u0644\u062c\u0644\u062f\u060c \u0645\u062e\u0635\u0635 \u0644\u0644\u0628\u0634\u0631\u0629 \u0627\u0644\u0639\u0627\u062f\u064a\u0629 \u0625\u0644\u0649 \u0627\u0644\u062f\u0647\u0646\u064a\u0629. \u064a\u0646\u0638\u0641 \u0627\u0644\u0628\u0634\u0631\u0629 \u0648\u064a\u0632\u064a\u0644 \u0627\u0644\u0632\u064a\u0648\u062a \u0627\u0644\u0632\u0627\u0626\u062f\u0629 \u0628\u0639\u0645\u0642 \u062f\u0648\u0646 \u0627\u0644\u0645\u0633\u0627\u0633 \u0628\u0627\u0644\u062d\u0627\u062c\u0632 \u0627\u0644\u0648\u0627\u0642\u064a \u0627\u0644\u0637\u0628\u064a\u0639\u064a \u0644\u0644\u062c\u0644\u062f.<br \/>\n* \u0627\u0644\u0645\u0643\u0648\u0646\u0627\u062a \u0627\u0644\u0623\u0633\u0627\u0633\u064a\u0629: 3 \u0633\u064a\u0631\u0627\u0645\u064a\u062f\u0627\u062a \u0623\u0633\u0627\u0633\u064a\u0629\u060c \u062d\u0645\u0636 \u0627\u0644\u0647\u064a\u0627\u0644\u0648\u0631\u0648\u0646\u064a\u0643\u060c \u0648\u0646\u064a\u0627\u0633\u064a\u0646\u0627\u0645\u064a\u062f (\u0644\u062a\u0647\u062f\u0626\u0629 \u0627\u0644\u0628\u0634\u0631\u0629).<\/p>\n","protected":false},"excerpt":{"rendered":"<p>D\u00e9velopp\u00e9 avec des dermatologues, ce gel moussant est con\u00e7u pour les peaux normales \u00e0 grasses. Il nettoie et \u00e9limine l&rsquo;exc\u00e8s de s\u00e9bum sans alt\u00e9rer la barri\u00e8re protectrice de la peau. [&hellip;]<\/p>\n","protected":false},"featured_media":114,"comment_status":"open","ping_status":"closed","template":"","meta":[],"product_brand":[],"product_cat":[17],"product_tag":[],"class_list":{"0":"post-113","1":"product","2":"type-product","3":"status-publish","4":"has-post-thumbnail","6":"product_cat-nettoyage-du-visage","8":"first","9":"instock","10":"shipping-taxable","11":"purchasable","12":"product-type-simple"},"_links":{"self":[{"href":"https:\/\/dermavita.tn\/index.php?rest_route=\/wp\/v2\/product\/113","targetHints":{"allow":["GET"]}}],"collection":[{"href":"https:\/\/dermavita.tn\/index.php?rest_route=\/wp\/v2\/product"}],"about":[{"href":"https:\/\/dermavita.tn\/index.php?rest_route=\/wp\/v2\/types\/product"}],"replies":[{"embeddable":true,"href":"https:\/\/dermavita.tn\/index.php?rest_route=%2Fwp%2Fv2%2Fcomments&post=113"}],"wp:featuredmedia":[{"embeddable":true,"href":"https:\/\/dermavita.tn\/index.php?rest_route=\/wp\/v2\/media\/114"}],"wp:attachment":[{"href":"https:\/\/dermavita.tn\/index.php?rest_route=%2Fwp%2Fv2%2Fmedia&parent=113"}],"wp:term":[{"taxonomy":"product_brand","embeddable":true,"href":"https:\/\/dermavita.tn\/index.php?rest_route=%2Fwp%2Fv2%2Fproduct_brand&post=113"},{"taxonomy":"product_cat","embeddable":true,"href":"https:\/\/dermavita.tn\/index.php?rest_route=%2Fwp%2Fv2%2Fproduct_cat&post=113"},{"taxonomy":"product_tag","embeddable":true,"href":"https:\/\/dermavita.tn\/index.php?rest_route=%2Fwp%2Fv2%2Fproduct_tag&post=113"}],"curies":[{"name":"wp","href":"https:\/\/api.w.org\/{rel}","templated":true}]}}