{"id":115,"date":"2026-05-07T01:31:52","date_gmt":"2026-05-06T23:31:52","guid":{"rendered":"https:\/\/dermavita.tn\/?post_type=product&#038;p=115"},"modified":"2026-05-07T01:31:52","modified_gmt":"2026-05-06T23:31:52","slug":"cerave-sa-gel-nettoyant-anti-rugosites-236ml","status":"publish","type":"product","link":"https:\/\/dermavita.tn\/?product=cerave-sa-gel-nettoyant-anti-rugosites-236ml","title":{"rendered":"CeraVe SA \u2013 Gel Nettoyant Anti-Rugosit\u00e9s (236ml)"},"content":{"rendered":"<p>Le nettoyant indispensable pour lisser les peaux s\u00e8ches, rugueuses et squameuses. Sa formule unique exfolie en douceur sans grains irritants, gr\u00e2ce \u00e0 l&rsquo;acide salicylique, pour \u00e9liminer les impuret\u00e9s et lisser le grain de peau tout en prot\u00e9geant la barri\u00e8re cutan\u00e9e.<\/p>\n<p>Actifs Principaux : Acide Salicylique (exfoliant), 3 c\u00e9ramides essentiels et Acide Hyaluronique.<\/p>\n<p style=\"text-align: right;\">\u0627\u0644\u0645\u0646\u0638\u0641 \u0627\u0644\u0645\u062b\u0627\u0644\u064a \u0644\u062a\u0646\u0639\u064a\u0645 \u0627\u0644\u0628\u0634\u0631\u0629 \u0627\u0644\u062c\u0627\u0641\u0629\u060c \u0627\u0644\u062e\u0634\u0646\u0629 \u0648\u0627\u0644\u062a\u064a \u062a\u0639\u0627\u0646\u064a \u0645\u0646 \u0627\u0644\u0642\u0634\u0648\u0631. \u062a\u0631\u0643\u064a\u0628\u062a\u0647 \u0627\u0644\u0641\u0631\u064a\u062f\u0629 \u062a\u0639\u0645\u0644 \u0639\u0644\u0649 \u062a\u0642\u0634\u064a\u0631 \u0627\u0644\u0628\u0634\u0631\u0629 \u0628\u0644\u0637\u0641 \u062f\u0648\u0646 \u0627\u0644\u062d\u0627\u062c\u0629 \u0625\u0644\u0649 \u062d\u0628\u064a\u0628\u0627\u062a \u0642\u0627\u0633\u064a\u0629\u060c \u0628\u0641\u0636\u0644 \u062d\u0645\u0636 \u0627\u0644\u0633\u0627\u0644\u064a\u0633\u064a\u0644\u064a\u0643\u060c \u0645\u0645\u0627 \u064a\u0633\u0627\u0639\u062f \u0639\u0644\u0649 \u0625\u0632\u0627\u0644\u0629 \u0627\u0644\u0634\u0648\u0627\u0626\u0628 \u0648\u062a\u0646\u0639\u064a\u0645 \u0645\u0644\u0645\u0633 \u0627\u0644\u062c\u0644\u062f \u0645\u0639 \u062d\u0645\u0627\u064a\u0629 \u062d\u0627\u062c\u0632\u0647 \u0627\u0644\u0637\u0628\u064a\u0639\u064a.<\/p>\n<p style=\"text-align: right;\">\u0627\u0644\u0645\u0643\u0648\u0646\u0627\u062a \u0627\u0644\u0641\u0639\u0627\u0644\u0629: \u062d\u0645\u0636 \u0627\u0644\u0633\u0627\u0644\u064a\u0633\u064a\u0644\u064a\u0643 (\u0645\u0642\u0634\u0631 \u0644\u0637\u064a\u0641)\u060c 3 \u0633\u064a\u0631\u0627\u0645\u064a\u062f\u0627\u062a \u0623\u0633\u0627\u0633\u064a\u0629 \u0648\u062d\u0645\u0636 \u0627\u0644\u0647\u064a\u0627\u0644\u0648\u0631\u0648\u0646\u064a\u0643.<\/p>\n","protected":false},"excerpt":{"rendered":"<p>Le nettoyant indispensable pour lisser les peaux s\u00e8ches, rugueuses et squameuses. Sa formule unique exfolie en douceur sans grains irritants, gr\u00e2ce \u00e0 l&rsquo;acide salicylique, pour \u00e9liminer les impuret\u00e9s et lisser [&hellip;]<\/p>\n","protected":false},"featured_media":116,"comment_status":"open","ping_status":"closed","template":"","meta":[],"product_brand":[],"product_cat":[17],"product_tag":[],"class_list":{"0":"post-115","1":"product","2":"type-product","3":"status-publish","4":"has-post-thumbnail","6":"product_cat-nettoyage-du-visage","8":"first","9":"instock","10":"shipping-taxable","11":"purchasable","12":"product-type-simple"},"_links":{"self":[{"href":"https:\/\/dermavita.tn\/index.php?rest_route=\/wp\/v2\/product\/115","targetHints":{"allow":["GET"]}}],"collection":[{"href":"https:\/\/dermavita.tn\/index.php?rest_route=\/wp\/v2\/product"}],"about":[{"href":"https:\/\/dermavita.tn\/index.php?rest_route=\/wp\/v2\/types\/product"}],"replies":[{"embeddable":true,"href":"https:\/\/dermavita.tn\/index.php?rest_route=%2Fwp%2Fv2%2Fcomments&post=115"}],"wp:featuredmedia":[{"embeddable":true,"href":"https:\/\/dermavita.tn\/index.php?rest_route=\/wp\/v2\/media\/116"}],"wp:attachment":[{"href":"https:\/\/dermavita.tn\/index.php?rest_route=%2Fwp%2Fv2%2Fmedia&parent=115"}],"wp:term":[{"taxonomy":"product_brand","embeddable":true,"href":"https:\/\/dermavita.tn\/index.php?rest_route=%2Fwp%2Fv2%2Fproduct_brand&post=115"},{"taxonomy":"product_cat","embeddable":true,"href":"https:\/\/dermavita.tn\/index.php?rest_route=%2Fwp%2Fv2%2Fproduct_cat&post=115"},{"taxonomy":"product_tag","embeddable":true,"href":"https:\/\/dermavita.tn\/index.php?rest_route=%2Fwp%2Fv2%2Fproduct_tag&post=115"}],"curies":[{"name":"wp","href":"https:\/\/api.w.org\/{rel}","templated":true}]}}