{"id":117,"date":"2026-05-07T01:36:25","date_gmt":"2026-05-06T23:36:25","guid":{"rendered":"https:\/\/dermavita.tn\/?post_type=product&#038;p=117"},"modified":"2026-05-07T01:36:25","modified_gmt":"2026-05-06T23:36:25","slug":"sadoer-creme-mains-au-collagene-30g","status":"publish","type":"product","link":"https:\/\/dermavita.tn\/?product=sadoer-creme-mains-au-collagene-30g","title":{"rendered":"SADOER \u2013 Cr\u00e8me Mains au Collag\u00e8ne (30g)"},"content":{"rendered":"<p>Une cr\u00e8me mains anti-\u00e2ge enrichie en collag\u00e8ne actif. Sa formule avanc\u00e9e hydrate intens\u00e9ment, raffermit la peau et aide \u00e0 r\u00e9duire l&rsquo;apparence des ridules sur les mains. Elle p\u00e9n\u00e8tre rapidement pour laisser les mains douces, lisses et prot\u00e9g\u00e9es.<br \/>\n* B\u00e9n\u00e9fices : R\u00e9pare les mains s\u00e8ches, am\u00e9liore l&rsquo;\u00e9lasticit\u00e9 et adoucit instantan\u00e9ment.<br \/>\n* Texture : L\u00e9g\u00e8re, non grasse et absorption rapide.<\/p>\n<p style=\"text-align: right;\">\u0643\u0631\u064a\u0645 \u0644\u0644\u064a\u062f\u064a\u0646 \u0645\u0636\u0627\u062f \u0644\u0639\u0644\u0627\u0645\u0627\u062a \u0627\u0644\u0634\u064a\u062e\u0648\u062e\u0629 \u063a\u0646\u064a \u0628\u0627\u0644\u0643\u0648\u0644\u0627\u062c\u064a\u0646 \u0627\u0644\u0641\u0639\u0627\u0644. \u062a\u0639\u0645\u0644 \u062a\u0631\u0643\u064a\u0628\u062a\u0647 \u0627\u0644\u0645\u062a\u0642\u062f\u0645\u0629 \u0639\u0644\u0649 \u062a\u0631\u0637\u064a\u0628 \u0627\u0644\u064a\u062f\u064a\u0646 \u0628\u0639\u0645\u0642\u060c \u0634\u062f \u0627\u0644\u062c\u0644\u062f\u060c \u0648\u0627\u0644\u0645\u0633\u0627\u0639\u062f\u0629 \u0641\u064a \u062a\u0642\u0644\u064a\u0644 \u0638\u0647\u0648\u0631 \u0627\u0644\u062e\u0637\u0648\u0637 \u0627\u0644\u062f\u0642\u064a\u0642\u0629. \u064a\u0645\u062a\u0635 \u0628\u0633\u0631\u0639\u0629 \u0644\u064a\u062a\u0631\u0643 \u064a\u062f\u064a\u0643 \u0646\u0627\u0639\u0645\u062a\u064a\u0646 \u0648\u0645\u062d\u0645\u064a\u062a\u064a\u0646.<br \/>\n* \u0627\u0644\u0641\u0648\u0627\u0626\u062f : \u064a\u0631\u0645\u0645 \u0627\u0644\u0623\u064a\u062f\u064a \u0627\u0644\u062c\u0627\u0641\u0629\u060c \u064a\u062d\u0633\u0646 \u0645\u0631\u0648\u0646\u0629 \u0627\u0644\u062c\u0644\u062f \u0648\u064a\u0645\u0646\u062d \u0646\u0639\u0648\u0645\u0629 \u0641\u0648\u0631\u064a\u0629.<br \/>\n* \u0627\u0644\u0642\u0648\u0627\u0645 : \u062e\u0641\u064a\u0641\u060c \u063a\u064a\u0631 \u062f\u0647\u0646\u064a \u0648\u0633\u0631\u064a\u0639 \u0627\u0644\u0627\u0645\u0635\u0627\u0635.<\/p>\n","protected":false},"excerpt":{"rendered":"<p>Une cr\u00e8me mains anti-\u00e2ge enrichie en collag\u00e8ne actif. Sa formule avanc\u00e9e hydrate intens\u00e9ment, raffermit la peau et aide \u00e0 r\u00e9duire l&rsquo;apparence des ridules sur les mains. Elle p\u00e9n\u00e8tre rapidement pour [&hellip;]<\/p>\n","protected":false},"featured_media":118,"comment_status":"open","ping_status":"closed","template":"","meta":[],"product_brand":[],"product_cat":[20],"product_tag":[],"class_list":{"0":"post-117","1":"product","2":"type-product","3":"status-publish","4":"has-post-thumbnail","6":"product_cat-collagene-anti-age","8":"first","9":"instock","10":"shipping-taxable","11":"purchasable","12":"product-type-simple"},"_links":{"self":[{"href":"https:\/\/dermavita.tn\/index.php?rest_route=\/wp\/v2\/product\/117","targetHints":{"allow":["GET"]}}],"collection":[{"href":"https:\/\/dermavita.tn\/index.php?rest_route=\/wp\/v2\/product"}],"about":[{"href":"https:\/\/dermavita.tn\/index.php?rest_route=\/wp\/v2\/types\/product"}],"replies":[{"embeddable":true,"href":"https:\/\/dermavita.tn\/index.php?rest_route=%2Fwp%2Fv2%2Fcomments&post=117"}],"wp:featuredmedia":[{"embeddable":true,"href":"https:\/\/dermavita.tn\/index.php?rest_route=\/wp\/v2\/media\/118"}],"wp:attachment":[{"href":"https:\/\/dermavita.tn\/index.php?rest_route=%2Fwp%2Fv2%2Fmedia&parent=117"}],"wp:term":[{"taxonomy":"product_brand","embeddable":true,"href":"https:\/\/dermavita.tn\/index.php?rest_route=%2Fwp%2Fv2%2Fproduct_brand&post=117"},{"taxonomy":"product_cat","embeddable":true,"href":"https:\/\/dermavita.tn\/index.php?rest_route=%2Fwp%2Fv2%2Fproduct_cat&post=117"},{"taxonomy":"product_tag","embeddable":true,"href":"https:\/\/dermavita.tn\/index.php?rest_route=%2Fwp%2Fv2%2Fproduct_tag&post=117"}],"curies":[{"name":"wp","href":"https:\/\/api.w.org\/{rel}","templated":true}]}}