{"id":120,"date":"2026-05-07T02:17:25","date_gmt":"2026-05-07T00:17:25","guid":{"rendered":"https:\/\/dermavita.tn\/?post_type=product&#038;p=120"},"modified":"2026-05-07T02:17:25","modified_gmt":"2026-05-07T00:17:25","slug":"acm-sensitelial-gel-nettoyant-surgras-200ml","status":"publish","type":"product","link":"https:\/\/dermavita.tn\/?product=acm-sensitelial-gel-nettoyant-surgras-200ml","title":{"rendered":"ACM Sensit\u00e9lial \u2013 Gel Nettoyant Surgras (200ml)"},"content":{"rendered":"<p>Un nettoyant ultra-doux con\u00e7u sp\u00e9cifiquement pour les peaux s\u00e8ches ou \u00e0 tendance atopique. Ce gel nettoie le visage et le corps sans agresser la peau tout en restaurant son film hydrolipidique. Il apaise imm\u00e9diatement les sensations de tiraillement.<br \/>\n* B\u00e9n\u00e9fices : Nettoie en douceur, relipide la peau et apporte un confort imm\u00e9diat.<\/p>\n<p style=\"text-align: right;\">\u063a\u0633\u0648\u0644 \u0641\u0627\u0626\u0642 \u0627\u0644\u0644\u0637\u0627\u0641\u0629 \u0645\u0635\u0645\u0645 \u062e\u0635\u064a\u0635\u0627\u064b \u0644\u0644\u0628\u0634\u0631\u0629 \u0627\u0644\u062c\u0627\u0641\u0629 \u0623\u0648 \u0627\u0644\u0645\u0639\u0631\u0636\u0629 \u0644\u0644\u0623\u0643\u0632\u064a\u0645\u0627. \u064a\u0646\u0638\u0641 \u0627\u0644\u0648\u062c\u0647 \u0648\u0627\u0644\u062c\u0633\u0645 \u062f\u0648\u0646 \u062a\u0647\u064a\u062c\u060c \u0645\u0639 \u0627\u0644\u062d\u0641\u0627\u0638 \u0639\u0644\u0649 \u062a\u0631\u0637\u064a\u0628 \u0627\u0644\u0628\u0634\u0631\u0629 \u0627\u0644\u0637\u0628\u064a\u0639\u064a \u0648\u062a\u0631\u0645\u064a\u0645 \u062d\u0627\u062c\u0632\u0647\u0627 \u0627\u0644\u0648\u0627\u0642\u064a. \u064a\u0647\u062f\u0626 \u0627\u0644\u0625\u062d\u0633\u0627\u0633 \u0628\u0627\u0644\u062d\u0643\u0629 \u0648\u0627\u0644\u0634\u062f \u0641\u0648\u0631\u0627\u064b.<br \/>\n* \u0627\u0644\u0641\u0648\u0627\u0626\u062f: \u064a\u0646\u0638\u0641 \u0628\u0644\u0637\u0641\u060c \u064a\u0639\u0648\u0636 \u0646\u0642\u0635 \u0627\u0644\u062f\u0647\u0648\u0646 \u0641\u064a \u0627\u0644\u0628\u0634\u0631\u0629 \u0648\u064a\u0648\u0641\u0631 \u0631\u0627\u062d\u0629 \u0641\u0648\u0631\u064a\u0629.<\/p>\n","protected":false},"excerpt":{"rendered":"<p>Un nettoyant ultra-doux con\u00e7u sp\u00e9cifiquement pour les peaux s\u00e8ches ou \u00e0 tendance atopique. Ce gel nettoie le visage et le corps sans agresser la peau tout en restaurant son film [&hellip;]<\/p>\n","protected":false},"featured_media":121,"comment_status":"open","ping_status":"closed","template":"","meta":[],"product_brand":[],"product_cat":[17],"product_tag":[],"class_list":{"0":"post-120","1":"product","2":"type-product","3":"status-publish","4":"has-post-thumbnail","6":"product_cat-nettoyage-du-visage","8":"first","9":"instock","10":"shipping-taxable","11":"purchasable","12":"product-type-simple"},"_links":{"self":[{"href":"https:\/\/dermavita.tn\/index.php?rest_route=\/wp\/v2\/product\/120","targetHints":{"allow":["GET"]}}],"collection":[{"href":"https:\/\/dermavita.tn\/index.php?rest_route=\/wp\/v2\/product"}],"about":[{"href":"https:\/\/dermavita.tn\/index.php?rest_route=\/wp\/v2\/types\/product"}],"replies":[{"embeddable":true,"href":"https:\/\/dermavita.tn\/index.php?rest_route=%2Fwp%2Fv2%2Fcomments&post=120"}],"wp:featuredmedia":[{"embeddable":true,"href":"https:\/\/dermavita.tn\/index.php?rest_route=\/wp\/v2\/media\/121"}],"wp:attachment":[{"href":"https:\/\/dermavita.tn\/index.php?rest_route=%2Fwp%2Fv2%2Fmedia&parent=120"}],"wp:term":[{"taxonomy":"product_brand","embeddable":true,"href":"https:\/\/dermavita.tn\/index.php?rest_route=%2Fwp%2Fv2%2Fproduct_brand&post=120"},{"taxonomy":"product_cat","embeddable":true,"href":"https:\/\/dermavita.tn\/index.php?rest_route=%2Fwp%2Fv2%2Fproduct_cat&post=120"},{"taxonomy":"product_tag","embeddable":true,"href":"https:\/\/dermavita.tn\/index.php?rest_route=%2Fwp%2Fv2%2Fproduct_tag&post=120"}],"curies":[{"name":"wp","href":"https:\/\/api.w.org\/{rel}","templated":true}]}}