{"id":122,"date":"2026-05-07T02:37:09","date_gmt":"2026-05-07T00:37:09","guid":{"rendered":"https:\/\/dermavita.tn\/?post_type=product&#038;p=122"},"modified":"2026-05-07T02:37:10","modified_gmt":"2026-05-07T00:37:10","slug":"cerave-creme-hydratante-visage-et-corps-454g","status":"publish","type":"product","link":"https:\/\/dermavita.tn\/?product=cerave-creme-hydratante-visage-et-corps-454g","title":{"rendered":"CeraVe \u2013 Cr\u00e8me Hydratante Visage et Corps (454g)"},"content":{"rendered":"<p>Le soin riche par excellence pour les peaux s\u00e8ches \u00e0 tr\u00e8s s\u00e8ches. Sa texture onctueuse nourrit intens\u00e9ment sans laisser de film gras. Elle aide \u00e0 restaurer la barri\u00e8re protectrice de la peau gr\u00e2ce \u00e0 sa diffusion continue d&rsquo;actifs (Technologie MVE).<br \/>\n* B\u00e9n\u00e9fices : Hydratation 24h, r\u00e9pare et apaise les peaux les plus fragiles.<br \/>\n* Actifs : 3 c\u00e9ramides essentiels et Acide Hyaluronique.<\/p>\n<p style=\"text-align: right;\">\u0627\u0644\u0639\u0646\u0627\u064a\u0629 \u0627\u0644\u063a\u0646\u064a\u0629 \u0627\u0644\u0645\u062b\u0627\u0644\u064a\u0629 \u0644\u0644\u0628\u0634\u0631\u0629 \u0627\u0644\u062c\u0627\u0641\u0629 \u0625\u0644\u0649 \u0634\u062f\u064a\u062f\u0629 \u0627\u0644\u062c\u0641\u0627\u0641. \u0642\u0648\u0627\u0645 \u0643\u0631\u064a\u0645\u064a \u064a\u063a\u0630\u064a \u0627\u0644\u0628\u0634\u0631\u0629 \u0628\u0639\u0645\u0642 \u062f\u0648\u0646 \u062a\u0631\u0643 \u0645\u0644\u0645\u0633 \u062f\u0647\u0646\u064a\u060c \u0648\u064a\u0633\u0627\u0639\u062f \u0639\u0644\u0649 \u0627\u0633\u062a\u0639\u0627\u062f\u0629 \u0627\u0644\u062d\u0627\u062c\u0632 \u0627\u0644\u0648\u0627\u0642\u064a \u0627\u0644\u0637\u0628\u064a\u0639\u064a \u0644\u0644\u0628\u0634\u0631\u0629 \u0628\u0641\u0636\u0644 \u062a\u0642\u0646\u064a\u0629 MVE.<br \/>\n* \u0627\u0644\u0641\u0648\u0627\u0626\u062f : \u062a\u0631\u0637\u064a\u0628 \u064a\u062f\u0648\u0645 24 \u0633\u0627\u0639\u0629\u060c \u064a\u0631\u0645\u0645 \u0648\u064a\u0647\u062f\u0626 \u0627\u0644\u0628\u0634\u0631\u0629 \u0627\u0644\u062d\u0633\u0627\u0633\u0629.<br \/>\n* \u0627\u0644\u0645\u0643\u0648\u0646\u0627\u062a : 3 \u0633\u064a\u0631\u0627\u0645\u064a\u062f\u0627\u062a \u0623\u0633\u0627\u0633\u064a\u0629 \u0648\u062d\u0645\u0636 \u0627\u0644\u0647\u064a\u0627\u0644\u0648\u0631\u0648\u0646\u064a\u0643.<\/p>\n","protected":false},"excerpt":{"rendered":"<p>Le soin riche par excellence pour les peaux s\u00e8ches \u00e0 tr\u00e8s s\u00e8ches. Sa texture onctueuse nourrit intens\u00e9ment sans laisser de film gras. Elle aide \u00e0 restaurer la barri\u00e8re protectrice de [&hellip;]<\/p>\n","protected":false},"featured_media":123,"comment_status":"open","ping_status":"closed","template":"","meta":[],"product_brand":[],"product_cat":[18],"product_tag":[],"class_list":{"0":"post-122","1":"product","2":"type-product","3":"status-publish","4":"has-post-thumbnail","6":"product_cat-hydratation-reparation","8":"first","9":"instock","10":"sale","11":"shipping-taxable","12":"purchasable","13":"product-type-simple"},"_links":{"self":[{"href":"https:\/\/dermavita.tn\/index.php?rest_route=\/wp\/v2\/product\/122","targetHints":{"allow":["GET"]}}],"collection":[{"href":"https:\/\/dermavita.tn\/index.php?rest_route=\/wp\/v2\/product"}],"about":[{"href":"https:\/\/dermavita.tn\/index.php?rest_route=\/wp\/v2\/types\/product"}],"replies":[{"embeddable":true,"href":"https:\/\/dermavita.tn\/index.php?rest_route=%2Fwp%2Fv2%2Fcomments&post=122"}],"wp:featuredmedia":[{"embeddable":true,"href":"https:\/\/dermavita.tn\/index.php?rest_route=\/wp\/v2\/media\/123"}],"wp:attachment":[{"href":"https:\/\/dermavita.tn\/index.php?rest_route=%2Fwp%2Fv2%2Fmedia&parent=122"}],"wp:term":[{"taxonomy":"product_brand","embeddable":true,"href":"https:\/\/dermavita.tn\/index.php?rest_route=%2Fwp%2Fv2%2Fproduct_brand&post=122"},{"taxonomy":"product_cat","embeddable":true,"href":"https:\/\/dermavita.tn\/index.php?rest_route=%2Fwp%2Fv2%2Fproduct_cat&post=122"},{"taxonomy":"product_tag","embeddable":true,"href":"https:\/\/dermavita.tn\/index.php?rest_route=%2Fwp%2Fv2%2Fproduct_tag&post=122"}],"curies":[{"name":"wp","href":"https:\/\/api.w.org\/{rel}","templated":true}]}}