{"id":140,"date":"2026-05-07T22:03:26","date_gmt":"2026-05-07T20:03:26","guid":{"rendered":"https:\/\/dermavita.tn\/?post_type=product&#038;p=140"},"modified":"2026-05-07T22:03:26","modified_gmt":"2026-05-07T20:03:26","slug":"facelift-serum-antirides-50ml","status":"publish","type":"product","link":"https:\/\/dermavita.tn\/?product=facelift-serum-antirides-50ml","title":{"rendered":"FACELIFT SERUM ANTIRIDES (50ml)"},"content":{"rendered":"<p><strong>S\u00c9RUM FACELIFT ACIDE HYALURONIQUE 50ML<\/strong><\/p>\n<p>Hydratation multi-couches + \u00c9clat + Fermet\u00e9 en 1 geste<\/p>\n<p>Double Acide Hyaluronique_ : Hydrate en surface ET en profondeur pour un effet \u00ab\u00a0rebondi\u00a0\u00bb imm\u00e9diat<\/p>\n<p>Panth\u00e9nol B5_ : Calme les tiraillements + r\u00e9pare la barri\u00e8re cutan\u00e9e<\/p>\n<p>Extrait de R\u00e9glisse_ : Adieu taches &amp; teint terne, bonjour glow naturel<\/p>\n<p>Niacinamide B3_ : Pores resserr\u00e9s, rougeurs calm\u00e9es, grain de peau liss\u00e9<\/p>\n<p>Collag\u00e8ne Marin_ : Boost fermet\u00e9 + \u00e9lasticit\u00e9 pour un effet tenseur visible<\/p>\n<p>MPG Booster_ : Fait p\u00e9n\u00e9trer tous les actifs x2 plus vite<\/p>\n<p>R\u00e9sultat visible des\u00a0 15\u00a0 jours_ \u23f0 : Peau pulpeuse 24h\/24 \ud83d\udca7 | Rides liss\u00e9es \ud83d\ude0c | Teint unifi\u00e9 \u2728 | Effet lift\u00e9 sans aiguille<\/p>\n<p>\u2705 Tous types de peau<\/p>\n<p>\u2705 Peaux d\u00e9shydrat\u00e9es, qui tiraillent<\/p>\n<p>\u2705 Premi\u00e8res rides &amp; perte de fermet\u00e9<\/p>\n<p>\u2705 Taches pigmentaires &amp; teint non uniforme<\/p>\n<p>COMMENT L\u2019UTILISER<\/p>\n<p>1\ufe0f\u20e3 _Nettoie_ + laisse peau humide<\/p>\n<p>2\ufe0f\u20e3 _2-3 gouttes_ visage, cou, d\u00e9collet\u00e9<\/p>\n<p>3\ufe0f\u20e3 _Masse_ vers le haut jusqu\u2019\u00e0 absorption<\/p>\n<p>4\ufe0f\u20e3 _Scelle_ avec ta cr\u00e8me 1 min apr\u00e8s<\/p>\n<p>5\ufe0f\u20e3 _SPF 30+_ obligatoire le matin<\/p>\n<p>Sans_ : Paraben \u274c | Silicone \u274c<\/p>\n","protected":false},"excerpt":{"rendered":"<p>S\u00c9RUM FACELIFT ACIDE HYALURONIQUE 50ML Hydratation multi-couches + \u00c9clat + Fermet\u00e9 en 1 geste Double Acide Hyaluronique_ : Hydrate en surface ET en profondeur pour un effet \u00ab\u00a0rebondi\u00a0\u00bb imm\u00e9diat Panth\u00e9nol [&hellip;]<\/p>\n","protected":false},"featured_media":143,"comment_status":"open","ping_status":"closed","template":"","meta":[],"product_brand":[],"product_cat":[29,27],"product_tag":[],"class_list":{"0":"post-140","1":"product","2":"type-product","3":"status-publish","4":"has-post-thumbnail","6":"product_cat-espace-bio","7":"product_cat-traitements-serums","9":"first","10":"instock","11":"sale","12":"shipping-taxable","13":"purchasable","14":"product-type-simple"},"_links":{"self":[{"href":"https:\/\/dermavita.tn\/index.php?rest_route=\/wp\/v2\/product\/140","targetHints":{"allow":["GET"]}}],"collection":[{"href":"https:\/\/dermavita.tn\/index.php?rest_route=\/wp\/v2\/product"}],"about":[{"href":"https:\/\/dermavita.tn\/index.php?rest_route=\/wp\/v2\/types\/product"}],"replies":[{"embeddable":true,"href":"https:\/\/dermavita.tn\/index.php?rest_route=%2Fwp%2Fv2%2Fcomments&post=140"}],"wp:featuredmedia":[{"embeddable":true,"href":"https:\/\/dermavita.tn\/index.php?rest_route=\/wp\/v2\/media\/143"}],"wp:attachment":[{"href":"https:\/\/dermavita.tn\/index.php?rest_route=%2Fwp%2Fv2%2Fmedia&parent=140"}],"wp:term":[{"taxonomy":"product_brand","embeddable":true,"href":"https:\/\/dermavita.tn\/index.php?rest_route=%2Fwp%2Fv2%2Fproduct_brand&post=140"},{"taxonomy":"product_cat","embeddable":true,"href":"https:\/\/dermavita.tn\/index.php?rest_route=%2Fwp%2Fv2%2Fproduct_cat&post=140"},{"taxonomy":"product_tag","embeddable":true,"href":"https:\/\/dermavita.tn\/index.php?rest_route=%2Fwp%2Fv2%2Fproduct_tag&post=140"}],"curies":[{"name":"wp","href":"https:\/\/api.w.org\/{rel}","templated":true}]}}