{"id":153,"date":"2026-05-07T23:55:56","date_gmt":"2026-05-07T21:55:56","guid":{"rendered":"https:\/\/dermavita.tn\/?post_type=product&#038;p=153"},"modified":"2026-05-07T23:55:56","modified_gmt":"2026-05-07T21:55:56","slug":"centella-madagascar","status":"publish","type":"product","link":"https:\/\/dermavita.tn\/?product=centella-madagascar","title":{"rendered":"Centella  Madagascar"},"content":{"rendered":"<p class=\"ql-align-center\">Offrez \u00e0 votre peau un soin d\u2019exception avec notre ampoule embl\u00e9matique, formul\u00e9e \u00e0 base d\u2019extrait pur de\u00a0<strong>Centella Asiatica de Madagascar<\/strong>, reconnue pour sa concentration exceptionnelle en actifs apaisants \u2013 jusqu\u2019\u00e0\u00a0<strong>7 fois plus efficace<\/strong> que la Centella classique<\/p>\n<h3 class=\"ql-align-center\">\u00a0Bienfaits :<\/h3>\n<ul>\n<li class=\"ql-align-center\">\u00a0<strong>Apaise instantan\u00e9ment<\/strong>\u00a0les rougeurs et irritations<\/li>\n<li><\/li>\n<li class=\"ql-align-center\">\u00a0<strong>Hydrate en profondeur<\/strong>\u00a0et renforce la barri\u00e8re cutan\u00e9e<\/li>\n<li><\/li>\n<li class=\"ql-align-center\"><strong>Prot\u00e8ge et r\u00e9g\u00e9n\u00e8re<\/strong>\u00a0gr\u00e2ce \u00e0 ses propri\u00e9t\u00e9s antioxydantes<\/li>\n<li><\/li>\n<li class=\"ql-align-center\">\u00a0Aide \u00e0 r\u00e9duire l\u2019acn\u00e9 et calmer les inflammations<\/li>\n<li class=\"ql-align-center\">Peaux\u00a0<strong>sensibles<\/strong>\u00a0et r\u00e9actives<\/li>\n<li class=\"ql-align-center\">Peaux sujettes \u00e0\u00a0<strong>l\u2019acn\u00e9<\/strong><\/li>\n<li class=\"ql-align-center\">Peaux normales en qu\u00eate d\u2019\u00e9clat et d\u2019hydratation<\/li>\n<\/ul>\n","protected":false},"excerpt":{"rendered":"<p>Offrez \u00e0 votre peau un soin d\u2019exception avec notre ampoule embl\u00e9matique, formul\u00e9e \u00e0 base d\u2019extrait pur de\u00a0Centella Asiatica de Madagascar, reconnue pour sa concentration exceptionnelle en actifs apaisants \u2013 jusqu\u2019\u00e0\u00a07 [&hellip;]<\/p>\n","protected":false},"featured_media":154,"comment_status":"open","ping_status":"closed","template":"","meta":[],"product_brand":[],"product_cat":[21],"product_tag":[],"class_list":{"0":"post-153","1":"product","2":"type-product","3":"status-publish","4":"has-post-thumbnail","6":"product_cat-skincare-coreen","8":"first","9":"instock","10":"shipping-taxable","11":"purchasable","12":"product-type-simple"},"_links":{"self":[{"href":"https:\/\/dermavita.tn\/index.php?rest_route=\/wp\/v2\/product\/153","targetHints":{"allow":["GET"]}}],"collection":[{"href":"https:\/\/dermavita.tn\/index.php?rest_route=\/wp\/v2\/product"}],"about":[{"href":"https:\/\/dermavita.tn\/index.php?rest_route=\/wp\/v2\/types\/product"}],"replies":[{"embeddable":true,"href":"https:\/\/dermavita.tn\/index.php?rest_route=%2Fwp%2Fv2%2Fcomments&post=153"}],"wp:featuredmedia":[{"embeddable":true,"href":"https:\/\/dermavita.tn\/index.php?rest_route=\/wp\/v2\/media\/154"}],"wp:attachment":[{"href":"https:\/\/dermavita.tn\/index.php?rest_route=%2Fwp%2Fv2%2Fmedia&parent=153"}],"wp:term":[{"taxonomy":"product_brand","embeddable":true,"href":"https:\/\/dermavita.tn\/index.php?rest_route=%2Fwp%2Fv2%2Fproduct_brand&post=153"},{"taxonomy":"product_cat","embeddable":true,"href":"https:\/\/dermavita.tn\/index.php?rest_route=%2Fwp%2Fv2%2Fproduct_cat&post=153"},{"taxonomy":"product_tag","embeddable":true,"href":"https:\/\/dermavita.tn\/index.php?rest_route=%2Fwp%2Fv2%2Fproduct_tag&post=153"}],"curies":[{"name":"wp","href":"https:\/\/api.w.org\/{rel}","templated":true}]}}