{"id":155,"date":"2026-05-08T00:00:27","date_gmt":"2026-05-07T22:00:27","guid":{"rendered":"https:\/\/dermavita.tn\/?post_type=product&#038;p=155"},"modified":"2026-05-08T00:00:27","modified_gmt":"2026-05-07T22:00:27","slug":"madagascar-centella-tea-trica-relief","status":"publish","type":"product","link":"https:\/\/dermavita.tn\/?product=madagascar-centella-tea-trica-relief","title":{"rendered":"Madagascar Centella Tea\u2011Trica Relief"},"content":{"rendered":"<p class=\"ql-align-center\">formul\u00e9e \u00e0 base d\u2019<strong>extrait de Centella asiatica (cica)<\/strong>\u00a0et d\u2019extraits apaisants naturels pour<\/p>\n<p class=\"ql-align-center\">calmer les irritations et renforcer la barri\u00e8re cutan\u00e9e.<\/p>\n<ul>\n<li class=\"ql-align-center\">Apaise instantan\u00e9ment les rougeurs et les sensations d\u2019inconfort.<\/li>\n<li class=\"ql-align-center\">Hydrate et renforce la barri\u00e8re protectrice de la peau.<\/li>\n<li class=\"ql-align-center\">Aide \u00e0 r\u00e9duire les signes de sensibilisation cutan\u00e9e.<\/li>\n<li class=\"ql-align-center\">Texture l\u00e9g\u00e8re et p\u00e9n\u00e9tration rapide, id\u00e9ale avant les soins hydratants.<\/li>\n<\/ul>\n","protected":false},"excerpt":{"rendered":"<p>formul\u00e9e \u00e0 base d\u2019extrait de Centella asiatica (cica)\u00a0et d\u2019extraits apaisants naturels pour calmer les irritations et renforcer la barri\u00e8re cutan\u00e9e. Apaise instantan\u00e9ment les rougeurs et les sensations d\u2019inconfort. Hydrate et [&hellip;]<\/p>\n","protected":false},"featured_media":156,"comment_status":"open","ping_status":"closed","template":"","meta":[],"product_brand":[],"product_cat":[21],"product_tag":[],"class_list":{"0":"post-155","1":"product","2":"type-product","3":"status-publish","4":"has-post-thumbnail","6":"product_cat-skincare-coreen","8":"first","9":"instock","10":"shipping-taxable","11":"purchasable","12":"product-type-simple"},"_links":{"self":[{"href":"https:\/\/dermavita.tn\/index.php?rest_route=\/wp\/v2\/product\/155","targetHints":{"allow":["GET"]}}],"collection":[{"href":"https:\/\/dermavita.tn\/index.php?rest_route=\/wp\/v2\/product"}],"about":[{"href":"https:\/\/dermavita.tn\/index.php?rest_route=\/wp\/v2\/types\/product"}],"replies":[{"embeddable":true,"href":"https:\/\/dermavita.tn\/index.php?rest_route=%2Fwp%2Fv2%2Fcomments&post=155"}],"wp:featuredmedia":[{"embeddable":true,"href":"https:\/\/dermavita.tn\/index.php?rest_route=\/wp\/v2\/media\/156"}],"wp:attachment":[{"href":"https:\/\/dermavita.tn\/index.php?rest_route=%2Fwp%2Fv2%2Fmedia&parent=155"}],"wp:term":[{"taxonomy":"product_brand","embeddable":true,"href":"https:\/\/dermavita.tn\/index.php?rest_route=%2Fwp%2Fv2%2Fproduct_brand&post=155"},{"taxonomy":"product_cat","embeddable":true,"href":"https:\/\/dermavita.tn\/index.php?rest_route=%2Fwp%2Fv2%2Fproduct_cat&post=155"},{"taxonomy":"product_tag","embeddable":true,"href":"https:\/\/dermavita.tn\/index.php?rest_route=%2Fwp%2Fv2%2Fproduct_tag&post=155"}],"curies":[{"name":"wp","href":"https:\/\/api.w.org\/{rel}","templated":true}]}}