{"id":157,"date":"2026-05-08T00:06:09","date_gmt":"2026-05-07T22:06:09","guid":{"rendered":"https:\/\/dermavita.tn\/?post_type=product&#038;p=157"},"modified":"2026-05-08T00:06:09","modified_gmt":"2026-05-07T22:06:09","slug":"creme-celimax","status":"publish","type":"product","link":"https:\/\/dermavita.tn\/?product=creme-celimax","title":{"rendered":"Cr\u00e8me celimax"},"content":{"rendered":"<p>Cr\u00e8me hydratante Celimax con\u00e7ue pour nourrir, apaiser et renforcer la barri\u00e8re cutan\u00e9e. Sa texture l\u00e9g\u00e8re hydrate intens\u00e9ment sans effet gras, laissant la peau douce et confortable.<\/p>\n<ul>\n<li>Ingr\u00e9dients cl\u00e9s :\u00a0Contient 0,1 % de r\u00e9tinal pour l&rsquo;efficacit\u00e9 anti-\u00e2ge et 3 % de Matrixyl 3000 pour l&rsquo;\u00e9lasticit\u00e9.<\/li>\n<li>Technologie :\u00a0Utilise la technologie A-Shot\u2122 pour une meilleure absorption des ingr\u00e9dients dans la peau.<\/li>\n<li>Contenance :\u00a0Le tube contient 15 ml de produit.<\/li>\n<li>Usage :\u00a0Con\u00e7u pour \u00eatre appliqu\u00e9 la nuit pour une peau plus lisse et rebondie<\/li>\n<\/ul>\n","protected":false},"excerpt":{"rendered":"<p>Cr\u00e8me hydratante Celimax con\u00e7ue pour nourrir, apaiser et renforcer la barri\u00e8re cutan\u00e9e. Sa texture l\u00e9g\u00e8re hydrate intens\u00e9ment sans effet gras, laissant la peau douce et confortable. Ingr\u00e9dients cl\u00e9s :\u00a0Contient 0,1 [&hellip;]<\/p>\n","protected":false},"featured_media":158,"comment_status":"open","ping_status":"closed","template":"","meta":[],"product_brand":[],"product_cat":[21],"product_tag":[],"class_list":{"0":"post-157","1":"product","2":"type-product","3":"status-publish","4":"has-post-thumbnail","6":"product_cat-skincare-coreen","8":"first","9":"instock","10":"sale","11":"shipping-taxable","12":"purchasable","13":"product-type-simple"},"_links":{"self":[{"href":"https:\/\/dermavita.tn\/index.php?rest_route=\/wp\/v2\/product\/157","targetHints":{"allow":["GET"]}}],"collection":[{"href":"https:\/\/dermavita.tn\/index.php?rest_route=\/wp\/v2\/product"}],"about":[{"href":"https:\/\/dermavita.tn\/index.php?rest_route=\/wp\/v2\/types\/product"}],"replies":[{"embeddable":true,"href":"https:\/\/dermavita.tn\/index.php?rest_route=%2Fwp%2Fv2%2Fcomments&post=157"}],"wp:featuredmedia":[{"embeddable":true,"href":"https:\/\/dermavita.tn\/index.php?rest_route=\/wp\/v2\/media\/158"}],"wp:attachment":[{"href":"https:\/\/dermavita.tn\/index.php?rest_route=%2Fwp%2Fv2%2Fmedia&parent=157"}],"wp:term":[{"taxonomy":"product_brand","embeddable":true,"href":"https:\/\/dermavita.tn\/index.php?rest_route=%2Fwp%2Fv2%2Fproduct_brand&post=157"},{"taxonomy":"product_cat","embeddable":true,"href":"https:\/\/dermavita.tn\/index.php?rest_route=%2Fwp%2Fv2%2Fproduct_cat&post=157"},{"taxonomy":"product_tag","embeddable":true,"href":"https:\/\/dermavita.tn\/index.php?rest_route=%2Fwp%2Fv2%2Fproduct_tag&post=157"}],"curies":[{"name":"wp","href":"https:\/\/api.w.org\/{rel}","templated":true}]}}