{"id":159,"date":"2026-05-08T00:09:44","date_gmt":"2026-05-07T22:09:44","guid":{"rendered":"https:\/\/dermavita.tn\/?post_type=product&#038;p=159"},"modified":"2026-05-13T19:22:59","modified_gmt":"2026-05-13T17:22:59","slug":"159","status":"publish","type":"product","link":"https:\/\/dermavita.tn\/?product=159","title":{"rendered":"Dr.Althea Cr\u00e8me 147"},"content":{"rendered":"<p>Cr\u00e8me\u00a0<strong>Dr. Althea 345 Relief Cream<\/strong>, soin hydratant cor\u00e9en con\u00e7u pour apaiser la peau et am\u00e9liorer son confort au quotidien. Elle aide \u00e0 maintenir une peau plus douce, \u00e9quilibr\u00e9e et lumineuse.<\/p>\n<h3>Ingr\u00e9dients principaux :<\/h3>\n<p>Actifs hydratants et apaisants (niacinamide, c\u00e9ramides, panth\u00e9nol, extraits v\u00e9g\u00e9taux )<\/p>\n<h3>Bienfaits :<\/h3>\n<ul>\n<li>Hydratation quotidienne<\/li>\n<li>Apaisement des irritations<\/li>\n<li>Peau plus douce et \u00e9quilibr\u00e9e<\/li>\n<li>Renforcement de la barri\u00e8re cutan\u00e9e<\/li>\n<li>Effet glow naturel et sain<\/li>\n<\/ul>\n","protected":false},"excerpt":{"rendered":"<p>Cr\u00e8me\u00a0Dr. Althea 345 Relief Cream, soin hydratant cor\u00e9en con\u00e7u pour apaiser la peau et am\u00e9liorer son confort au quotidien. Elle aide \u00e0 maintenir une peau plus douce, \u00e9quilibr\u00e9e et lumineuse. [&hellip;]<\/p>\n","protected":false},"featured_media":160,"comment_status":"open","ping_status":"closed","template":"","meta":[],"product_brand":[],"product_cat":[21],"product_tag":[],"class_list":{"0":"post-159","1":"product","2":"type-product","3":"status-publish","4":"has-post-thumbnail","6":"product_cat-skincare-coreen","8":"first","9":"instock","10":"sale","11":"shipping-taxable","12":"purchasable","13":"product-type-simple"},"_links":{"self":[{"href":"https:\/\/dermavita.tn\/index.php?rest_route=\/wp\/v2\/product\/159","targetHints":{"allow":["GET"]}}],"collection":[{"href":"https:\/\/dermavita.tn\/index.php?rest_route=\/wp\/v2\/product"}],"about":[{"href":"https:\/\/dermavita.tn\/index.php?rest_route=\/wp\/v2\/types\/product"}],"replies":[{"embeddable":true,"href":"https:\/\/dermavita.tn\/index.php?rest_route=%2Fwp%2Fv2%2Fcomments&post=159"}],"wp:featuredmedia":[{"embeddable":true,"href":"https:\/\/dermavita.tn\/index.php?rest_route=\/wp\/v2\/media\/160"}],"wp:attachment":[{"href":"https:\/\/dermavita.tn\/index.php?rest_route=%2Fwp%2Fv2%2Fmedia&parent=159"}],"wp:term":[{"taxonomy":"product_brand","embeddable":true,"href":"https:\/\/dermavita.tn\/index.php?rest_route=%2Fwp%2Fv2%2Fproduct_brand&post=159"},{"taxonomy":"product_cat","embeddable":true,"href":"https:\/\/dermavita.tn\/index.php?rest_route=%2Fwp%2Fv2%2Fproduct_cat&post=159"},{"taxonomy":"product_tag","embeddable":true,"href":"https:\/\/dermavita.tn\/index.php?rest_route=%2Fwp%2Fv2%2Fproduct_tag&post=159"}],"curies":[{"name":"wp","href":"https:\/\/api.w.org\/{rel}","templated":true}]}}