{"id":161,"date":"2026-05-08T00:14:56","date_gmt":"2026-05-07T22:14:56","guid":{"rendered":"https:\/\/dermavita.tn\/?post_type=product&#038;p=161"},"modified":"2026-05-08T00:14:56","modified_gmt":"2026-05-07T22:14:56","slug":"dr-althea-creme-147","status":"publish","type":"product","link":"https:\/\/dermavita.tn\/?product=dr-althea-creme-147","title":{"rendered":"Dr.Althea Cr\u00e8me 147"},"content":{"rendered":"<p>s&rsquo;agit de la cr\u00e8me hydratante Dr.Althea 147 Barrier Cream.<\/p>\n<ul>\n<li><strong>Type :<\/strong>\u00a0Cr\u00e8me pour le visage con\u00e7ue pour renforcer la barri\u00e8re cutan\u00e9e et hydrater en profondeur.<\/li>\n<li><strong>Ingr\u00e9dients cl\u00e9s :<\/strong>\u00a0Extrait de fleur de Paeonia Albiflora, c\u00e9ramides et sept types d&rsquo;acide hyaluronique.<\/li>\n<li><strong>Type de peau :<\/strong>\u00a0Id\u00e9ale pour les peaux normales \u00e0 s\u00e8ches.<\/li>\n<\/ul>\n","protected":false},"excerpt":{"rendered":"<p>s&rsquo;agit de la cr\u00e8me hydratante Dr.Althea 147 Barrier Cream. Type :\u00a0Cr\u00e8me pour le visage con\u00e7ue pour renforcer la barri\u00e8re cutan\u00e9e et hydrater en profondeur. Ingr\u00e9dients cl\u00e9s :\u00a0Extrait de fleur de [&hellip;]<\/p>\n","protected":false},"featured_media":162,"comment_status":"open","ping_status":"closed","template":"","meta":[],"product_brand":[],"product_cat":[21],"product_tag":[],"class_list":{"0":"post-161","1":"product","2":"type-product","3":"status-publish","4":"has-post-thumbnail","6":"product_cat-skincare-coreen","8":"first","9":"instock","10":"sale","11":"shipping-taxable","12":"purchasable","13":"product-type-simple"},"_links":{"self":[{"href":"https:\/\/dermavita.tn\/index.php?rest_route=\/wp\/v2\/product\/161","targetHints":{"allow":["GET"]}}],"collection":[{"href":"https:\/\/dermavita.tn\/index.php?rest_route=\/wp\/v2\/product"}],"about":[{"href":"https:\/\/dermavita.tn\/index.php?rest_route=\/wp\/v2\/types\/product"}],"replies":[{"embeddable":true,"href":"https:\/\/dermavita.tn\/index.php?rest_route=%2Fwp%2Fv2%2Fcomments&post=161"}],"wp:featuredmedia":[{"embeddable":true,"href":"https:\/\/dermavita.tn\/index.php?rest_route=\/wp\/v2\/media\/162"}],"wp:attachment":[{"href":"https:\/\/dermavita.tn\/index.php?rest_route=%2Fwp%2Fv2%2Fmedia&parent=161"}],"wp:term":[{"taxonomy":"product_brand","embeddable":true,"href":"https:\/\/dermavita.tn\/index.php?rest_route=%2Fwp%2Fv2%2Fproduct_brand&post=161"},{"taxonomy":"product_cat","embeddable":true,"href":"https:\/\/dermavita.tn\/index.php?rest_route=%2Fwp%2Fv2%2Fproduct_cat&post=161"},{"taxonomy":"product_tag","embeddable":true,"href":"https:\/\/dermavita.tn\/index.php?rest_route=%2Fwp%2Fv2%2Fproduct_tag&post=161"}],"curies":[{"name":"wp","href":"https:\/\/api.w.org\/{rel}","templated":true}]}}