{"id":163,"date":"2026-05-08T00:18:43","date_gmt":"2026-05-07T22:18:43","guid":{"rendered":"https:\/\/dermavita.tn\/?post_type=product&#038;p=163"},"modified":"2026-05-08T00:18:43","modified_gmt":"2026-05-07T22:18:43","slug":"fino-hair-oil","status":"publish","type":"product","link":"https:\/\/dermavita.tn\/?product=fino-hair-oil","title":{"rendered":"Fino hair oil"},"content":{"rendered":"<p>L&rsquo;huile capillaire Fino Premium Touch Penetrating Serum (70 ml) est un soin japonais \u00a0qui r\u00e9pare intens\u00e9ment les cheveux secs et ab\u00eem\u00e9s. Elle scelle les cuticules, r\u00e9duit les frisottis et apporte brillance et douceur sans fini gras gr\u00e2ce \u00e0 une formule l\u00e9g\u00e8re au squalane, aux perles et un parfum floral.<\/p>\n<p><strong>Principales caract\u00e9ristiques et avantages :<\/strong><\/p>\n<ul>\n<li><strong>R\u00e9paration intense :<\/strong>\u00a0P\u00e9n\u00e8tre en profondeur pour r\u00e9parer les dommages, les pointes fourchues et prot\u00e9ger contre les agressions ext\u00e9rieures (chaleur, UV).<\/li>\n<li><strong>Texture l\u00e9g\u00e8re :<\/strong>\u00a0Huile fluide qui p\u00e9n\u00e8tre rapidement, laissant les cheveux soyeux et non collants.<\/li>\n<\/ul>\n","protected":false},"excerpt":{"rendered":"<p>L&rsquo;huile capillaire Fino Premium Touch Penetrating Serum (70 ml) est un soin japonais \u00a0qui r\u00e9pare intens\u00e9ment les cheveux secs et ab\u00eem\u00e9s. Elle scelle les cuticules, r\u00e9duit les frisottis et apporte [&hellip;]<\/p>\n","protected":false},"featured_media":164,"comment_status":"open","ping_status":"closed","template":"","meta":[],"product_brand":[],"product_cat":[22],"product_tag":[],"class_list":{"0":"post-163","1":"product","2":"type-product","3":"status-publish","4":"has-post-thumbnail","6":"product_cat-soins-cheveux","8":"first","9":"instock","10":"shipping-taxable","11":"purchasable","12":"product-type-simple"},"_links":{"self":[{"href":"https:\/\/dermavita.tn\/index.php?rest_route=\/wp\/v2\/product\/163","targetHints":{"allow":["GET"]}}],"collection":[{"href":"https:\/\/dermavita.tn\/index.php?rest_route=\/wp\/v2\/product"}],"about":[{"href":"https:\/\/dermavita.tn\/index.php?rest_route=\/wp\/v2\/types\/product"}],"replies":[{"embeddable":true,"href":"https:\/\/dermavita.tn\/index.php?rest_route=%2Fwp%2Fv2%2Fcomments&post=163"}],"wp:featuredmedia":[{"embeddable":true,"href":"https:\/\/dermavita.tn\/index.php?rest_route=\/wp\/v2\/media\/164"}],"wp:attachment":[{"href":"https:\/\/dermavita.tn\/index.php?rest_route=%2Fwp%2Fv2%2Fmedia&parent=163"}],"wp:term":[{"taxonomy":"product_brand","embeddable":true,"href":"https:\/\/dermavita.tn\/index.php?rest_route=%2Fwp%2Fv2%2Fproduct_brand&post=163"},{"taxonomy":"product_cat","embeddable":true,"href":"https:\/\/dermavita.tn\/index.php?rest_route=%2Fwp%2Fv2%2Fproduct_cat&post=163"},{"taxonomy":"product_tag","embeddable":true,"href":"https:\/\/dermavita.tn\/index.php?rest_route=%2Fwp%2Fv2%2Fproduct_tag&post=163"}],"curies":[{"name":"wp","href":"https:\/\/api.w.org\/{rel}","templated":true}]}}