{"id":165,"date":"2026-05-08T00:23:25","date_gmt":"2026-05-07T22:23:25","guid":{"rendered":"https:\/\/dermavita.tn\/?post_type=product&#038;p=165"},"modified":"2026-05-08T01:31:32","modified_gmt":"2026-05-07T23:31:32","slug":"fino-hair-mask","status":"publish","type":"product","link":"https:\/\/dermavita.tn\/?product=fino-hair-mask","title":{"rendered":"Fino hair mask"},"content":{"rendered":"<p>Le masque capillaire <a href=\"https:\/\/www.google.com\/url?sa=i&amp;source=web&amp;rct=j&amp;url=https:\/\/monrituel.ma\/shop\/shiseido-fino-premium-touch-hair-mask-230g\/&amp;ved=2ahUKEwjUr86mwoOTAxXB-AIHHRkhIuYQy_kOegQIAhAB&amp;opi=89978449&amp;cd&amp;psig=AOvVaw0U9moupyo6DK0_Tx0nzGTI&amp;ust=1772620020906000\" rel=\"noopener noreferrer\">\u00a0Fino Premium <\/a>\u00a0(230g)\u00a0est un soin de luxe tr\u00e8s populaire pour r\u00e9parer les cheveux secs et ab\u00eem\u00e9s. Enrichi en gel\u00e9e royale, PCA et Lipidure, il hydrate, renforce et lisse la fibre capillaire pour un effet soyeux et brillant. Il est conseill\u00e9 de l&rsquo;utiliser 1 \u00e0 2 fois par semaine apr\u00e8s le shampooing.<\/p>\n<p><strong>Points cl\u00e9s :<\/strong><\/p>\n<ul>\n<li><strong>Action :<\/strong>\u00a0R\u00e9pare en profondeur, nourrit et redonne de l&rsquo;\u00e9clat.<\/li>\n<li><strong>Utilisation :<\/strong>\u00a0Appliquer apr\u00e8s le shampooing, laisser poser, puis rincer abondamment.<\/li>\n<li><strong>Type de cheveux :<\/strong>\u00a0Id\u00e9al pour cheveux secs, ab\u00eem\u00e9s, color\u00e9s ou trait\u00e9s chimiquement.<\/li>\n<\/ul>\n","protected":false},"excerpt":{"rendered":"<p>Le masque capillaire \u00a0Fino Premium \u00a0(230g)\u00a0est un soin de luxe tr\u00e8s populaire pour r\u00e9parer les cheveux secs et ab\u00eem\u00e9s. Enrichi en gel\u00e9e royale, PCA et Lipidure, il hydrate, renforce et [&hellip;]<\/p>\n","protected":false},"featured_media":166,"comment_status":"open","ping_status":"closed","template":"","meta":[],"product_brand":[],"product_cat":[22],"product_tag":[],"class_list":{"0":"post-165","1":"product","2":"type-product","3":"status-publish","4":"has-post-thumbnail","6":"product_cat-soins-cheveux","8":"first","9":"instock","10":"shipping-taxable","11":"purchasable","12":"product-type-simple"},"_links":{"self":[{"href":"https:\/\/dermavita.tn\/index.php?rest_route=\/wp\/v2\/product\/165","targetHints":{"allow":["GET"]}}],"collection":[{"href":"https:\/\/dermavita.tn\/index.php?rest_route=\/wp\/v2\/product"}],"about":[{"href":"https:\/\/dermavita.tn\/index.php?rest_route=\/wp\/v2\/types\/product"}],"replies":[{"embeddable":true,"href":"https:\/\/dermavita.tn\/index.php?rest_route=%2Fwp%2Fv2%2Fcomments&post=165"}],"wp:featuredmedia":[{"embeddable":true,"href":"https:\/\/dermavita.tn\/index.php?rest_route=\/wp\/v2\/media\/166"}],"wp:attachment":[{"href":"https:\/\/dermavita.tn\/index.php?rest_route=%2Fwp%2Fv2%2Fmedia&parent=165"}],"wp:term":[{"taxonomy":"product_brand","embeddable":true,"href":"https:\/\/dermavita.tn\/index.php?rest_route=%2Fwp%2Fv2%2Fproduct_brand&post=165"},{"taxonomy":"product_cat","embeddable":true,"href":"https:\/\/dermavita.tn\/index.php?rest_route=%2Fwp%2Fv2%2Fproduct_cat&post=165"},{"taxonomy":"product_tag","embeddable":true,"href":"https:\/\/dermavita.tn\/index.php?rest_route=%2Fwp%2Fv2%2Fproduct_tag&post=165"}],"curies":[{"name":"wp","href":"https:\/\/api.w.org\/{rel}","templated":true}]}}