{"id":167,"date":"2026-05-08T00:32:08","date_gmt":"2026-05-07T22:32:08","guid":{"rendered":"https:\/\/dermavita.tn\/?post_type=product&#038;p=167"},"modified":"2026-05-08T01:31:59","modified_gmt":"2026-05-07T23:31:59","slug":"pack-fino","status":"publish","type":"product","link":"https:\/\/dermavita.tn\/?product=pack-fino","title":{"rendered":"PACK FINO"},"content":{"rendered":"<p>L\u2019huile capillaire Fino Premium Touch Penetrating Serum (70 ml) est un soin japonais \u00a0qui r\u00e9pare intens\u00e9ment les cheveux secs et ab\u00eem\u00e9s. Elle scelle les cuticules, r\u00e9duit les frisottis et apporte brillance et douceur sans fini gras gr\u00e2ce \u00e0 une formule l\u00e9g\u00e8re au squalane, aux perles et un parfum floral.<\/p>\n<p><strong>Principales caract\u00e9ristiques et avantages :<\/strong><\/p>\n<ul>\n<li><strong>R\u00e9paration intense :<\/strong>\u00a0P\u00e9n\u00e8tre en profondeur pour r\u00e9parer les dommages, les pointes fourchues et prot\u00e9ger contre les agressions ext\u00e9rieures (chaleur, UV).<\/li>\n<li><strong>Texture l\u00e9g\u00e8re :<\/strong> Huile fluide qui p\u00e9n\u00e8tre rapidement, laissant les cheveux soyeux et non collants<\/li>\n<\/ul>\n<p>&nbsp;<\/p>\n<p>Le masque capillaire <a href=\"https:\/\/www.google.com\/url?sa=i&amp;source=web&amp;rct=j&amp;url=https:\/\/monrituel.ma\/shop\/shiseido-fino-premium-touch-hair-mask-230g\/&amp;ved=2ahUKEwjUr86mwoOTAxXB-AIHHRkhIuYQy_kOegQIAhAB&amp;opi=89978449&amp;cd&amp;psig=AOvVaw0U9moupyo6DK0_Tx0nzGTI&amp;ust=1772620020906000\" rel=\"noopener noreferrer\">\u00a0Fino Premium\u00a0<\/a>\u00a0(230g)\u00a0est un soin de luxe tr\u00e8s populaire pour r\u00e9parer les cheveux secs et ab\u00eem\u00e9s. Enrichi en gel\u00e9e royale, PCA et Lipidure, il hydrate, renforce et lisse la fibre capillaire pour un effet soyeux et brillant. Il est conseill\u00e9 de l\u2019utiliser 1 \u00e0 2 fois par semaine apr\u00e8s le shampooing.<\/p>\n<ul>\n<li><strong>Points cl\u00e9s :<\/strong>\n<ul>\n<li><strong>Action :<\/strong>\u00a0R\u00e9pare en profondeur, nourrit et redonne de l\u2019\u00e9clat.<\/li>\n<li><strong>Utilisation :<\/strong>\u00a0Appliquer apr\u00e8s le shampooing, laisser poser, puis rincer abondamment.<\/li>\n<li><strong>Type de cheveux :<\/strong>\u00a0Id\u00e9al pour cheveux secs, ab\u00eem\u00e9s, color\u00e9s ou trait\u00e9s chimiquement.<\/li>\n<\/ul>\n<\/li>\n<\/ul>\n<p>*<\/p>\n","protected":false},"excerpt":{"rendered":"<p>L\u2019huile capillaire Fino Premium Touch Penetrating Serum (70 ml) est un soin japonais \u00a0qui r\u00e9pare intens\u00e9ment les cheveux secs et ab\u00eem\u00e9s. Elle scelle les cuticules, r\u00e9duit les frisottis et apporte [&hellip;]<\/p>\n","protected":false},"featured_media":168,"comment_status":"open","ping_status":"closed","template":"","meta":[],"product_brand":[],"product_cat":[24,22],"product_tag":[],"class_list":{"0":"post-167","1":"product","2":"type-product","3":"status-publish","4":"has-post-thumbnail","6":"product_cat-pack","7":"product_cat-soins-cheveux","9":"first","10":"instock","11":"sale","12":"shipping-taxable","13":"purchasable","14":"product-type-simple"},"_links":{"self":[{"href":"https:\/\/dermavita.tn\/index.php?rest_route=\/wp\/v2\/product\/167","targetHints":{"allow":["GET"]}}],"collection":[{"href":"https:\/\/dermavita.tn\/index.php?rest_route=\/wp\/v2\/product"}],"about":[{"href":"https:\/\/dermavita.tn\/index.php?rest_route=\/wp\/v2\/types\/product"}],"replies":[{"embeddable":true,"href":"https:\/\/dermavita.tn\/index.php?rest_route=%2Fwp%2Fv2%2Fcomments&post=167"}],"wp:featuredmedia":[{"embeddable":true,"href":"https:\/\/dermavita.tn\/index.php?rest_route=\/wp\/v2\/media\/168"}],"wp:attachment":[{"href":"https:\/\/dermavita.tn\/index.php?rest_route=%2Fwp%2Fv2%2Fmedia&parent=167"}],"wp:term":[{"taxonomy":"product_brand","embeddable":true,"href":"https:\/\/dermavita.tn\/index.php?rest_route=%2Fwp%2Fv2%2Fproduct_brand&post=167"},{"taxonomy":"product_cat","embeddable":true,"href":"https:\/\/dermavita.tn\/index.php?rest_route=%2Fwp%2Fv2%2Fproduct_cat&post=167"},{"taxonomy":"product_tag","embeddable":true,"href":"https:\/\/dermavita.tn\/index.php?rest_route=%2Fwp%2Fv2%2Fproduct_tag&post=167"}],"curies":[{"name":"wp","href":"https:\/\/api.w.org\/{rel}","templated":true}]}}