{"id":170,"date":"2026-05-08T01:03:14","date_gmt":"2026-05-07T23:03:14","guid":{"rendered":"https:\/\/dermavita.tn\/?post_type=product&#038;p=170"},"modified":"2026-05-08T05:22:15","modified_gmt":"2026-05-08T03:22:15","slug":"duo-eclat-jeunesse-herbz","status":"publish","type":"product","link":"https:\/\/dermavita.tn\/?product=duo-eclat-jeunesse-herbz","title":{"rendered":"Duo \u00c9clat &#038; Jeunesse HERBZ"},"content":{"rendered":"<p>Prenez soin de votre peau de l\u2019int\u00e9rieur comme de l\u2019ext\u00e9rieur avec notre duo gagnant :<br \/>\n\ud83d\udc8a Collagen + Vitamine C \u2014 60 g\u00e9lules<br \/>\nCompl\u00e9ment alimentaire qui booste la production naturelle de collag\u00e8ne, r\u00e9duit les rides et redonne \u00e9clat et jeunesse \u00e0 votre peau.<br \/>\n\ud83d\udca7 Facelift Hyaluronic \u2014 S\u00e9rum Acide Hyaluronique 50ml<br \/>\nUne hydratation intense 24h, un effet tenseur imm\u00e9diat et un boost d\u2019\u00e9clat visible d\u00e8s les premi\u00e8res applications.<\/p>\n<p style=\"text-align: right;\">\u062b\u0646\u0627\u0626\u064a \u0645\u0643\u0627\u0641\u062d\u0629 \u0627\u0644\u0634\u064a\u062e\u0648\u062e\u0629 \u0645\u0646 HERBZ \u2014 \u062c\u0645\u0627\u0644\u0643 \u0645\u0646 \u0627\u0644\u062f\u0627\u062e\u0644 \u0648\u0627\u0644\u062e\u0627\u0631\u062c<br \/>\n\u0627\u0639\u062a\u0646\u064a \u0628\u0628\u0634\u0631\u062a\u0643 \u0645\u0646 \u0627\u0644\u062f\u0627\u062e\u0644 \u0648\u0627\u0644\u062e\u0627\u0631\u062c \u0645\u0639 \u0647\u0630\u0627 \u0627\u0644\u062b\u0646\u0627\u0626\u064a \u0627\u0644\u0645\u062b\u0627\u0644\u064a:<br \/>\n\ud83d\udc8a \u0643\u0648\u0644\u0627\u062c\u064a\u0646 + \u0641\u064a\u062a\u0627\u0645\u064a\u0646 C \u2014 60 \u0643\u0628\u0633\u0648\u0644\u0629<br \/>\n\u0645\u0643\u0645\u0644 \u063a\u0630\u0627\u0626\u064a \u064a\u0639\u0632\u0632 \u0625\u0646\u062a\u0627\u062c \u0627\u0644\u0643\u0648\u0644\u0627\u062c\u064a\u0646 \u0627\u0644\u0637\u0628\u064a\u0639\u064a\u060c \u064a\u0642\u0644\u0644 \u0627\u0644\u062a\u062c\u0627\u0639\u064a\u062f \u0648\u064a\u0645\u0646\u062d \u0627\u0644\u0628\u0634\u0631\u0629 \u0625\u0634\u0631\u0627\u0642\u0627\u064b \u0648\u0646\u0636\u0627\u0631\u0629 \u0645\u0646 \u0627\u0644\u062f\u0627\u062e\u0644.<br \/>\n\ud83d\udca7 \u0641\u064a\u0633 \u0644\u064a\u0641\u062a \u0647\u064a\u0627\u0644\u0648\u0631\u0648\u0646\u064a\u0643 \u2014 \u0633\u064a\u0631\u0648\u0645 \u062d\u0645\u0636 \u0627\u0644\u0647\u064a\u0627\u0644\u0648\u0631\u0648\u0646\u064a\u0643 50\u0645\u0644<br \/>\n\u062a\u0631\u0637\u064a\u0628 \u0639\u0645\u064a\u0642 \u064a\u062f\u0648\u0645 24 \u0633\u0627\u0639\u0629\u060c \u062a\u0623\u062b\u064a\u0631 \u0634\u062f \u0641\u0648\u0631\u064a \u0648\u0644\u0645\u0639\u0627\u0646 \u0645\u0644\u062d\u0648\u0638 \u0645\u0646\u0630 \u0623\u0648\u0644 \u0627\u0633\u062a\u062e\u062f\u0627\u0645<\/p>\n","protected":false},"excerpt":{"rendered":"<p>Prenez soin de votre peau de l\u2019int\u00e9rieur comme de l\u2019ext\u00e9rieur avec notre duo gagnant : \ud83d\udc8a Collagen + Vitamine C \u2014 60 g\u00e9lules Compl\u00e9ment alimentaire qui booste la production naturelle [&hellip;]<\/p>\n","protected":false},"featured_media":171,"comment_status":"open","ping_status":"closed","template":"","meta":[],"product_brand":[],"product_cat":[24],"product_tag":[],"class_list":{"0":"post-170","1":"product","2":"type-product","3":"status-publish","4":"has-post-thumbnail","6":"product_cat-pack","7":"product_shipping_class-duo-eclat-jeunesse-herbz","9":"first","10":"instock","11":"sale","12":"shipping-taxable","13":"purchasable","14":"product-type-simple"},"_links":{"self":[{"href":"https:\/\/dermavita.tn\/index.php?rest_route=\/wp\/v2\/product\/170","targetHints":{"allow":["GET"]}}],"collection":[{"href":"https:\/\/dermavita.tn\/index.php?rest_route=\/wp\/v2\/product"}],"about":[{"href":"https:\/\/dermavita.tn\/index.php?rest_route=\/wp\/v2\/types\/product"}],"replies":[{"embeddable":true,"href":"https:\/\/dermavita.tn\/index.php?rest_route=%2Fwp%2Fv2%2Fcomments&post=170"}],"wp:featuredmedia":[{"embeddable":true,"href":"https:\/\/dermavita.tn\/index.php?rest_route=\/wp\/v2\/media\/171"}],"wp:attachment":[{"href":"https:\/\/dermavita.tn\/index.php?rest_route=%2Fwp%2Fv2%2Fmedia&parent=170"}],"wp:term":[{"taxonomy":"product_brand","embeddable":true,"href":"https:\/\/dermavita.tn\/index.php?rest_route=%2Fwp%2Fv2%2Fproduct_brand&post=170"},{"taxonomy":"product_cat","embeddable":true,"href":"https:\/\/dermavita.tn\/index.php?rest_route=%2Fwp%2Fv2%2Fproduct_cat&post=170"},{"taxonomy":"product_tag","embeddable":true,"href":"https:\/\/dermavita.tn\/index.php?rest_route=%2Fwp%2Fv2%2Fproduct_tag&post=170"}],"curies":[{"name":"wp","href":"https:\/\/api.w.org\/{rel}","templated":true}]}}