{"id":172,"date":"2026-05-08T01:15:57","date_gmt":"2026-05-07T23:15:57","guid":{"rendered":"https:\/\/dermavita.tn\/?post_type=product&#038;p=172"},"modified":"2026-05-08T01:16:32","modified_gmt":"2026-05-07T23:16:32","slug":"duo-daylong-extreme-spf-50-100ml50ml","status":"publish","type":"product","link":"https:\/\/dermavita.tn\/?product=duo-daylong-extreme-spf-50-100ml50ml","title":{"rendered":"Duo Daylong Extreme SPF 50+ ( 100ml+50ml)"},"content":{"rendered":"<p>Prot\u00e9gez votre peau toute la journ\u00e9e avec notre duo solaire haute performance :<br \/>\nDaylong Extreme Lait Solaire Liposomal 100ml<br \/>\nProtection solaire longue dur\u00e9e, formule liposomale qui p\u00e9n\u00e8tre en profondeur pour une protection optimale et une hydratation continue.<br \/>\nDaylong Extreme Lait Solaire Liposomal 50ml<br \/>\nLe m\u00eame soin haute protection en format pratique, id\u00e9al pour emporter partout avec vous.<\/p>\n<p style=\"text-align: right;\">\u0627\u062d\u0645\u064a \u0628\u0634\u0631\u062a\u0643 \u0639\u0644\u0649 \u0645\u062f\u0627\u0631 \u0627\u0644\u064a\u0648\u0645 \u0645\u0639 \u062b\u0646\u0627\u0626\u064a \u0627\u0644\u062d\u0645\u0627\u064a\u0629 \u0627\u0644\u0634\u0645\u0633\u064a\u0629 \u0639\u0627\u0644\u064a \u0627\u0644\u0623\u062f\u0627\u0621:<br \/>\n\u0644\u0648\u0634\u0646 \u0634\u0645\u0633\u064a Daylong Extreme \u0644\u064a\u0628\u0648\u0632\u0648\u0645\u0627\u0644 100\u0645\u0644<br \/>\n\u062d\u0645\u0627\u064a\u0629 \u0637\u0648\u064a\u0644\u0629 \u0627\u0644\u0623\u0645\u062f \u0628\u062a\u0642\u0646\u064a\u0629 \u0644\u064a\u0628\u0648\u0632\u0648\u0645\u064a\u0629 \u062a\u062a\u063a\u0644\u063a\u0644 \u0641\u064a \u0639\u0645\u0642 \u0627\u0644\u0628\u0634\u0631\u0629 \u0644\u062d\u0645\u0627\u064a\u0629 \u0645\u062b\u0627\u0644\u064a\u0629 \u0648\u062a\u0631\u0637\u064a\u0628 \u0645\u0633\u062a\u0645\u0631.<br \/>\n\u0644\u0648\u0634\u0646 \u0634\u0645\u0633\u064a Daylong Extreme \u0644\u064a\u0628\u0648\u0632\u0648\u0645\u0627\u0644 50\u0645\u0644<br \/>\n\u0646\u0641\u0633 \u0627\u0644\u062d\u0645\u0627\u064a\u0629 \u0627\u0644\u0639\u0627\u0644\u064a\u0629 \u0641\u064a \u062d\u062c\u0645 \u0639\u0645\u0644\u064a\u060c \u0645\u062b\u0627\u0644\u064a \u0644\u0644\u0627\u0635\u0637\u062d\u0627\u0628 \u0641\u064a \u0623\u064a \u0645\u0643\u0627\u0646<\/p>\n","protected":false},"excerpt":{"rendered":"<p>Prot\u00e9gez votre peau toute la journ\u00e9e avec notre duo solaire haute performance : Daylong Extreme Lait Solaire Liposomal 100ml Protection solaire longue dur\u00e9e, formule liposomale qui p\u00e9n\u00e8tre en profondeur pour [&hellip;]<\/p>\n","protected":false},"featured_media":173,"comment_status":"open","ping_status":"closed","template":"","meta":[],"product_brand":[],"product_cat":[24],"product_tag":[],"class_list":{"0":"post-172","1":"product","2":"type-product","3":"status-publish","4":"has-post-thumbnail","6":"product_cat-pack","8":"first","9":"instock","10":"sale","11":"shipping-taxable","12":"purchasable","13":"product-type-simple"},"_links":{"self":[{"href":"https:\/\/dermavita.tn\/index.php?rest_route=\/wp\/v2\/product\/172","targetHints":{"allow":["GET"]}}],"collection":[{"href":"https:\/\/dermavita.tn\/index.php?rest_route=\/wp\/v2\/product"}],"about":[{"href":"https:\/\/dermavita.tn\/index.php?rest_route=\/wp\/v2\/types\/product"}],"replies":[{"embeddable":true,"href":"https:\/\/dermavita.tn\/index.php?rest_route=%2Fwp%2Fv2%2Fcomments&post=172"}],"wp:featuredmedia":[{"embeddable":true,"href":"https:\/\/dermavita.tn\/index.php?rest_route=\/wp\/v2\/media\/173"}],"wp:attachment":[{"href":"https:\/\/dermavita.tn\/index.php?rest_route=%2Fwp%2Fv2%2Fmedia&parent=172"}],"wp:term":[{"taxonomy":"product_brand","embeddable":true,"href":"https:\/\/dermavita.tn\/index.php?rest_route=%2Fwp%2Fv2%2Fproduct_brand&post=172"},{"taxonomy":"product_cat","embeddable":true,"href":"https:\/\/dermavita.tn\/index.php?rest_route=%2Fwp%2Fv2%2Fproduct_cat&post=172"},{"taxonomy":"product_tag","embeddable":true,"href":"https:\/\/dermavita.tn\/index.php?rest_route=%2Fwp%2Fv2%2Fproduct_tag&post=172"}],"curies":[{"name":"wp","href":"https:\/\/api.w.org\/{rel}","templated":true}]}}