{"id":174,"date":"2026-05-08T01:27:20","date_gmt":"2026-05-07T23:27:20","guid":{"rendered":"https:\/\/dermavita.tn\/?post_type=product&#038;p=174"},"modified":"2026-05-08T01:27:20","modified_gmt":"2026-05-07T23:27:20","slug":"duo-effaclar-peau-nette-sans-imperfections","status":"publish","type":"product","link":"https:\/\/dermavita.tn\/?product=duo-effaclar-peau-nette-sans-imperfections","title":{"rendered":"Duo Effaclar \u2014 Peau Nette &#038; Sans Imperfections"},"content":{"rendered":"<p>La routine compl\u00e8te La Roche-Posay pour une peau purifi\u00e9e, nette et sans imperfections :<br \/>\nEffaclar Gel Moussant Purifiant 200ml<br \/>\nNettoie en profondeur les peaux grasses et sensibles, \u00e9limine l\u2019exc\u00e8s de s\u00e9bum et les impuret\u00e9s sans agresser la peau. \u00c9quilibre le pH naturellement.<br \/>\nEffaclar Duo+M 40ml \u2014 Soin Triple Correction<br \/>\nCombat les boutons, points noirs et marques post-acn\u00e9. Efficacit\u00e9 visible d\u00e8s 8h, action anti-rechute jusqu\u2019\u00e0 3 mois. Enrichi par la science du microbiome.<\/p>\n<p style=\"text-align: right;\">\u0627\u0644\u0631\u0648\u062a\u064a\u0646 \u0627\u0644\u0643\u0627\u0645\u0644 \u0645\u0646 La Roche-Posay \u0644\u0628\u0634\u0631\u0629 \u0645\u064f\u0646\u0642\u0651\u0627\u0629\u060c \u0635\u0627\u0641\u064a\u0629 \u0648\u062e\u0627\u0644\u064a\u0629 \u0645\u0646 \u0627\u0644\u0634\u0648\u0627\u0626\u0628:<br \/>\n\ud83e\uddf4 Effaclar \u062c\u0644 \u0645\u0646\u0638\u0641 \u0645\u064f\u0637\u0647\u0651\u0631 200\u0645\u0644<br \/>\n\u064a\u0646\u0638\u0641 \u0628\u0639\u0645\u0642 \u0627\u0644\u0628\u0634\u0631\u0629 \u0627\u0644\u062f\u0647\u0646\u064a\u0629 \u0648\u0627\u0644\u062d\u0633\u0627\u0633\u0629\u060c \u064a\u064f\u0632\u064a\u0644 \u0627\u0644\u0632\u0647\u0645 \u0627\u0644\u0632\u0627\u0626\u062f \u0648\u0627\u0644\u0634\u0648\u0627\u0626\u0628 \u062f\u0648\u0646 \u0625\u064a\u0630\u0627\u0621 \u0627\u0644\u0628\u0634\u0631\u0629. \u064a\u064f\u0648\u0627\u0632\u0646 \u0627\u0644\u0640 pH \u0628\u0634\u0643\u0644 \u0637\u0628\u064a\u0639\u064a.<br \/>\n\ud83d\udc8a Effaclar Duo+M 40\u0645\u0644 \u2014 \u0639\u0644\u0627\u062c \u062b\u0644\u0627\u062b\u064a \u0627\u0644\u062a\u0635\u062d\u064a\u062d<br \/>\n\u064a\u064f\u062d\u0627\u0631\u0628 \u0627\u0644\u062d\u0628\u0648\u0628\u060c \u0627\u0644\u0631\u0624\u0648\u0633 \u0627\u0644\u0633\u0648\u062f\u0627\u0621 \u0648\u0622\u062b\u0627\u0631 \u062d\u0628 \u0627\u0644\u0634\u0628\u0627\u0628. \u0641\u0639\u0627\u0644\u064a\u0629 \u0645\u0631\u0626\u064a\u0629 \u0645\u0646 \u0623\u0648\u0644 8 \u0633\u0627\u0639\u0627\u062a\u060c \u064a\u0645\u0646\u0639 \u0627\u0644\u0639\u0648\u062f\u0629 \u0644\u0645\u062f\u0629 3 \u0623\u0634\u0647\u0631. \u0645\u064f\u0639\u0632\u0651\u0632 \u0628\u0639\u0644\u0645 \u0627\u0644\u0645\u064a\u0643\u0631\u0648\u0628\u064a\u0648\u0645<\/p>\n","protected":false},"excerpt":{"rendered":"<p>La routine compl\u00e8te La Roche-Posay pour une peau purifi\u00e9e, nette et sans imperfections : Effaclar Gel Moussant Purifiant 200ml Nettoie en profondeur les peaux grasses et sensibles, \u00e9limine l\u2019exc\u00e8s de [&hellip;]<\/p>\n","protected":false},"featured_media":175,"comment_status":"open","ping_status":"closed","template":"","meta":[],"product_brand":[],"product_cat":[24],"product_tag":[],"class_list":{"0":"post-174","1":"product","2":"type-product","3":"status-publish","4":"has-post-thumbnail","6":"product_cat-pack","8":"first","9":"instock","10":"sale","11":"shipping-taxable","12":"purchasable","13":"product-type-simple"},"_links":{"self":[{"href":"https:\/\/dermavita.tn\/index.php?rest_route=\/wp\/v2\/product\/174","targetHints":{"allow":["GET"]}}],"collection":[{"href":"https:\/\/dermavita.tn\/index.php?rest_route=\/wp\/v2\/product"}],"about":[{"href":"https:\/\/dermavita.tn\/index.php?rest_route=\/wp\/v2\/types\/product"}],"replies":[{"embeddable":true,"href":"https:\/\/dermavita.tn\/index.php?rest_route=%2Fwp%2Fv2%2Fcomments&post=174"}],"wp:featuredmedia":[{"embeddable":true,"href":"https:\/\/dermavita.tn\/index.php?rest_route=\/wp\/v2\/media\/175"}],"wp:attachment":[{"href":"https:\/\/dermavita.tn\/index.php?rest_route=%2Fwp%2Fv2%2Fmedia&parent=174"}],"wp:term":[{"taxonomy":"product_brand","embeddable":true,"href":"https:\/\/dermavita.tn\/index.php?rest_route=%2Fwp%2Fv2%2Fproduct_brand&post=174"},{"taxonomy":"product_cat","embeddable":true,"href":"https:\/\/dermavita.tn\/index.php?rest_route=%2Fwp%2Fv2%2Fproduct_cat&post=174"},{"taxonomy":"product_tag","embeddable":true,"href":"https:\/\/dermavita.tn\/index.php?rest_route=%2Fwp%2Fv2%2Fproduct_tag&post=174"}],"curies":[{"name":"wp","href":"https:\/\/api.w.org\/{rel}","templated":true}]}}