{"id":196,"date":"2026-05-12T23:10:50","date_gmt":"2026-05-12T21:10:50","guid":{"rendered":"https:\/\/dermavita.tn\/?post_type=product&#038;p=196"},"modified":"2026-05-12T23:10:50","modified_gmt":"2026-05-12T21:10:50","slug":"duo-avene-creme-minerale-tres-haute-protection-spf-50","status":"publish","type":"product","link":"https:\/\/dermavita.tn\/?product=duo-avene-creme-minerale-tres-haute-protection-spf-50","title":{"rendered":"DUO Av\u00e8ne \u2013 Cr\u00e8me Min\u00e9rale Tr\u00e8s Haute Protection SPF 50+"},"content":{"rendered":"<div class=\"woocommerce-tabs wc-tabs-wrapper\">\n<div id=\"tab-description\" class=\"woocommerce-Tabs-panel woocommerce-Tabs-panel--description panel entry-content wc-tab\" role=\"tabpanel\" aria-labelledby=\"tab-title-description\">\n<p>Sa formule repose sur un \u00e9cran min\u00e9ral stable et efficace, offrant une haute tol\u00e9rance et une protection optimale contre les rayons UVA et UVB.<br \/>\n* Type de peau : Exclusivement formul\u00e9e pour les peaux intol\u00e9rantes ou allergiques aux filtres chimiques et aux parfums. Id\u00e9ale pour les adultes et les enfants \u00e0 la peau tr\u00e8s r\u00e9active.<br \/>\n* Protection 100% Min\u00e9rale : Utilise un complexe filtrant min\u00e9ral sans aucun filtre chimique.<br \/>\n* Apaisante : Riche en Eau Thermale d\u2019Av\u00e8ne, connue pour ses propri\u00e9t\u00e9s apaisantes, anti-irritantes et adoucissantes.<br \/>\n* Texture : Texture riche et onctueuse qui hydrate intens\u00e9ment tout en prot\u00e9geant.<br \/>\n* Haute Tol\u00e9rance :\u00a0 sans paraben et tr\u00e8s r\u00e9sistante \u00e0 l\u2019eau.<\/p>\n<p>\u062e\u0635\u064a\u0635\u0627\u064b \u0644\u062a\u0648\u0641\u064a\u0631 \u0623\u0642\u0635\u0649 \u062f\u0631\u062c\u0627\u062a \u0627\u0644\u062d\u0645\u0627\u064a\u0629 \u0645\u0646 \u0627\u0644\u0634\u0645\u0633 \u0644\u0644\u0628\u0634\u0631\u0629 \u0627\u0644\u0623\u0643\u062b\u0631 \u0647\u0634\u0627\u0634\u0629. \u062a\u0639\u062a\u0645\u062f \u062a\u0631\u0643\u064a\u0628\u062a\u0647 \u0639\u0644\u0649 \u0648\u0627\u0642\u064a \u0645\u0639\u062f\u0646\u064a \u0645\u0633\u062a\u0642\u0631 \u0648\u0641\u0639\u0627\u0644\u060c \u0645\u0645\u0627 \u064a\u0636\u0645\u0646 \u062a\u062d\u0645\u0644\u0627\u064b \u0639\u0627\u0644\u064a\u0627\u064b \u0648\u062d\u0645\u0627\u064a\u0629 \u0645\u062b\u0627\u0644\u064a\u0629 \u0636\u062f \u0623\u0634\u0639\u0629<\/p>\n<p>UVA \u0648 UVB.<br \/>\n* \u0646\u0648\u0639 \u0627\u0644\u0628\u0634\u0631\u0629: \u0645\u064f\u0631\u0643\u0628 \u062e\u0635\u064a\u0635\u0627\u064b \u0644\u0644\u0628\u0634\u0631\u0629 \u0627\u0644\u062a\u064a \u0644\u0627 \u062a\u062a\u062d\u0645\u0644 \u0627\u0644\u0641\u0644\u0627\u062a\u0631 \u0627\u0644\u0643\u064a\u0645\u064a\u0627\u0626\u064a\u0629 \u0623\u0648 \u0627\u0644\u0639\u0637\u0648\u0631\u060c \u0648\u0627\u0644\u0628\u0634\u0631\u0629 \u0627\u0644\u0645\u0639\u0631\u0636\u0629 \u0644\u0644\u062d\u0633\u0627\u0633\u064a\u0629. \u0645\u062b\u0627\u0644\u064a \u0644\u0644\u0628\u0627\u0644\u063a\u064a\u0646 \u0648\u0627\u0644\u0623\u0637\u0641\u0627\u0644 \u0630\u0648\u064a \u0627\u0644\u0628\u0634\u0631\u0629 \u0627\u0644\u062d\u0633\u0627\u0633\u0629 \u062c\u062f\u0627\u064b.<br \/>\n* \u062d\u0645\u0627\u064a\u0629 \u0645\u0639\u062f\u0646\u064a\u0629 100%: \u064a\u0639\u062a\u0645\u062f \u0628\u0627\u0644\u0643\u0627\u0645\u0644 \u0639\u0644\u0649 \u0641\u0644\u0627\u062a\u0631 \u0645\u0639\u062f\u0646\u064a\u0629 \u0628\u062f\u0648\u0646 \u0623\u064a \u0645\u0648\u0627\u062f \u0643\u064a\u0645\u064a\u0627\u0626\u064a\u0629.<br \/>\n* \u0645\u0647\u062f\u0626 \u0644\u0644\u0628\u0634\u0631\u0629: \u063a\u0646\u064a \u0628\u0645\u064a\u0627\u0647 \u0623\u0641\u064a\u0646 \u0627\u0644\u062d\u0631\u0627\u0631\u064a\u0629 \u0627\u0644\u0645\u0639\u0631\u0648\u0641\u0629 \u0628\u062e\u0635\u0627\u0626\u0635\u0647\u0627 \u0627\u0644\u0645\u0647\u062f\u0626\u0629 \u0648\u0627\u0644\u0645\u0636\u0627\u062f\u0629 \u0644\u0644\u062a\u0647\u064a\u062c.<br \/>\n* \u0627\u0644\u0642\u0648\u0627\u0645: \u0642\u0648\u0627\u0645 \u063a\u0646\u064a \u0648\u0643\u0631\u064a\u0645\u064a \u064a\u0648\u0641\u0631 \u062a\u0631\u0637\u064a\u0628\u0627\u064b \u0645\u0643\u062b\u0641\u0627\u064b \u0623\u062b\u0646\u0627\u0621 \u0627\u0644\u062d\u0645\u0627\u064a\u0629.<br \/>\n* \u0623\u0645\u0627\u0646 \u0639\u0627\u0644\u064d:\u00a0 \u062e\u0627\u0644\u064a \u0645\u0646 \u0627\u0644\u0628\u0627\u0631\u0627\u0628\u064a\u0646\u060c \u0648\u0645\u0642\u0627\u0648\u0645 \u062c\u062f\u0627\u064b \u0644\u0644\u0645\u0627\u0621.<\/p>\n<\/div>\n<\/div>\n<section class=\"related products\">\n<h2><\/h2>\n<\/section>\n","protected":false},"excerpt":{"rendered":"<p>Sa formule repose sur un \u00e9cran min\u00e9ral stable et efficace, offrant une haute tol\u00e9rance et une protection optimale contre les rayons UVA et UVB. * Type de peau : Exclusivement [&hellip;]<\/p>\n","protected":false},"featured_media":197,"comment_status":"open","ping_status":"closed","template":"","meta":[],"product_brand":[],"product_cat":[24],"product_tag":[],"class_list":{"0":"post-196","1":"product","2":"type-product","3":"status-publish","4":"has-post-thumbnail","6":"product_cat-pack","8":"first","9":"instock","10":"sale","11":"shipping-taxable","12":"purchasable","13":"product-type-simple"},"_links":{"self":[{"href":"https:\/\/dermavita.tn\/index.php?rest_route=\/wp\/v2\/product\/196","targetHints":{"allow":["GET"]}}],"collection":[{"href":"https:\/\/dermavita.tn\/index.php?rest_route=\/wp\/v2\/product"}],"about":[{"href":"https:\/\/dermavita.tn\/index.php?rest_route=\/wp\/v2\/types\/product"}],"replies":[{"embeddable":true,"href":"https:\/\/dermavita.tn\/index.php?rest_route=%2Fwp%2Fv2%2Fcomments&post=196"}],"wp:featuredmedia":[{"embeddable":true,"href":"https:\/\/dermavita.tn\/index.php?rest_route=\/wp\/v2\/media\/197"}],"wp:attachment":[{"href":"https:\/\/dermavita.tn\/index.php?rest_route=%2Fwp%2Fv2%2Fmedia&parent=196"}],"wp:term":[{"taxonomy":"product_brand","embeddable":true,"href":"https:\/\/dermavita.tn\/index.php?rest_route=%2Fwp%2Fv2%2Fproduct_brand&post=196"},{"taxonomy":"product_cat","embeddable":true,"href":"https:\/\/dermavita.tn\/index.php?rest_route=%2Fwp%2Fv2%2Fproduct_cat&post=196"},{"taxonomy":"product_tag","embeddable":true,"href":"https:\/\/dermavita.tn\/index.php?rest_route=%2Fwp%2Fv2%2Fproduct_tag&post=196"}],"curies":[{"name":"wp","href":"https:\/\/api.w.org\/{rel}","templated":true}]}}