{"id":198,"date":"2026-05-12T23:28:34","date_gmt":"2026-05-12T21:28:34","guid":{"rendered":"https:\/\/dermavita.tn\/?post_type=product&#038;p=198"},"modified":"2026-05-12T23:28:34","modified_gmt":"2026-05-12T21:28:34","slug":"la-roche-posay-serum-mela-b3","status":"publish","type":"product","link":"https:\/\/dermavita.tn\/?product=la-roche-posay-serum-mela-b3","title":{"rendered":"La roche Posay  SERUM Mela B3"},"content":{"rendered":"<p data-start=\"91\" data-end=\"285\">Le s\u00e9rum Mela B3 de <span class=\"hover:entity-accent entity-underline inline cursor-pointer align-baseline\"><span class=\"whitespace-normal\">La Roche-Posay<\/span><\/span> est un soin correcteur anti-taches con\u00e7u pour r\u00e9duire l\u2019apparence des taches pigmentaires, des marques post-acn\u00e9 et du teint irr\u00e9gulier.<\/p>\n<p data-start=\"287\" data-end=\"452\">Sa formule enrichie en Melasyl\u2122 et en niacinamide (vitamine B3) aide \u00e0 corriger les taches persistantes, pr\u00e9venir leur r\u00e9apparition et redonner de l\u2019\u00e9clat \u00e0 la peau.<\/p>\n<h3 data-section-id=\"7m39hx\" data-start=\"454\" data-end=\"469\">Bienfaits :<\/h3>\n<ul>\n<li data-section-id=\"1yj2peh\" data-start=\"470\" data-end=\"512\">R\u00e9duit les taches brunes et les marques.<\/li>\n<li data-section-id=\"17d1ibb\" data-start=\"513\" data-end=\"543\">Unifie et illumine le teint.<\/li>\n<li data-section-id=\"pm1tl5\" data-start=\"544\" data-end=\"589\">Aide \u00e0 pr\u00e9venir la r\u00e9apparition des taches.<\/li>\n<li data-section-id=\"8rq1hj\" data-start=\"590\" data-end=\"634\">Hydrate et am\u00e9liore la texture de la peau.<\/li>\n<li>Convient aux peaux sensibles.<\/li>\n<\/ul>\n<h3 data-section-id=\"7zi3vv\" data-start=\"870\" data-end=\"936\"><span class=\"hover:entity-accent entity-underline inline cursor-pointer align-baseline\"><span class=\"whitespace-normal\">La Roche-Posay<\/span><\/span> \u0645\u064a\u0644\u0627 B3 \u0633\u064a\u0631\u0648\u0645 \u0645\u0636\u0627\u062f \u0644\u0644\u0628\u0642\u0639<\/h3>\n<p data-start=\"938\" data-end=\"1062\">\u0633\u064a\u0631\u0648\u0645 \u0645\u064a\u0644\u0627 B3 \u0645\u0646 <span class=\"hover:entity-accent entity-underline inline cursor-pointer align-baseline\"><span class=\"whitespace-normal\">La Roche-Posay<\/span><\/span> \u0647\u0648 \u0639\u0644\u0627\u062c \u0645\u062e\u0635\u0635 \u0644\u0644\u062a\u062e\u0641\u064a\u0641 \u0645\u0646 \u0627\u0644\u0628\u0642\u0639 \u0627\u0644\u062f\u0627\u0643\u0646\u0629 \u0648\u0622\u062b\u0627\u0631 \u0627\u0644\u062d\u0628\u0648\u0628 \u0648\u062a\u0648\u062d\u064a\u062f \u0644\u0648\u0646 \u0627\u0644\u0628\u0634\u0631\u0629.<\/p>\n<p data-start=\"1064\" data-end=\"1215\">\u062a\u0631\u0643\u064a\u0628\u062a\u0647 \u0627\u0644\u063a\u0646\u064a\u0629 \u0628\u0645\u0627\u062f\u0629 Melasyl\u2122 \u0648\u0627\u0644\u0646\u064a\u0627\u0633\u064a\u0646\u0627\u0645\u064a\u062f (\u0641\u064a\u062a\u0627\u0645\u064a\u0646 B3) \u062a\u0633\u0627\u0639\u062f \u0639\u0644\u0649 \u062a\u0635\u062d\u064a\u062d \u0627\u0644\u062a\u0635\u0628\u063a\u0627\u062a\u060c \u0627\u0644\u062a\u0642\u0644\u064a\u0644 \u0645\u0646 \u0638\u0647\u0648\u0631 \u0627\u0644\u0628\u0642\u0639 \u0627\u0644\u0645\u062a\u0643\u0631\u0631\u0629\u060c \u0648\u0645\u0646\u062d \u0627\u0644\u0628\u0634\u0631\u0629 \u0625\u0634\u0631\u0627\u0642\u0629 \u0648\u0644\u0645\u0639\u0627\u0646\u064b\u0627 \u0637\u0628\u064a\u0639\u064a\u064b\u0627.<\/p>\n<h3 data-section-id=\"pgapmg\" data-start=\"1217\" data-end=\"1229\">\u0627\u0644\u0641\u0648\u0627\u0626\u062f:<\/h3>\n<ul data-start=\"1230\" data-end=\"1384\">\n<li data-section-id=\"12s6td3\" data-start=\"1230\" data-end=\"1267\">\u064a\u062e\u0641\u0641 \u0645\u0646 \u0627\u0644\u0628\u0642\u0639 \u0627\u0644\u062f\u0627\u0643\u0646\u0629 \u0648\u0622\u062b\u0627\u0631 \u0627\u0644\u062d\u0628\u0648\u0628.<\/li>\n<li data-section-id=\"1o3twp7\" data-start=\"1268\" data-end=\"1301\">\u064a\u0648\u062d\u062f \u0644\u0648\u0646 \u0627\u0644\u0628\u0634\u0631\u0629 \u0648\u064a\u0645\u0646\u062d\u0647\u0627 \u0625\u0634\u0631\u0627\u0642\u0629.<\/li>\n<li data-section-id=\"1jd9ttg\" data-start=\"1302\" data-end=\"1332\">\u064a\u0633\u0627\u0639\u062f \u0639\u0644\u0649 \u0645\u0646\u0639 \u0639\u0648\u062f\u0629 \u0627\u0644\u062a\u0635\u0628\u063a\u0627\u062a.<\/li>\n<li data-section-id=\"vgq10o\" data-start=\"1333\" data-end=\"1360\">\u064a\u0631\u0637\u0628 \u0627\u0644\u0628\u0634\u0631\u0629 \u0648\u064a\u062d\u0633\u0646 \u0645\u0644\u0645\u0633\u0647\u0627.<\/li>\n<li data-section-id=\"oxpc59\" data-start=\"1361\" data-end=\"1384\">\u0645\u0646\u0627\u0633\u0628 \u0644\u0644\u0628\u0634\u0631\u0629 \u0627\u0644\u062d\u0633\u0627\u0633\u0629.<\/li>\n<\/ul>\n","protected":false},"excerpt":{"rendered":"<p>Le s\u00e9rum Mela B3 de La Roche-Posay est un soin correcteur anti-taches con\u00e7u pour r\u00e9duire l\u2019apparence des taches pigmentaires, des marques post-acn\u00e9 et du teint irr\u00e9gulier. Sa formule enrichie en [&hellip;]<\/p>\n","protected":false},"featured_media":199,"comment_status":"open","ping_status":"closed","template":"","meta":[],"product_brand":[],"product_cat":[27],"product_tag":[],"class_list":{"0":"post-198","1":"product","2":"type-product","3":"status-publish","4":"has-post-thumbnail","6":"product_cat-traitements-serums","8":"first","9":"instock","10":"sale","11":"shipping-taxable","12":"purchasable","13":"product-type-simple"},"_links":{"self":[{"href":"https:\/\/dermavita.tn\/index.php?rest_route=\/wp\/v2\/product\/198","targetHints":{"allow":["GET"]}}],"collection":[{"href":"https:\/\/dermavita.tn\/index.php?rest_route=\/wp\/v2\/product"}],"about":[{"href":"https:\/\/dermavita.tn\/index.php?rest_route=\/wp\/v2\/types\/product"}],"replies":[{"embeddable":true,"href":"https:\/\/dermavita.tn\/index.php?rest_route=%2Fwp%2Fv2%2Fcomments&post=198"}],"wp:featuredmedia":[{"embeddable":true,"href":"https:\/\/dermavita.tn\/index.php?rest_route=\/wp\/v2\/media\/199"}],"wp:attachment":[{"href":"https:\/\/dermavita.tn\/index.php?rest_route=%2Fwp%2Fv2%2Fmedia&parent=198"}],"wp:term":[{"taxonomy":"product_brand","embeddable":true,"href":"https:\/\/dermavita.tn\/index.php?rest_route=%2Fwp%2Fv2%2Fproduct_brand&post=198"},{"taxonomy":"product_cat","embeddable":true,"href":"https:\/\/dermavita.tn\/index.php?rest_route=%2Fwp%2Fv2%2Fproduct_cat&post=198"},{"taxonomy":"product_tag","embeddable":true,"href":"https:\/\/dermavita.tn\/index.php?rest_route=%2Fwp%2Fv2%2Fproduct_tag&post=198"}],"curies":[{"name":"wp","href":"https:\/\/api.w.org\/{rel}","templated":true}]}}