{"id":62,"date":"2026-05-06T02:12:50","date_gmt":"2026-05-06T00:12:50","guid":{"rendered":"https:\/\/dermavita.tn\/?post_type=product&#038;p=62"},"modified":"2026-05-08T01:38:22","modified_gmt":"2026-05-07T23:38:22","slug":"neutrogena-clear-face-spf-50","status":"publish","type":"product","link":"https:\/\/dermavita.tn\/?product=neutrogena-clear-face-spf-50","title":{"rendered":"Neutrogena Clear Face SPF 50"},"content":{"rendered":"<p>L&rsquo;\u00e9cran solaire Neutrogena Clear Face est sp\u00e9cialement con\u00e7u pour les peaux \u00e0 tendance acn\u00e9ique. Sa formule ultra-l\u00e9g\u00e8re offre une protection solaire maximale tout en laissant votre peau respirer.<br \/>\n* Protection Haute Performance : SPF 50 \u00e0 large spectre contre les UVA\/UVB.<br \/>\n* Fini Invisible : Formule \u00ab\u00a0Oil-Free\u00a0\u00bb (sans huile) qui ne laisse pas de traces blanches ni de brillance.<br \/>\n* Anti-Imperfections : Non com\u00e9dog\u00e8ne, il ne cause pas de boutons (\u00ab\u00a0Breakout Free\u00a0\u00bb).<br \/>\n* R\u00e9sistance : R\u00e9sistant \u00e0 l&rsquo;eau et \u00e0 la transpiration jusqu&rsquo;\u00e0 80 minutes.<\/p>\n<p style=\"text-align: right;\">L&rsquo;\u00e9cran solaire Neutrogena Clear Face<\/p>\n<p style=\"text-align: right;\">\u00a0(UVA\/UVB) \u00a0\u0636\u062f \u0627\u0644\u0623\u0634\u0639\u0629 \u0641\u0648\u0642 \u0627\u0644\u0628\u0646\u0641\u0633\u062c\u064a\u0629\u00a0 SPF 50\u00a0 \u0648\u0642\u0627\u064a\u0629<br \/>\n* \u062e\u0627\u0644\u064d \u0645\u0646 \u0627\u0644\u0632\u064a\u0648\u062a: \u062a\u0631\u0643\u064a\u0628\u0629 \u0645\u0627\u0626\u064a\u0629 \u0644\u0627 \u062a\u0633\u0628\u0628 \u0644\u0645\u0639\u0627\u0646\u0627\u064b \u0648\u0644\u0627 \u062a\u062a\u0631\u0643 \u0623\u064a \u0622\u062b\u0627\u0631 \u0628\u064a\u0636\u0627\u0621 \u0639\u0644\u0649 \u0627\u0644\u0628\u0634\u0631\u0629.<br \/>\n* \u0644\u0627 \u064a\u0633\u0628\u0628 \u0627\u0644\u0628\u062b\u0648\u0631: \u0645\u0646\u062a\u062c \u063a\u064a\u0631 \u0643\u0648\u0645\u064a\u062f\u0648\u063a\u064a\u0646\u064a\u0643 (Non-Comedogenic) \u0645\u0635\u0645\u0645 \u0628\u062d\u064a\u062b \u0644\u0627 \u064a\u0633\u062f \u0627\u0644\u0645\u0633\u0627\u0645 \u0623\u0648 \u064a\u0633\u0628\u0628 \u0638\u0647\u0648\u0631 \u062d\u0628\u0648\u0628 \u0627\u0644\u0634\u0628\u0627\u0628.<br \/>\n* \u0645\u0642\u0627\u0648\u0645 \u0644\u0644\u0645\u0627\u0621: \u0645\u0642\u0627\u0648\u0645 \u0644\u0644\u062a\u0639\u0631\u0642 \u0648\u0627\u0644\u0645\u064a\u0627\u0647 \u0644\u0645\u062f\u0629 \u062a\u0635\u0644 \u0625\u0644\u0649 80 \u062f\u0642\u064a\u0642\u0629.<\/p>\n","protected":false},"excerpt":{"rendered":"<p>L&rsquo;\u00e9cran solaire Neutrogena Clear Face est sp\u00e9cialement con\u00e7u pour les peaux \u00e0 tendance acn\u00e9ique. Sa formule ultra-l\u00e9g\u00e8re offre une protection solaire maximale tout en laissant votre peau respirer. * Protection [&hellip;]<\/p>\n","protected":false},"featured_media":63,"comment_status":"open","ping_status":"closed","template":"","meta":[],"product_brand":[],"product_cat":[15],"product_tag":[],"class_list":{"0":"post-62","1":"product","2":"type-product","3":"status-publish","4":"has-post-thumbnail","6":"product_cat-non-classe","8":"first","9":"outofstock","10":"sale","11":"shipping-taxable","12":"purchasable","13":"product-type-simple"},"_links":{"self":[{"href":"https:\/\/dermavita.tn\/index.php?rest_route=\/wp\/v2\/product\/62","targetHints":{"allow":["GET"]}}],"collection":[{"href":"https:\/\/dermavita.tn\/index.php?rest_route=\/wp\/v2\/product"}],"about":[{"href":"https:\/\/dermavita.tn\/index.php?rest_route=\/wp\/v2\/types\/product"}],"replies":[{"embeddable":true,"href":"https:\/\/dermavita.tn\/index.php?rest_route=%2Fwp%2Fv2%2Fcomments&post=62"}],"wp:featuredmedia":[{"embeddable":true,"href":"https:\/\/dermavita.tn\/index.php?rest_route=\/wp\/v2\/media\/63"}],"wp:attachment":[{"href":"https:\/\/dermavita.tn\/index.php?rest_route=%2Fwp%2Fv2%2Fmedia&parent=62"}],"wp:term":[{"taxonomy":"product_brand","embeddable":true,"href":"https:\/\/dermavita.tn\/index.php?rest_route=%2Fwp%2Fv2%2Fproduct_brand&post=62"},{"taxonomy":"product_cat","embeddable":true,"href":"https:\/\/dermavita.tn\/index.php?rest_route=%2Fwp%2Fv2%2Fproduct_cat&post=62"},{"taxonomy":"product_tag","embeddable":true,"href":"https:\/\/dermavita.tn\/index.php?rest_route=%2Fwp%2Fv2%2Fproduct_tag&post=62"}],"curies":[{"name":"wp","href":"https:\/\/api.w.org\/{rel}","templated":true}]}}