{"id":68,"date":"2026-05-06T04:00:45","date_gmt":"2026-05-06T02:00:45","guid":{"rendered":"https:\/\/dermavita.tn\/?post_type=product&#038;p=68"},"modified":"2026-05-06T04:47:16","modified_gmt":"2026-05-06T02:47:16","slug":"some-by-mi-v10-hyal-air-fit-sunscreen-spf50","status":"publish","type":"product","link":"https:\/\/dermavita.tn\/?product=some-by-mi-v10-hyal-air-fit-sunscreen-spf50","title":{"rendered":"SOME BY MI &#8211; V10 Hyal Air Fit Sunscreen SPF50+"},"content":{"rendered":"<p>Sa formule ultra-l\u00e9g\u00e8re offre une protection maximale contre les UVA et UVB sans laisser de traces blanches ni de fini gras.<br \/>\n* Protection Avanc\u00e9e : SPF50+ PA++++ pour une d\u00e9fense totale contre les rayons solaires.<br \/>\n* Hydratation Intense : Enrichi en complexe Hyal (Acide Hyaluronique) pour maintenir une peau souple et hydrat\u00e9e toute la journ\u00e9e.<br \/>\n* \u00c9clat Vitamin\u00e9 : Contient 10 vitamines essentielles et de la Niacinamide pour unifier le teint et booster la luminosit\u00e9 naturelle.<br \/>\n* Confort \u00ab\u00a0Air Fit\u00a0\u00bb : Une texture fluide qui p\u00e9n\u00e8tre instantan\u00e9ment, id\u00e9ale comme base de maquillage.<\/p>\n<p style=\"text-align: right;\">SOME BY MI &#8211; V10 Hyal Air Fit Sunscreen SPF50+<\/p>\n<p style=\"text-align: right;\">\u062d\u0645\u0627\u064a\u0629 \u0645\u062a\u0637\u0648\u0631\u0629: \u0628\u0645\u0639\u0627\u0645\u0644 \u062d\u0645\u0627\u064a\u0629 SPF50+ PA++++ \u0644\u0644\u062f\u0641\u0627\u0639 \u0627\u0644\u0643\u0627\u0645\u0644 \u0636\u062f \u0627\u0644\u0623\u0634\u0639\u0629 \u0641\u0648\u0642 \u0627\u0644\u0628\u0646\u0641\u0633\u062c\u064a\u0629.<br \/>\n* \u062a\u0631\u0637\u064a\u0628 \u0639\u0645\u064a\u0642: \u063a\u0646\u064a \u0628\u0645\u0631\u0643\u0628 \u0627\u0644\u0647\u064a\u0627\u0644\u0648\u0631\u0648\u0646\u064a\u0643 \u0644\u0644\u062d\u0641\u0627\u0638 \u0639\u0644\u0649 \u0645\u0631\u0648\u0646\u0629 \u0648\u0631\u0637\u0648\u0628\u0629 \u0627\u0644\u0628\u0634\u0631\u0629 \u0637\u0648\u0627\u0644 \u0627\u0644\u064a\u0648\u0645.<br \/>\n* \u0625\u0634\u0631\u0627\u0642\u0629 \u0627\u0644\u0641\u064a\u062a\u0627\u0645\u064a\u0646\u0627\u062a: \u064a\u062d\u062a\u0648\u064a \u0639\u0644\u0649 10 \u0623\u0646\u0648\u0627\u0639 \u0645\u0646 \u0627\u0644\u0641\u064a\u062a\u0627\u0645\u064a\u0646\u0627\u062a \u0648\u0627\u0644\u0646\u064a\u0627\u0633\u064a\u0646\u0627\u0645\u064a\u062f \u0644\u062a\u0648\u062d\u064a\u062f \u0644\u0648\u0646 \u0627\u0644\u0628\u0634\u0631\u0629 \u0648\u0632\u064a\u0627\u062f\u0629 \u0646\u0636\u0627\u0631\u062a\u0647\u0627.<br \/>\n* \u0642\u0648\u0627\u0645 \u062e\u0641\u064a\u0641 (Air Fit): \u0645\u0644\u0645\u0633 \u0645\u0627\u0626\u064a \u064a\u0645\u062a\u0635\u0647 \u0627\u0644\u062c\u0644\u062f \u0641\u0648\u0631\u0627\u064b\u060c \u0645\u062b\u0627\u0644\u064a \u0644\u0644\u0627\u0633\u062a\u062e\u062f\u0627\u0645 \u0642\u0628\u0644 \u0627\u0644\u0645\u0643\u064a\u0627\u062c.<\/p>\n","protected":false},"excerpt":{"rendered":"<p>Sa formule ultra-l\u00e9g\u00e8re offre une protection maximale contre les UVA et UVB sans laisser de traces blanches ni de fini gras. * Protection Avanc\u00e9e : SPF50+ PA++++ pour une d\u00e9fense [&hellip;]<\/p>\n","protected":false},"featured_media":69,"comment_status":"open","ping_status":"closed","template":"","meta":[],"product_brand":[],"product_cat":[15],"product_tag":[],"class_list":{"0":"post-68","1":"product","2":"type-product","3":"status-publish","4":"has-post-thumbnail","6":"product_cat-non-classe","8":"first","9":"instock","10":"sale","11":"shipping-taxable","12":"purchasable","13":"product-type-simple"},"_links":{"self":[{"href":"https:\/\/dermavita.tn\/index.php?rest_route=\/wp\/v2\/product\/68","targetHints":{"allow":["GET"]}}],"collection":[{"href":"https:\/\/dermavita.tn\/index.php?rest_route=\/wp\/v2\/product"}],"about":[{"href":"https:\/\/dermavita.tn\/index.php?rest_route=\/wp\/v2\/types\/product"}],"replies":[{"embeddable":true,"href":"https:\/\/dermavita.tn\/index.php?rest_route=%2Fwp%2Fv2%2Fcomments&post=68"}],"wp:featuredmedia":[{"embeddable":true,"href":"https:\/\/dermavita.tn\/index.php?rest_route=\/wp\/v2\/media\/69"}],"wp:attachment":[{"href":"https:\/\/dermavita.tn\/index.php?rest_route=%2Fwp%2Fv2%2Fmedia&parent=68"}],"wp:term":[{"taxonomy":"product_brand","embeddable":true,"href":"https:\/\/dermavita.tn\/index.php?rest_route=%2Fwp%2Fv2%2Fproduct_brand&post=68"},{"taxonomy":"product_cat","embeddable":true,"href":"https:\/\/dermavita.tn\/index.php?rest_route=%2Fwp%2Fv2%2Fproduct_cat&post=68"},{"taxonomy":"product_tag","embeddable":true,"href":"https:\/\/dermavita.tn\/index.php?rest_route=%2Fwp%2Fv2%2Fproduct_tag&post=68"}],"curies":[{"name":"wp","href":"https:\/\/api.w.org\/{rel}","templated":true}]}}