{"id":70,"date":"2026-05-06T04:11:07","date_gmt":"2026-05-06T02:11:07","guid":{"rendered":"https:\/\/dermavita.tn\/?post_type=product&#038;p=70"},"modified":"2026-05-06T04:11:32","modified_gmt":"2026-05-06T02:11:32","slug":"cerave-ecran-solaire-mineral-spf-50-75ml","status":"publish","type":"product","link":"https:\/\/dermavita.tn\/?product=cerave-ecran-solaire-mineral-spf-50-75ml","title":{"rendered":"CeraVe &#8211; \u00c9cran Solaire Min\u00e9ral SPF 50 (75ml)"},"content":{"rendered":"<p>cet \u00e9cran solaire 100% min\u00e9ral cr\u00e9e une barri\u00e8re protectrice \u00e0 la surface de votre peau pour r\u00e9fl\u00e9chir les rayons UVA et UVB. Sa formule hydratante aide \u00e0 restaurer la barri\u00e8re cutan\u00e9e tout en offrant une protection solaire quotidienne efficace.<br \/>\nType de peau : Id\u00e9al pour les peaux s\u00e8ches et sensibles. Convient \u00e9galement aux peaux sujettes \u00e0 l&rsquo;ecz\u00e9ma (certifi\u00e9 par la National Eczema Association).<br \/>\n* Protection 100% Min\u00e9rale : Filtres \u00e0 base de dioxyde de titane et d&rsquo;oxyde de zinc sans filtres chimiques.<br \/>\n* Ingr\u00e9dients Cl\u00e9s : Enrichi en 3 c\u00e9ramides essentiels pour prot\u00e9ger la barri\u00e8re naturelle de la peau et en Niacinamide pour apaiser les rougeurs.<br \/>\n* Texture : Sensation l\u00e9g\u00e8re et non grasse.<br \/>\n* S\u00e9curit\u00e9 : Sans parfum, sans paraben, et test\u00e9 contre les allergies.<\/p>\n<p style=\"text-align: right;\">CeraVe &#8211; \u00c9cran Solaire Min\u00e9ral SPF 50 (75ml)<\/p>\n<p style=\"text-align: right;\">\u062a\u0645 \u062a\u0637\u0648\u064a\u0631\u0647 \u0645\u0639 \u0623\u0637\u0628\u0627\u0621 \u0627\u0644\u062c\u0644\u062f\u060c \u0648\u0627\u0642\u064a \u0627\u0644\u0634\u0645\u0633 \u0627\u0644\u0645\u0639\u062f\u0646\u064a 100% \u0645\u0646 \u0633\u064a\u0631\u0627\u0641\u064a \u064a\u0634\u0643\u0644 \u062d\u0627\u062c\u0632\u064b\u0627 \u0648\u0627\u0642\u064a\u064b\u0627 \u0639\u0644\u0649 \u0633\u0637\u062d \u0627\u0644\u0628\u0634\u0631\u0629 \u0644\u064a\u0639\u0643\u0633 \u0623\u0634\u0639\u0629 UVA \u0648 UVB. \u062a\u0639\u0645\u0644 \u062a\u0631\u0643\u064a\u0628\u062a\u0647 \u0627\u0644\u0645\u0631\u0637\u0628\u0629 \u0639\u0644\u0649 \u0627\u0633\u062a\u0639\u0627\u062f\u0629 \u062d\u0627\u062c\u0632 \u0627\u0644\u0628\u0634\u0631\u0629 \u0645\u0639 \u062a\u0648\u0641\u064a\u0631 \u062d\u0645\u0627\u064a\u0629 \u0641\u0639\u0627\u0644\u0629 \u0645\u0646 \u0627\u0644\u0634\u0645\u0633.<br \/>\n* \u0646\u0648\u0639 \u0627\u0644\u0628\u0634\u0631\u0629: \u0645\u062b\u0627\u0644\u064a \u0644\u0644\u0628\u0634\u0631\u0629 \u0627\u0644\u062c\u0627\u0641\u0629 \u0648\u0627\u0644\u062d\u0633\u0627\u0633\u0629. \u0645\u0646\u0627\u0633\u0628 \u0644\u0644\u0628\u0634\u0631\u0629 \u0627\u0644\u0645\u0639\u0631\u0636\u0629 \u0644\u0644\u0623\u0643\u0632\u064a\u0645\u0627 (\u0645\u0639\u062a\u0645\u062f \u0645\u0646 \u0627\u0644\u062c\u0645\u0639\u064a\u0629 \u0627\u0644\u0648\u0637\u0646\u064a\u0629 \u0644\u0644\u0623\u0643\u0632\u064a\u0645\u0627).<br \/>\n* \u062d\u0645\u0627\u064a\u0629 \u0645\u0639\u062f\u0646\u064a\u0629 100%: \u064a\u062d\u062a\u0648\u064a \u0639\u0644\u0649 \u062b\u0627\u0646\u064a \u0623\u0643\u0633\u064a\u062f \u0627\u0644\u062a\u064a\u062a\u0627\u0646\u064a\u0648\u0645 \u0648\u0623\u0643\u0633\u064a\u062f \u0627\u0644\u0632\u0646\u0643 \u0628\u062f\u0648\u0646 \u0641\u0644\u0627\u062a\u0631 \u0643\u064a\u0645\u064a\u0627\u0626\u064a\u0629.<br \/>\n* \u0627\u0644\u0645\u0643\u0648\u0646\u0627\u062a \u0627\u0644\u0623\u0633\u0627\u0633\u064a\u0629: \u0645\u062f\u0639\u0645 \u0628\u0640 3 \u0633\u064a\u0631\u0627\u0645\u064a\u062f\u0627\u062a \u0623\u0633\u0627\u0633\u064a\u0629 \u0644\u062d\u0645\u0627\u064a\u0629 \u062d\u0627\u062c\u0632 \u0627\u0644\u0628\u0634\u0631\u0629 \u0627\u0644\u0637\u0628\u064a\u0639\u064a\u060c \u0648\u0627\u0644\u0646\u064a\u0627\u0633\u064a\u0646\u0627\u0645\u064a\u062f \u0644\u062a\u0647\u062f\u0626\u0629 \u0627\u0644\u0628\u0634\u0631\u0629.<br \/>\n* \u0627\u0644\u0642\u0648\u0627\u0645: \u0645\u0644\u0645\u0633 \u062e\u0641\u064a\u0641 \u063a\u064a\u0631 \u062f\u0647\u0646\u064a.<br \/>\n* \u0627\u0644\u0623\u0645\u0627\u0646: \u062e\u0627\u0644\u064a \u0645\u0646 \u0627\u0644\u0639\u0637\u0648\u0631 \u0648\u0627\u0644\u0628\u0627\u0631\u0627\u0628\u064a\u0646\u060c \u0648\u0645\u062e\u062a\u0628\u0631 \u0636\u062f \u0627\u0644\u062d\u0633\u0627\u0633\u064a\u0629.<\/p>\n","protected":false},"excerpt":{"rendered":"<p>cet \u00e9cran solaire 100% min\u00e9ral cr\u00e9e une barri\u00e8re protectrice \u00e0 la surface de votre peau pour r\u00e9fl\u00e9chir les rayons UVA et UVB. Sa formule hydratante aide \u00e0 restaurer la barri\u00e8re [&hellip;]<\/p>\n","protected":false},"featured_media":71,"comment_status":"open","ping_status":"closed","template":"","meta":[],"product_brand":[],"product_cat":[15],"product_tag":[],"class_list":{"0":"post-70","1":"product","2":"type-product","3":"status-publish","4":"has-post-thumbnail","6":"product_cat-non-classe","8":"first","9":"instock","10":"shipping-taxable","11":"purchasable","12":"product-type-simple"},"_links":{"self":[{"href":"https:\/\/dermavita.tn\/index.php?rest_route=\/wp\/v2\/product\/70","targetHints":{"allow":["GET"]}}],"collection":[{"href":"https:\/\/dermavita.tn\/index.php?rest_route=\/wp\/v2\/product"}],"about":[{"href":"https:\/\/dermavita.tn\/index.php?rest_route=\/wp\/v2\/types\/product"}],"replies":[{"embeddable":true,"href":"https:\/\/dermavita.tn\/index.php?rest_route=%2Fwp%2Fv2%2Fcomments&post=70"}],"wp:featuredmedia":[{"embeddable":true,"href":"https:\/\/dermavita.tn\/index.php?rest_route=\/wp\/v2\/media\/71"}],"wp:attachment":[{"href":"https:\/\/dermavita.tn\/index.php?rest_route=%2Fwp%2Fv2%2Fmedia&parent=70"}],"wp:term":[{"taxonomy":"product_brand","embeddable":true,"href":"https:\/\/dermavita.tn\/index.php?rest_route=%2Fwp%2Fv2%2Fproduct_brand&post=70"},{"taxonomy":"product_cat","embeddable":true,"href":"https:\/\/dermavita.tn\/index.php?rest_route=%2Fwp%2Fv2%2Fproduct_cat&post=70"},{"taxonomy":"product_tag","embeddable":true,"href":"https:\/\/dermavita.tn\/index.php?rest_route=%2Fwp%2Fv2%2Fproduct_tag&post=70"}],"curies":[{"name":"wp","href":"https:\/\/api.w.org\/{rel}","templated":true}]}}