{"id":74,"date":"2026-05-06T04:31:09","date_gmt":"2026-05-06T02:31:09","guid":{"rendered":"https:\/\/dermavita.tn\/?post_type=product&#038;p=74"},"modified":"2026-05-06T04:31:09","modified_gmt":"2026-05-06T02:31:09","slug":"daylong-extreme-lait-solaire-liposomal-spf-50-100ml","status":"publish","type":"product","link":"https:\/\/dermavita.tn\/?product=daylong-extreme-lait-solaire-liposomal-spf-50-100ml","title":{"rendered":"Daylong \u2013 Extreme Lait Solaire Liposomal SPF 50+ (100ml)"},"content":{"rendered":"<div class=\"woocommerce-tabs wc-tabs-wrapper\">\n<div id=\"tab-description\" class=\"woocommerce-Tabs-panel woocommerce-Tabs-panel--description panel entry-content wc-tab\" role=\"tabpanel\" aria-labelledby=\"tab-title-description\">\n<p>Le lait solaire Daylong Extreme offre une protection de tr\u00e8s haute pr\u00e9cision contre les rayons UVA et UVB. Sa formulation liposomale unique permet aux filtres solaires de p\u00e9n\u00e9trer l\u00e0 o\u00f9 la peau en a le plus besoin, garantissant une tenue longue dur\u00e9e et une r\u00e9sistance exceptionnelle \u00e0 l\u2019eau et \u00e0 la transpiration.<br \/>\n* Type de peau : Id\u00e9al pour les peaux extr\u00eamement sensibles au soleil (phototypes I et II) et les peaux sujettes aux allergies solaires. Parfait pour les conditions d\u2019ensoleillement extr\u00eame (montagne, tropiques).<br \/>\n* Protection Liposomale : Une technologie avanc\u00e9e pour une r\u00e9partition homog\u00e8ne des filtres et une hydratation durable.<br \/>\n* Haute R\u00e9sistance : Ultra-r\u00e9sistant \u00e0 l\u2019eau (douce et sal\u00e9e) ainsi qu\u2019\u00e0 la sueur.<br \/>\n* Confort : Texture lait facile \u00e0 \u00e9taler et non grasse<\/p>\n<p style=\"text-align: right;\">Daylong \u2013 Extreme Lait Solaire Liposomal SPF 50+ (100ml)<\/p>\n<p style=\"text-align: right;\">\u00a0 UVA \u0648 UVB\u00a0 \u062d\u0645\u0627\u064a\u0629 \u0641\u0627\u0626\u0642\u0629 \u0627\u0644\u062f\u0642\u0629 \u0636\u062f \u0623\u0634\u0639\u0629<\/p>\n<p style=\"text-align: right;\">\u062a\u062a\u0645\u064a\u0632 \u062a\u0631\u0643\u064a\u0628\u062a\u0647 \u00ab\u00a0\u0627\u0644\u0644\u064a\u0628\u0648\u0632\u0648\u0645\u064a\u0629\u00a0\u00bb \u0628\u0642\u062f\u0631\u062a\u0647\u0627 \u0639\u0644\u0649 \u0625\u064a\u0635\u0627\u0644 \u0641\u0644\u0627\u062a\u0631 \u0627\u0644\u0634\u0645\u0633 \u0625\u0644\u0649 \u0637\u0628\u0642\u0627\u062a \u0627\u0644\u062c\u0644\u062f<\/p>\n<p style=\"text-align: right;\">* \u0646\u0648\u0639 \u0627\u0644\u0628\u0634\u0631\u0629: \u0645\u062b\u0627\u0644\u064a \u0644\u0644\u0628\u0634\u0631\u0629 \u0634\u062f\u064a\u062f\u0629 \u0627\u0644\u062d\u0633\u0627\u0633\u064a\u0629 \u0644\u0644\u0634\u0645\u0633 \u0648\u0627\u0644\u0628\u0634\u0631\u0629 \u0627\u0644\u0645\u0639\u0631\u0636\u0629 \u0644\u0644\u062d\u0633\u0627\u0633\u064a\u0629 \u0627\u0644\u0636\u0648\u0626\u064a\u0629. \u0645\u0645\u062a\u0627\u0632 \u0644\u0644\u0627\u0633\u062a\u062e\u062f\u0627\u0645 \u0641\u064a \u0638\u0631\u0648\u0641 \u0627\u0644\u0634\u0645\u0633 \u0627\u0644\u0642\u0648\u064a\u0629 \u062c\u062f\u0627\u064b (\u0645\u062b\u0644 \u0627\u0644\u0634\u0648\u0627\u0637\u0626 \u0623\u0648 \u0627\u0644\u062c\u0628\u0627\u0644).<br \/>\n* \u062a\u0642\u0646\u064a\u0629 \u0627\u0644\u0644\u064a\u0628\u0648\u0632\u0648\u0645: \u062a\u0642\u0646\u064a\u0629 \u0645\u062a\u0637\u0648\u0631\u0629 \u062a\u0636\u0645\u0646 \u062a\u0648\u0632\u064a\u0639\u0627\u064b \u0645\u062a\u0633\u0627\u0648\u064a\u0627\u064b \u0644\u0644\u0641\u0644\u0627\u062a\u0631 \u0648\u062a\u0631\u0637\u064a\u0628\u0627\u064b \u0645\u0633\u062a\u0645\u0631\u0627\u064b \u0644\u0644\u0628\u0634\u0631\u0629.<br \/>\n* \u0645\u0642\u0627\u0648\u0645\u0629 \u0639\u0627\u0644\u064a\u0629: \u0645\u0642\u0627\u0648\u0645 \u062c\u062f\u0627\u064b \u0644\u0644\u0645\u0627\u0621 (\u0627\u0644\u0639\u0630\u0628 \u0648\u0627\u0644\u0645\u0627\u0644\u062d) \u0648\u0644\u0644\u0639\u0631\u0642.<br \/>\n* \u0631\u0627\u062d\u0629 \u0641\u064a \u0627\u0644\u0627\u0633\u062a\u062e\u062f\u0627\u0645:\u00a0 \u063a\u064a\u0631 \u062f\u0647\u0646\u064a \u0648\u0644\u0627 \u064a\u062a\u0631\u0643 \u0645\u0644\u0645\u0633\u0627\u064b \u0644\u0632\u062c\u0627\u064b.<\/p>\n<\/div>\n<\/div>\n<section class=\"related products\">\n<h2 style=\"text-align: right;\"><\/h2>\n<\/section>\n","protected":false},"excerpt":{"rendered":"<p>Le lait solaire Daylong Extreme offre une protection de tr\u00e8s haute pr\u00e9cision contre les rayons UVA et UVB. Sa formulation liposomale unique permet aux filtres solaires de p\u00e9n\u00e9trer l\u00e0 o\u00f9 [&hellip;]<\/p>\n","protected":false},"featured_media":75,"comment_status":"open","ping_status":"closed","template":"","meta":[],"product_brand":[],"product_cat":[15],"product_tag":[],"class_list":{"0":"post-74","1":"product","2":"type-product","3":"status-publish","4":"has-post-thumbnail","6":"product_cat-non-classe","8":"first","9":"instock","10":"shipping-taxable","11":"purchasable","12":"product-type-simple"},"_links":{"self":[{"href":"https:\/\/dermavita.tn\/index.php?rest_route=\/wp\/v2\/product\/74","targetHints":{"allow":["GET"]}}],"collection":[{"href":"https:\/\/dermavita.tn\/index.php?rest_route=\/wp\/v2\/product"}],"about":[{"href":"https:\/\/dermavita.tn\/index.php?rest_route=\/wp\/v2\/types\/product"}],"replies":[{"embeddable":true,"href":"https:\/\/dermavita.tn\/index.php?rest_route=%2Fwp%2Fv2%2Fcomments&post=74"}],"wp:featuredmedia":[{"embeddable":true,"href":"https:\/\/dermavita.tn\/index.php?rest_route=\/wp\/v2\/media\/75"}],"wp:attachment":[{"href":"https:\/\/dermavita.tn\/index.php?rest_route=%2Fwp%2Fv2%2Fmedia&parent=74"}],"wp:term":[{"taxonomy":"product_brand","embeddable":true,"href":"https:\/\/dermavita.tn\/index.php?rest_route=%2Fwp%2Fv2%2Fproduct_brand&post=74"},{"taxonomy":"product_cat","embeddable":true,"href":"https:\/\/dermavita.tn\/index.php?rest_route=%2Fwp%2Fv2%2Fproduct_cat&post=74"},{"taxonomy":"product_tag","embeddable":true,"href":"https:\/\/dermavita.tn\/index.php?rest_route=%2Fwp%2Fv2%2Fproduct_tag&post=74"}],"curies":[{"name":"wp","href":"https:\/\/api.w.org\/{rel}","templated":true}]}}