{"id":78,"date":"2026-05-06T04:46:15","date_gmt":"2026-05-06T02:46:15","guid":{"rendered":"https:\/\/dermavita.tn\/?post_type=product&#038;p=78"},"modified":"2026-05-12T23:08:07","modified_gmt":"2026-05-12T21:08:07","slug":"avene-ultra-fluid-perfecteur-spf-50-50ml","status":"publish","type":"product","link":"https:\/\/dermavita.tn\/?product=avene-ultra-fluid-perfecteur-spf-50-50ml","title":{"rendered":"Av\u00e8ne &#8211; Ultra Fluid Perfecteur SPF 50+ (50ml)"},"content":{"rendered":"<p style=\"text-align: left;\">L&rsquo;Ultra Fluid Perfecteur d&rsquo;Av\u00e8ne est bien plus qu&rsquo;une simple protection solaire. Ce soin innovant offre une tr\u00e8s haute protection contre les UVA, UVB et la lumi\u00e8re bleue, tout en unifiant le teint pour un effet \u00ab\u00a0bonne mine\u00a0\u00bb imm\u00e9diat.<br \/>\n* Type de peau : Convient parfaitement aux peaux sensibles.<br \/>\n* Action Perfectrice : Teinte universelle qui floute les imperfections et illumine le visage naturellement.<br \/>\n* Texture Ultra-Fluide : Une texture l\u00e9g\u00e8re comme de l&rsquo;eau, non collante, qui p\u00e9n\u00e8tre instantan\u00e9ment pour un fini invisible et mat.<br \/>\n* Haute Protection : SPF 50+ pour une d\u00e9fense optimale contre le photovieillissement et la lumi\u00e8re bleue (HEV).<\/p>\n<p style=\"text-align: right;\">Av\u00e8ne &#8211; Ultra Fluid Perfecteur SPF 50+ (50ml)<\/p>\n<p style=\"text-align: right;\">\u064a\u064f\u0639\u062f \u00ab\u00a0\u0627\u0644\u062a\u0631\u0627 \u0641\u0644\u0648\u064a\u062f \u0628\u064a\u0631\u0641\u0643\u062a\u0648\u0631\u00a0\u00bb \u0645\u0646 \u0623\u0641\u064a\u0646 \u0623\u0643\u062b\u0631 \u0645\u0646 \u0645\u062c\u0631\u062f \u0648\u0627\u0642\u064a \u0634\u0645\u0633\u061b \u0641\u0647\u0648 \u0645\u0646\u062a\u062c \u0645\u0628\u062a\u0643\u0631 \u064a\u0648\u0641\u0631 \u062d\u0645\u0627\u064a\u0629 \u0639\u0627\u0644\u064a\u0629 \u062c\u062f\u0627\u064b \u0636\u062f \u0623\u0634\u0639\u0629 UVA \u0648 UVB \u0648\u0627\u0644\u0636\u0648\u0621 \u0627\u0644\u0623\u0632\u0631\u0642\u060c \u0645\u0639 \u062a\u0648\u062d\u064a\u062f \u0644\u0648\u0646 \u0627\u0644\u0628\u0634\u0631\u0629 \u0644\u0625\u0639\u0637\u0627\u0626\u0647\u0627 \u0645\u0638\u0647\u0631\u0627\u064b \u0645\u0634\u0631\u0642\u0627\u064b \u0648\u0635\u062d\u064a\u0627\u064b \u0641\u0648\u0631\u0627\u064b.<br \/>\n* \u0646\u0648\u0639 \u0627\u0644\u0628\u0634\u0631\u0629: \u0645\u0646\u0627\u0633\u0628 \u062a\u0645\u0627\u0645\u0627\u064b \u0644\u0644\u0628\u0634\u0631\u0629 \u0627\u0644\u062d\u0633\u0627\u0633\u0629.<br \/>\n* \u062a\u0623\u062b\u064a\u0631 \u0645\u0648\u062d\u062f \u0644\u0644\u0628\u0634\u0631\u0629: \u064a\u062d\u062a\u0648\u064a \u0639\u0644\u0649 \u0644\u0648\u0646 \u062e\u0641\u064a\u0641 \u064a\u0646\u0627\u0633\u0628 \u0627\u0644\u062c\u0645\u064a\u0639\u060c \u064a\u062e\u0641\u064a \u0627\u0644\u0639\u064a\u0648\u0628 \u0627\u0644\u0628\u0633\u064a\u0637\u0629 \u0648\u064a\u0645\u0646\u062d \u0627\u0644\u0648\u062c\u0647 \u0625\u0634\u0631\u0627\u0642\u0629 \u0637\u0628\u064a\u0639\u064a\u0629.<br \/>\n* \u0642\u0648\u0627\u0645 \u0633\u0627\u0626\u0644 \u0644\u0644\u063a\u0627\u064a\u0629: \u0645\u0644\u0645\u0633 \u062e\u0641\u064a\u0641 \u062c\u062f\u0627\u064b \u0645\u062b\u0644 \u0627\u0644\u0645\u0627\u0621\u060c \u063a\u064a\u0631 \u0644\u0632\u062c\u060c \u064a\u0645\u062a\u0635\u0647 \u0627\u0644\u062c\u0644\u062f \u0628\u0633\u0631\u0639\u0629 \u0644\u064a\u062a\u0631\u0643 \u0644\u0645\u0633\u0629 \u0646\u0647\u0627\u0626\u064a\u0629 \u063a\u064a\u0631 \u0645\u0631\u0626\u064a\u0629 \u0648\u063a\u064a\u0631 \u0644\u0627\u0645\u0639\u0629.<br \/>\n* \u062d\u0645\u0627\u064a\u0629 \u0639\u0627\u0644\u064a\u0629: \u0645\u0639\u0627\u0645\u0644 \u062d\u0645\u0627\u064a\u0629 SPF 50+ \u0644\u0644\u062f\u0641\u0627\u0639 \u0636\u062f \u0627\u0644\u0634\u064a\u062e\u0648\u062e\u0629 \u0627\u0644\u0645\u0628\u0643\u0631\u0629 \u0648\u0627\u0644\u0636\u0648\u0621 \u0627\u0644\u0623\u0632\u0631\u0642.<\/p>\n","protected":false},"excerpt":{"rendered":"<p>L&rsquo;Ultra Fluid Perfecteur d&rsquo;Av\u00e8ne est bien plus qu&rsquo;une simple protection solaire. Ce soin innovant offre une tr\u00e8s haute protection contre les UVA, UVB et la lumi\u00e8re bleue, tout en unifiant [&hellip;]<\/p>\n","protected":false},"featured_media":79,"comment_status":"open","ping_status":"closed","template":"","meta":[],"product_brand":[],"product_cat":[15],"product_tag":[],"class_list":{"0":"post-78","1":"product","2":"type-product","3":"status-publish","4":"has-post-thumbnail","6":"product_cat-non-classe","8":"first","9":"instock","10":"sale","11":"shipping-taxable","12":"purchasable","13":"product-type-simple"},"_links":{"self":[{"href":"https:\/\/dermavita.tn\/index.php?rest_route=\/wp\/v2\/product\/78","targetHints":{"allow":["GET"]}}],"collection":[{"href":"https:\/\/dermavita.tn\/index.php?rest_route=\/wp\/v2\/product"}],"about":[{"href":"https:\/\/dermavita.tn\/index.php?rest_route=\/wp\/v2\/types\/product"}],"replies":[{"embeddable":true,"href":"https:\/\/dermavita.tn\/index.php?rest_route=%2Fwp%2Fv2%2Fcomments&post=78"}],"wp:featuredmedia":[{"embeddable":true,"href":"https:\/\/dermavita.tn\/index.php?rest_route=\/wp\/v2\/media\/79"}],"wp:attachment":[{"href":"https:\/\/dermavita.tn\/index.php?rest_route=%2Fwp%2Fv2%2Fmedia&parent=78"}],"wp:term":[{"taxonomy":"product_brand","embeddable":true,"href":"https:\/\/dermavita.tn\/index.php?rest_route=%2Fwp%2Fv2%2Fproduct_brand&post=78"},{"taxonomy":"product_cat","embeddable":true,"href":"https:\/\/dermavita.tn\/index.php?rest_route=%2Fwp%2Fv2%2Fproduct_cat&post=78"},{"taxonomy":"product_tag","embeddable":true,"href":"https:\/\/dermavita.tn\/index.php?rest_route=%2Fwp%2Fv2%2Fproduct_tag&post=78"}],"curies":[{"name":"wp","href":"https:\/\/api.w.org\/{rel}","templated":true}]}}