{"id":80,"date":"2026-05-06T04:54:17","date_gmt":"2026-05-06T02:54:17","guid":{"rendered":"https:\/\/dermavita.tn\/?post_type=product&#038;p=80"},"modified":"2026-05-06T04:54:18","modified_gmt":"2026-05-06T02:54:18","slug":"avene-fluide-sport-tres-haute-protection-spf-50-100ml","status":"publish","type":"product","link":"https:\/\/dermavita.tn\/?product=avene-fluide-sport-tres-haute-protection-spf-50-100ml","title":{"rendered":"Av\u00e8ne &#8211; Fluide Sport Tr\u00e8s Haute Protection SPF 50+ (100ml)"},"content":{"rendered":"<p>Le Fluide Sport d&rsquo;Av\u00e8ne est l&rsquo;alli\u00e9 id\u00e9al de tous les sportifs \u00e0 la recherche d&rsquo;une protection solaire fiable et ultra-r\u00e9sistante. Con\u00e7u pour les conditions d&rsquo;effort intense, il offre une protection \u00e0 large spectre contre les UVA et UVB tout en respectant la sensibilit\u00e9 de votre peau.<br \/>\n* Type de peau : Convient parfaitement aux peaux sensibles. Sp\u00e9cialement formul\u00e9 pour le visage et le corps lors des activit\u00e9s sportives.<br \/>\n* Ultra-R\u00e9sistant : Tr\u00e8s r\u00e9sistant \u00e0 l&rsquo;eau et \u00e0 la sueur, il ne coule pas dans les yeux pendant l&rsquo;effort.<br \/>\n* Texture L\u00e9g\u00e8re : Une texture fluide et rafra\u00eechissante qui laisse la peau respirer sans fini gras ou collant.<br \/>\n* Action Antioxydante : Contient un complexe antioxydant unique pour une protection cellulaire globale contre le stress oxydatif.<br \/>\n* Format G\u00e9n\u00e9reux : Un flacon de 100ml pratique pour une utilisation r\u00e9guli\u00e8re sur le visage et les zones expos\u00e9es du corps.<\/p>\n<p style=\"text-align: right;\">\u0627\u0644\u0634\u0631\u064a\u0643 \u0627\u0644\u0645\u062b\u0627\u0644\u064a \u0644\u062c\u0645\u064a\u0639 \u0627\u0644\u0631\u064a\u0627\u0636\u064a\u064a\u0646 \u0627\u0644\u0630\u064a\u0646 \u064a\u0628\u062d\u062b\u0648\u0646 \u0639\u0646 \u062d\u0645\u0627\u064a\u0629 \u0645\u0648\u062b\u0648\u0642\u0629 \u0648\u0641\u0627\u0626\u0642\u0629 \u0627\u0644\u0645\u0642\u0627\u0648\u0645\u0629 \u0645\u0646 \u0627\u0644\u0634\u0645\u0633. \u062a\u0645 \u062a\u0635\u0645\u064a\u0645\u0647 \u0644\u0644\u0638\u0631\u0648\u0641 \u0627\u0644\u0645\u062c\u0647\u062f\u0629\u060c \u0648\u064a\u0648\u0641\u0631 \u062d\u0645\u0627\u064a\u0629 \u0648\u0627\u0633\u0639\u0629 \u0627\u0644\u0637\u064a\u0641 \u0636\u062f \u0623\u0634\u0639\u0629 UVA \u0648 UVB \u0645\u0639 \u0645\u0631\u0627\u0639\u0627\u0629 \u062d\u0633\u0627\u0633\u064a\u0629 \u0628\u0634\u0631\u062a\u0643.<br \/>\n* \u0646\u0648\u0639 \u0627\u0644\u0628\u0634\u0631\u0629: \u0645\u0646\u0627\u0633\u0628 \u062a\u0645\u0627\u0645\u0627\u064b \u0644\u0644\u0628\u0634\u0631\u0629 \u0627\u0644\u062d\u0633\u0627\u0633\u0629. \u0645\u0635\u0645\u0645 \u062e\u0635\u064a\u0635\u0627\u064b \u0644\u0644\u0648\u062c\u0647 \u0648\u0627\u0644\u062c\u0633\u0645 \u0623\u062b\u0646\u0627\u0621 \u0627\u0644\u0623\u0646\u0634\u0637\u0629 \u0627\u0644\u0631\u064a\u0627\u0636\u064a\u0629.<br \/>\n* \u0645\u0642\u0627\u0648\u0645\u0629 \u0641\u0627\u0626\u0642\u0629: \u0645\u0642\u0627\u0648\u0645 \u062c\u062f\u0627\u064b \u0644\u0644\u0645\u0627\u0621 \u0648\u0627\u0644\u0639\u0631\u0642\u060c \u0648\u0644\u0627 \u064a\u0633\u064a\u0644 \u0641\u064a \u0627\u0644\u0639\u064a\u0646\u064a\u0646 \u0623\u062b\u0646\u0627\u0621 \u0645\u0645\u0627\u0631\u0633\u0629 \u0627\u0644\u0631\u064a\u0627\u0636\u0629.<br \/>\n* \u0642\u0648\u0627\u0645 \u062e\u0641\u064a\u0641: \u0645\u0644\u0645\u0633 \u0633\u0627\u0626\u0644 \u0648\u0645\u0646\u0639\u0634 \u064a\u0633\u0645\u062d \u0644\u0644\u0628\u0634\u0631\u0629 \u0628\u0627\u0644\u062a\u0646\u0641\u0633 \u062f\u0648\u0646 \u062a\u0631\u0643 \u0623\u062b\u0631 \u062f\u0647\u0646\u064a \u0623\u0648 \u0645\u0644\u0645\u0633 \u0644\u0632\u062c.<br \/>\n* \u0645\u0636\u0627\u062f \u0644\u0644\u0623\u0643\u0633\u062f\u0629: \u064a\u062d\u062a\u0648\u064a \u0639\u0644\u0649 \u0645\u0631\u0643\u0628 \u0645\u0636\u0627\u062f \u0644\u0644\u0623\u0643\u0633\u062f\u0629 \u0644\u062d\u0645\u0627\u064a\u0629 \u062e\u0644\u0627\u064a\u0627 \u0627\u0644\u0628\u0634\u0631\u0629 \u0645\u0646 \u0627\u0644\u0625\u062c\u0647\u0627\u062f \u0627\u0644\u062a\u0623\u0643\u0633\u062f\u064a.<br \/>\n* \u062d\u062c\u0645 \u0639\u0645\u0644\u064a: \u0639\u0628\u0648\u0629 \u0633\u0639\u0629 100 \u0645\u0644 \u0633\u0647\u0644\u0629 \u0627\u0644\u0627\u0633\u062a\u062e\u062f\u0627\u0645 \u0644\u0644\u0648\u062c\u0647 \u0648\u0627\u0644\u0645\u0646\u0627\u0637\u0642 \u0627\u0644\u0645\u0643\u0634\u0648\u0641\u0629 \u0645\u0646 \u0627\u0644\u062c\u0633\u0645.<\/p>\n","protected":false},"excerpt":{"rendered":"<p>Le Fluide Sport d&rsquo;Av\u00e8ne est l&rsquo;alli\u00e9 id\u00e9al de tous les sportifs \u00e0 la recherche d&rsquo;une protection solaire fiable et ultra-r\u00e9sistante. Con\u00e7u pour les conditions d&rsquo;effort intense, il offre une protection [&hellip;]<\/p>\n","protected":false},"featured_media":81,"comment_status":"open","ping_status":"closed","template":"","meta":[],"product_brand":[],"product_cat":[15],"product_tag":[],"class_list":{"0":"post-80","1":"product","2":"type-product","3":"status-publish","4":"has-post-thumbnail","6":"product_cat-non-classe","8":"first","9":"instock","10":"sale","11":"shipping-taxable","12":"purchasable","13":"product-type-simple"},"_links":{"self":[{"href":"https:\/\/dermavita.tn\/index.php?rest_route=\/wp\/v2\/product\/80","targetHints":{"allow":["GET"]}}],"collection":[{"href":"https:\/\/dermavita.tn\/index.php?rest_route=\/wp\/v2\/product"}],"about":[{"href":"https:\/\/dermavita.tn\/index.php?rest_route=\/wp\/v2\/types\/product"}],"replies":[{"embeddable":true,"href":"https:\/\/dermavita.tn\/index.php?rest_route=%2Fwp%2Fv2%2Fcomments&post=80"}],"wp:featuredmedia":[{"embeddable":true,"href":"https:\/\/dermavita.tn\/index.php?rest_route=\/wp\/v2\/media\/81"}],"wp:attachment":[{"href":"https:\/\/dermavita.tn\/index.php?rest_route=%2Fwp%2Fv2%2Fmedia&parent=80"}],"wp:term":[{"taxonomy":"product_brand","embeddable":true,"href":"https:\/\/dermavita.tn\/index.php?rest_route=%2Fwp%2Fv2%2Fproduct_brand&post=80"},{"taxonomy":"product_cat","embeddable":true,"href":"https:\/\/dermavita.tn\/index.php?rest_route=%2Fwp%2Fv2%2Fproduct_cat&post=80"},{"taxonomy":"product_tag","embeddable":true,"href":"https:\/\/dermavita.tn\/index.php?rest_route=%2Fwp%2Fv2%2Fproduct_tag&post=80"}],"curies":[{"name":"wp","href":"https:\/\/api.w.org\/{rel}","templated":true}]}}