{"id":87,"date":"2026-05-06T05:27:26","date_gmt":"2026-05-06T03:27:26","guid":{"rendered":"https:\/\/dermavita.tn\/?post_type=product&#038;p=87"},"modified":"2026-05-06T05:27:26","modified_gmt":"2026-05-06T03:27:26","slug":"la-roche-posay-lipikar-huile-lavante-ap-400ml","status":"publish","type":"product","link":"https:\/\/dermavita.tn\/?product=la-roche-posay-lipikar-huile-lavante-ap-400ml","title":{"rendered":"La Roche-Posay \u2013 Lipikar Huile Lavante AP+ (400ml)"},"content":{"rendered":"<p>Une huile lavante relipidante qui nettoie la peau en douceur tout en r\u00e9duisant les irritations et les d\u00e9mangeaisons. Elle restaure la barri\u00e8re cutan\u00e9e d\u00e8s la douche.<br \/>\n* Type de peau : Peaux s\u00e8ches \u00e0 tr\u00e8s s\u00e8ches, tendance atopique.<br \/>\n* B\u00e9n\u00e9fices : Anti-grattage et anti-irritation. Hydrate intens\u00e9ment.<\/p>\n<p style=\"text-align: right;\">\u0632\u064a\u062a \u0645\u0646\u0638\u0641 \u064a\u0639\u0645\u0644 \u0639\u0644\u0649 \u062a\u0639\u0648\u064a\u0636 \u0646\u0642\u0635 \u0627\u0644\u062f\u0647\u0648\u0646 \u0641\u064a \u0627\u0644\u0628\u0634\u0631\u0629\u060c \u064a\u0646\u0638\u0641 \u0628\u0644\u0637\u0641 \u0648\u064a\u0642\u0644\u0644 \u0645\u0646 \u0627\u0644\u062d\u0643\u0629 \u0648\u0627\u0644\u062a\u0647\u064a\u062c. \u064a\u0633\u062a\u0639\u064a\u062f \u062d\u0627\u062c\u0632 \u0627\u0644\u0628\u0634\u0631\u0629 \u0627\u0644\u0648\u0627\u0642\u064a \u0623\u062b\u0646\u0627\u0621 \u0627\u0644\u0627\u0633\u062a\u062d\u0645\u0627\u0645.<br \/>\n* \u0646\u0648\u0639 \u0627\u0644\u0628\u0634\u0631\u0629: \u0627\u0644\u062c\u0627\u0641\u0629 \u062c\u062f\u0627\u064b \u0648\u0627\u0644\u0645\u0639\u0631\u0636\u0629 \u0644\u0644\u0623\u0643\u0632\u064a\u0645\u0627.<br \/>\n* \u0627\u0644\u0645\u0645\u064a\u0632\u0627\u062a: \u0645\u0636\u0627\u062f \u0644\u0644\u062d\u0643\u0629 \u0648\u0627\u0644\u062a\u0647\u064a\u062c. \u062a\u0631\u0637\u064a\u0628 \u0639\u0645\u064a\u0642 \u064a\u062f\u0648\u0645 \u0637\u0648\u064a\u0644\u0627\u064b.<\/p>\n","protected":false},"excerpt":{"rendered":"<p>Une huile lavante relipidante qui nettoie la peau en douceur tout en r\u00e9duisant les irritations et les d\u00e9mangeaisons. Elle restaure la barri\u00e8re cutan\u00e9e d\u00e8s la douche. * Type de peau [&hellip;]<\/p>\n","protected":false},"featured_media":88,"comment_status":"open","ping_status":"closed","template":"","meta":[],"product_brand":[],"product_cat":[17],"product_tag":[],"class_list":{"0":"post-87","1":"product","2":"type-product","3":"status-publish","4":"has-post-thumbnail","6":"product_cat-nettoyage-du-visage","8":"first","9":"instock","10":"sale","11":"shipping-taxable","12":"purchasable","13":"product-type-simple"},"_links":{"self":[{"href":"https:\/\/dermavita.tn\/index.php?rest_route=\/wp\/v2\/product\/87","targetHints":{"allow":["GET"]}}],"collection":[{"href":"https:\/\/dermavita.tn\/index.php?rest_route=\/wp\/v2\/product"}],"about":[{"href":"https:\/\/dermavita.tn\/index.php?rest_route=\/wp\/v2\/types\/product"}],"replies":[{"embeddable":true,"href":"https:\/\/dermavita.tn\/index.php?rest_route=%2Fwp%2Fv2%2Fcomments&post=87"}],"wp:featuredmedia":[{"embeddable":true,"href":"https:\/\/dermavita.tn\/index.php?rest_route=\/wp\/v2\/media\/88"}],"wp:attachment":[{"href":"https:\/\/dermavita.tn\/index.php?rest_route=%2Fwp%2Fv2%2Fmedia&parent=87"}],"wp:term":[{"taxonomy":"product_brand","embeddable":true,"href":"https:\/\/dermavita.tn\/index.php?rest_route=%2Fwp%2Fv2%2Fproduct_brand&post=87"},{"taxonomy":"product_cat","embeddable":true,"href":"https:\/\/dermavita.tn\/index.php?rest_route=%2Fwp%2Fv2%2Fproduct_cat&post=87"},{"taxonomy":"product_tag","embeddable":true,"href":"https:\/\/dermavita.tn\/index.php?rest_route=%2Fwp%2Fv2%2Fproduct_tag&post=87"}],"curies":[{"name":"wp","href":"https:\/\/api.w.org\/{rel}","templated":true}]}}