{"id":91,"date":"2026-05-06T05:37:37","date_gmt":"2026-05-06T03:37:37","guid":{"rendered":"https:\/\/dermavita.tn\/?post_type=product&#038;p=91"},"modified":"2026-05-06T05:37:37","modified_gmt":"2026-05-06T03:37:37","slug":"bioderma-abcderm-hydratant-lait-douceur-200ml","status":"publish","type":"product","link":"https:\/\/dermavita.tn\/?product=bioderma-abcderm-hydratant-lait-douceur-200ml","title":{"rendered":"Bioderma &#8211; ABCDerm Hydratant Lait Douceur (200ml)"},"content":{"rendered":"<p>Un lait protecteur qui hydrate, prot\u00e8ge et adoucit la peau d\u00e9licate des tout-petits. Sa texture fra\u00eeche et fondante apporte un confort imm\u00e9diat tout en respectant la barri\u00e8re cutan\u00e9e.<br \/>\n* Type de peau : Peaux d\u00e9licates et sensibles des b\u00e9b\u00e9s et des enfants.<br \/>\n* B\u00e9n\u00e9fices : Hydratation durable, renforce la barri\u00e8re cutan\u00e9e et adoucit la peau.<br \/>\n* Usage : Visage et corps. Haute s\u00e9curit\u00e9 dermatologique, sans paraben et hypoallerg\u00e9nique.<\/p>\n<p style=\"text-align: right;\">\u064a\u0639\u0645\u0644 \u0639\u0644\u0649 \u062a\u0631\u0637\u064a\u0628 \u0648\u062d\u0645\u0627\u064a\u0629 \u0648\u062a\u0646\u0639\u064a\u0645 \u0628\u0634\u0631\u0629 \u0627\u0644\u0623\u0637\u0641\u0627\u0644 \u0627\u0644\u0631\u0642\u064a\u0642\u0629. \u064a\u062a\u0645\u064a\u0632 \u0628\u0642\u0648\u0627\u0645 \u0645\u0646\u0639\u0634 \u064a\u0645\u0646\u062d \u0631\u0627\u062d\u0629 \u0641\u0648\u0631\u064a\u0629 \u0645\u0639 \u0627\u062d\u062a\u0631\u0627\u0645 \u0627\u0644\u062a\u0648\u0627\u0632\u0646 \u0627\u0644\u0637\u0628\u064a\u0639\u064a \u0644\u0628\u0634\u0631\u0629 \u0627\u0644\u0637\u0641\u0644.<br \/>\n* \u0646\u0648\u0639 \u0627\u0644\u0628\u0634\u0631\u0629: \u0628\u0634\u0631\u0629 \u0627\u0644\u0631\u0636\u0639 \u0648\u0627\u0644\u0623\u0637\u0641\u0627\u0644 \u0627\u0644\u062d\u0633\u0627\u0633\u0629 \u0648\u0627\u0644\u0631\u0642\u064a\u0642\u0629.<br \/>\n* \u0627\u0644\u0645\u0645\u064a\u0632\u0627\u062a: \u062a\u0631\u0637\u064a\u0628 \u064a\u062f\u0648\u0645 \u0637\u0648\u064a\u0644\u0627\u064b\u060c \u064a\u0642\u0648\u064a \u062d\u0627\u062c\u0632 \u0627\u0644\u0628\u0634\u0631\u0629 \u0648\u064a\u062c\u0639\u0644\u0647\u0627 \u0646\u0627\u0639\u0645\u0629.<br \/>\n* \u0627\u0644\u0627\u0633\u062a\u062e\u062f\u0627\u0645: \u0644\u0644\u0648\u062c\u0647 \u0648\u0627\u0644\u062c\u0633\u0645. \u0622\u0645\u0646 \u0637\u0628\u064a\u0627\u064b\u060c \u062e\u0627\u0644\u064a \u0645\u0646 \u0627\u0644\u0628\u0627\u0631\u0627\u0628\u064a\u0646 \u0648\u0645\u0636\u0627\u062f \u0644\u0644\u062d\u0633\u0627\u0633\u064a\u0629.<\/p>\n","protected":false},"excerpt":{"rendered":"<p>Un lait protecteur qui hydrate, prot\u00e8ge et adoucit la peau d\u00e9licate des tout-petits. Sa texture fra\u00eeche et fondante apporte un confort imm\u00e9diat tout en respectant la barri\u00e8re cutan\u00e9e. * Type [&hellip;]<\/p>\n","protected":false},"featured_media":92,"comment_status":"open","ping_status":"closed","template":"","meta":[],"product_brand":[],"product_cat":[18],"product_tag":[],"class_list":{"0":"post-91","1":"product","2":"type-product","3":"status-publish","4":"has-post-thumbnail","6":"product_cat-hydratation-reparation","8":"first","9":"instock","10":"sale","11":"shipping-taxable","12":"purchasable","13":"product-type-simple"},"_links":{"self":[{"href":"https:\/\/dermavita.tn\/index.php?rest_route=\/wp\/v2\/product\/91","targetHints":{"allow":["GET"]}}],"collection":[{"href":"https:\/\/dermavita.tn\/index.php?rest_route=\/wp\/v2\/product"}],"about":[{"href":"https:\/\/dermavita.tn\/index.php?rest_route=\/wp\/v2\/types\/product"}],"replies":[{"embeddable":true,"href":"https:\/\/dermavita.tn\/index.php?rest_route=%2Fwp%2Fv2%2Fcomments&post=91"}],"wp:featuredmedia":[{"embeddable":true,"href":"https:\/\/dermavita.tn\/index.php?rest_route=\/wp\/v2\/media\/92"}],"wp:attachment":[{"href":"https:\/\/dermavita.tn\/index.php?rest_route=%2Fwp%2Fv2%2Fmedia&parent=91"}],"wp:term":[{"taxonomy":"product_brand","embeddable":true,"href":"https:\/\/dermavita.tn\/index.php?rest_route=%2Fwp%2Fv2%2Fproduct_brand&post=91"},{"taxonomy":"product_cat","embeddable":true,"href":"https:\/\/dermavita.tn\/index.php?rest_route=%2Fwp%2Fv2%2Fproduct_cat&post=91"},{"taxonomy":"product_tag","embeddable":true,"href":"https:\/\/dermavita.tn\/index.php?rest_route=%2Fwp%2Fv2%2Fproduct_tag&post=91"}],"curies":[{"name":"wp","href":"https:\/\/api.w.org\/{rel}","templated":true}]}}