{"id":93,"date":"2026-05-06T05:42:36","date_gmt":"2026-05-06T03:42:36","guid":{"rendered":"https:\/\/dermavita.tn\/?post_type=product&#038;p=93"},"modified":"2026-05-06T05:42:36","modified_gmt":"2026-05-06T03:42:36","slug":"la-roche-posay-cicaplast-baume-b5-100ml","status":"publish","type":"product","link":"https:\/\/dermavita.tn\/?product=la-roche-posay-cicaplast-baume-b5-100ml","title":{"rendered":"La Roche-Posay &#8211; Cicaplast Baume B5+ (100ml)"},"content":{"rendered":"<p>Un baume ultra-r\u00e9parateur et apaisant qui acc\u00e9l\u00e8re la cicatrisation de la peau. Sa formule enrichie en Mad\u00e9cassoside et Panth\u00e9nol r\u00e9pare la barri\u00e8re cutan\u00e9e tout en soulageant imm\u00e9diatement les zones irrit\u00e9es.<br \/>\n* Type de peau : Peaux irrit\u00e9es, gerc\u00e9es, ou ayant subi des \u00e9chauffements cutan\u00e9s superficiels.<br \/>\n* B\u00e9n\u00e9fices : Acc\u00e9l\u00e8re la r\u00e9paration, renforce la barri\u00e8re cutan\u00e9e et apaise les sensations de br\u00fblure.<\/p>\n<p style=\"text-align: right;\">\u0641\u0627\u0626\u0642 \u0627\u0644\u0625\u0635\u0644\u0627\u062d \u0648\u0627\u0644\u0647\u062f\u0648\u0621 \u064a\u0639\u0645\u0644 \u0639\u0644\u0649 \u062a\u0633\u0631\u064a\u0639 \u0627\u0644\u062a\u0626\u0627\u0645 \u0627\u0644\u062c\u0644\u062f. \u062a\u0631\u0643\u064a\u0628\u062a\u0647 \u0627\u0644\u063a\u0646\u064a\u0629 \u0628\u0627\u0644\u0640 \u00ab\u00a0\u0645\u0627\u062f\u064a\u0643\u0627\u0633\u0648\u0633\u064a\u062f\u00a0\u00bb \u0648\u0627\u0644\u0640 \u00ab\u00a0\u0628\u0627\u0646\u062b\u064a\u0646\u0648\u0644\u00a0\u00bb \u062a\u0631\u0645\u0645 \u062d\u0627\u062c\u0632 \u0627\u0644\u0628\u0634\u0631\u0629 \u0648\u062a\u062e\u0641\u0641 \u0641\u0648\u0631\u0627\u064b \u0645\u0646 \u062a\u0647\u064a\u062c \u0627\u0644\u0645\u0646\u0627\u0637\u0642 \u0627\u0644\u0645\u062a\u0636\u0631\u0631\u0629.<br \/>\n* \u0646\u0648\u0639 \u0627\u0644\u0628\u0634\u0631\u0629: \u0627\u0644\u0628\u0634\u0631\u0629 \u0627\u0644\u0645\u062a\u0647\u064a\u062c\u0629\u060c \u0627\u0644\u0645\u062a\u0634\u0642\u0642\u0629\u060c \u0623\u0648 \u0627\u0644\u062a\u064a \u062a\u0639\u0627\u0646\u064a \u0645\u0646 \u062d\u0631\u0648\u0642 \u0633\u0637\u062d\u064a\u0629.<br \/>\n* \u0627\u0644\u0645\u0645\u064a\u0632\u0627\u062a: \u064a\u0633\u0631\u0639 \u0639\u0645\u0644\u064a\u0629 \u0627\u0644\u0625\u0635\u0644\u0627\u062d\u060c \u064a\u0642\u0648\u064a \u062d\u0627\u062c\u0632 \u0627\u0644\u062c\u0644\u062f\u060c \u0648\u064a\u0647\u062f\u0626 \u0627\u0644\u0625\u062d\u0633\u0627\u0633 \u0628\u0627\u0644\u0648\u062e\u0632 \u0623\u0648 \u0627\u0644\u062d\u0631\u0642.<\/p>\n","protected":false},"excerpt":{"rendered":"<p>Un baume ultra-r\u00e9parateur et apaisant qui acc\u00e9l\u00e8re la cicatrisation de la peau. Sa formule enrichie en Mad\u00e9cassoside et Panth\u00e9nol r\u00e9pare la barri\u00e8re cutan\u00e9e tout en soulageant imm\u00e9diatement les zones irrit\u00e9es. [&hellip;]<\/p>\n","protected":false},"featured_media":94,"comment_status":"open","ping_status":"closed","template":"","meta":[],"product_brand":[],"product_cat":[18],"product_tag":[],"class_list":{"0":"post-93","1":"product","2":"type-product","3":"status-publish","4":"has-post-thumbnail","6":"product_cat-hydratation-reparation","8":"first","9":"instock","10":"sale","11":"shipping-taxable","12":"purchasable","13":"product-type-simple"},"_links":{"self":[{"href":"https:\/\/dermavita.tn\/index.php?rest_route=\/wp\/v2\/product\/93","targetHints":{"allow":["GET"]}}],"collection":[{"href":"https:\/\/dermavita.tn\/index.php?rest_route=\/wp\/v2\/product"}],"about":[{"href":"https:\/\/dermavita.tn\/index.php?rest_route=\/wp\/v2\/types\/product"}],"replies":[{"embeddable":true,"href":"https:\/\/dermavita.tn\/index.php?rest_route=%2Fwp%2Fv2%2Fcomments&post=93"}],"wp:featuredmedia":[{"embeddable":true,"href":"https:\/\/dermavita.tn\/index.php?rest_route=\/wp\/v2\/media\/94"}],"wp:attachment":[{"href":"https:\/\/dermavita.tn\/index.php?rest_route=%2Fwp%2Fv2%2Fmedia&parent=93"}],"wp:term":[{"taxonomy":"product_brand","embeddable":true,"href":"https:\/\/dermavita.tn\/index.php?rest_route=%2Fwp%2Fv2%2Fproduct_brand&post=93"},{"taxonomy":"product_cat","embeddable":true,"href":"https:\/\/dermavita.tn\/index.php?rest_route=%2Fwp%2Fv2%2Fproduct_cat&post=93"},{"taxonomy":"product_tag","embeddable":true,"href":"https:\/\/dermavita.tn\/index.php?rest_route=%2Fwp%2Fv2%2Fproduct_tag&post=93"}],"curies":[{"name":"wp","href":"https:\/\/api.w.org\/{rel}","templated":true}]}}