{"id":98,"date":"2026-05-06T22:24:28","date_gmt":"2026-05-06T20:24:28","guid":{"rendered":"https:\/\/dermavita.tn\/?post_type=product&#038;p=98"},"modified":"2026-05-06T22:24:28","modified_gmt":"2026-05-06T20:24:28","slug":"acm-sebionex-gel-nettoyant-purifiant-200ml","status":"publish","type":"product","link":"https:\/\/dermavita.tn\/?product=acm-sebionex-gel-nettoyant-purifiant-200ml","title":{"rendered":"ACM S\u00e9bionex \u2013 Gel Nettoyant Purifiant (200ml)"},"content":{"rendered":"<p>Le gel nettoyant id\u00e9al pour les peaux grasses et \u00e0 imperfections. Il nettoie en profondeur, \u00e9limine l\u2019exc\u00e8s de s\u00e9bum et purifie l\u2019\u00e9piderme sans dess\u00e9cher la peau.<br \/>\n* Atout : Sans savon, respecte l&rsquo;\u00e9quilibre cutan\u00e9.<\/p>\n<p style=\"text-align: right;\">\u0627\u0644\u0645\u0646\u0638\u0641 \u0627\u0644\u0623\u0645\u062b\u0644 \u0644\u0644\u0634\u0631\u0629 \u0627\u0644\u062f\u0647\u0646\u064a\u0629 \u0648\u0627\u0644\u0645\u0635\u0627\u0628\u0629 \u0628\u0627\u0644\u0639\u064a\u0648\u0628. \u064a\u0646\u0638\u0641 \u0628\u0639\u0645\u0642\u060c \u064a\u0632\u064a\u0644 \u0627\u0644\u062f\u0647\u0648\u0646 \u0627\u0644\u0632\u0627\u0626\u062f\u0629 \u0648\u064a\u0646\u0642\u064a \u0627\u0644\u0628\u0634\u0631\u0629 \u062f\u0648\u0646 \u0623\u0646 \u064a\u062a\u0633\u0628\u0628 \u0641\u064a \u062c\u0641\u0627\u0641\u0647\u0627.<\/p>\n<p style=\"text-align: right;\">\u0627\u0644\u0645\u064a\u0632\u0629: \u062e\u0627\u0644\u064a \u0645\u0646 \u0627\u0644\u0635\u0627\u0628\u0648\u0646 \u0648\u064a\u062d\u0627\u0641\u0638 \u0639\u0644\u0649 \u062a\u0648\u0627\u0632\u0646 \u0627\u0644\u0628\u0634\u0631\u0629.<\/p>\n","protected":false},"excerpt":{"rendered":"<p>Le gel nettoyant id\u00e9al pour les peaux grasses et \u00e0 imperfections. Il nettoie en profondeur, \u00e9limine l\u2019exc\u00e8s de s\u00e9bum et purifie l\u2019\u00e9piderme sans dess\u00e9cher la peau. * Atout : Sans [&hellip;]<\/p>\n","protected":false},"featured_media":99,"comment_status":"open","ping_status":"closed","template":"","meta":[],"product_brand":[],"product_cat":[17],"product_tag":[],"class_list":{"0":"post-98","1":"product","2":"type-product","3":"status-publish","4":"has-post-thumbnail","6":"product_cat-nettoyage-du-visage","8":"first","9":"instock","10":"sale","11":"shipping-taxable","12":"purchasable","13":"product-type-simple"},"_links":{"self":[{"href":"https:\/\/dermavita.tn\/index.php?rest_route=\/wp\/v2\/product\/98","targetHints":{"allow":["GET"]}}],"collection":[{"href":"https:\/\/dermavita.tn\/index.php?rest_route=\/wp\/v2\/product"}],"about":[{"href":"https:\/\/dermavita.tn\/index.php?rest_route=\/wp\/v2\/types\/product"}],"replies":[{"embeddable":true,"href":"https:\/\/dermavita.tn\/index.php?rest_route=%2Fwp%2Fv2%2Fcomments&post=98"}],"wp:featuredmedia":[{"embeddable":true,"href":"https:\/\/dermavita.tn\/index.php?rest_route=\/wp\/v2\/media\/99"}],"wp:attachment":[{"href":"https:\/\/dermavita.tn\/index.php?rest_route=%2Fwp%2Fv2%2Fmedia&parent=98"}],"wp:term":[{"taxonomy":"product_brand","embeddable":true,"href":"https:\/\/dermavita.tn\/index.php?rest_route=%2Fwp%2Fv2%2Fproduct_brand&post=98"},{"taxonomy":"product_cat","embeddable":true,"href":"https:\/\/dermavita.tn\/index.php?rest_route=%2Fwp%2Fv2%2Fproduct_cat&post=98"},{"taxonomy":"product_tag","embeddable":true,"href":"https:\/\/dermavita.tn\/index.php?rest_route=%2Fwp%2Fv2%2Fproduct_tag&post=98"}],"curies":[{"name":"wp","href":"https:\/\/api.w.org\/{rel}","templated":true}]}}